{"id":28012,"date":"2026-01-09T05:59:22","date_gmt":"2026-01-09T05:59:22","guid":{"rendered":"https:\/\/jiclcd.com\/?page_id=28012"},"modified":"2026-01-09T06:08:22","modified_gmt":"2026-01-09T06:08:22","slug":"technical-documentation","status":"publish","type":"page","link":"https:\/\/jiclcd.com\/ja\/technical-documentation\/","title":{"rendered":"\u6280\u8853\u6587\u66f8"},"content":{"rendered":"<div data-elementor-type=\"wp-page\" data-elementor-id=\"28012\" class=\"elementor elementor-28012\" data-elementor-settings=\"{&quot;ha_cmc_init_switcher&quot;:&quot;no&quot;}\" data-elementor-post-type=\"page\">\n\t\t\t\t\t\t<section class=\"elementor-section elementor-top-section elementor-element elementor-element-fbba068 elementor-section-boxed elementor-section-height-default elementor-section-height-default\" data-id=\"fbba068\" data-element_type=\"section\" data-settings=\"{&quot;background_background&quot;:&quot;classic&quot;,&quot;_ha_eqh_enable&quot;:false}\">\n\t\t\t\t\t\t\t<div class=\"elementor-background-overlay\"><\/div>\n\t\t\t\t\t\t\t<div class=\"elementor-container elementor-column-gap-default\">\n\t\t\t\t\t<div class=\"elementor-column elementor-col-100 elementor-top-column elementor-element elementor-element-722709f3\" data-id=\"722709f3\" data-element_type=\"column\">\n\t\t\t<div class=\"elementor-widget-wrap elementor-element-populated\">\n\t\t\t\t\t\t<div class=\"elementor-element elementor-element-a3693ae elementor-widget elementor-widget-heading\" data-id=\"a3693ae\" data-element_type=\"widget\" data-widget_type=\"heading.default\">\n\t\t\t\t<div class=\"elementor-widget-container\">\n\t\t\t\t\t<h1 class=\"elementor-heading-title elementor-size-default\">\u30c7\u30a3\u30b9\u30d7\u30ec\u30a4\u30b9\u30af\u30ea\u30fc\u30f3\u88fd\u54c1\u6280\u8853\u8cc7\u6599\u30c0\u30a6\u30f3\u30ed\u30fc\u30c9<\/h1>\t\t\t\t<\/div>\n\t\t\t\t<\/div>\n\t\t\t\t\t<\/div>\n\t\t<\/div>\n\t\t\t\t\t<\/div>\n\t\t<\/section>\n\t\t<div class=\"elementor-element elementor-element-e622194 e-flex e-con-boxed e-con e-parent\" data-id=\"e622194\" data-element_type=\"container\" data-settings=\"{&quot;_ha_eqh_enable&quot;:false}\">\n\t\t\t\t\t<div class=\"e-con-inner\">\n\t\t\t\t<div class=\"elementor-element elementor-element-1d6b1c8 elementor-widget elementor-widget-heading\" data-id=\"1d6b1c8\" data-element_type=\"widget\" data-widget_type=\"heading.default\">\n\t\t\t\t<div class=\"elementor-widget-container\">\n\t\t\t\t\t<h2 class=\"elementor-heading-title elementor-size-default\">TFT LCD\u30e2\u30b8\u30e5\u30fc\u30eb\u88fd\u54c1\u6280\u8853\u8cc7\u6599\u30c0\u30a6\u30f3\u30ed\u30fc\u30c9<\/h2>\t\t\t\t<\/div>\n\t\t\t\t<\/div>\n\t\t\t\t<div class=\"elementor-element elementor-element-35ffc4b elementor-widget elementor-widget-ha-pdf-view happy-addon ha-pdf-view\" data-id=\"35ffc4b\" data-element_type=\"widget\" data-widget_type=\"ha-pdf-view.default\">\n\t\t\t\t<div class=\"elementor-widget-container\">\n\t\t\t\t\t        <div class=\"pdf_viewer_container\">\n            <div class=\"pdf_viewer_options viewer-35ffc4b\" data-pdf-settings=\"{&quot;unique_id&quot;:&quot;viewer-35ffc4b&quot;,&quot;pdf_url&quot;:&quot;https:\\\/\\\/jiclcd.com\\\/wp-content\\\/uploads\\\/2025\\\/11\\\/FULL-SPEC-RT012T4I-A1.pdf&quot;,&quot;file_type&quot;:&quot;upload_file&quot;,&quot;page_number&quot;:&quot;1&quot;,&quot;width&quot;:&quot;100%&quot;,&quot;height&quot;:&quot;400px&quot;}\">\n\t\t\t\t<span class=\"ha-title-flex\">\n\t\t\t\t\t<span class=\"pdf-icon\">\n\t\t\t\t\t\t<i aria-hidden=\"true\" class=\"fas fa-file-pdf\"><\/i>\t\t\t\t\t<\/span>\n\t\t\t\t\t<h2 class=\"ha-pdf-title\">1.22\u30a4\u30f3\u30c1TFT LCD\u30e2\u30b8\u30e5\u30fc\u30eb(24.76\u00d728.35\u00d71.48mm)<\/h2>\t\t\t\t<\/span>\n\t\t\t\t                <div class=\"pdf-button\">\n                <a href=\"https:\/\/jiclcd.com\/wp-content\/uploads\/2025\/11\/FULL-SPEC-RT012T4I-A1.pdf\" class=\"ha-btn\" download title=\"1.22-Inch TFT LCD Module(24.76\u00d728.35\u00d71.48mm)\" data-no-translation=\"\" data-trp-gettext=\"\">Download<\/a>                <\/div>\n            <\/div>\n\n\t\t\t<div>\n\t\t\t\t<div id=\"viewer-35ffc4b\"><\/div>\n\t\t\t<\/div>\n\n        <\/div>\n        \t\t\t\t<\/div>\n\t\t\t\t<\/div>\n\t\t\t\t<div class=\"elementor-element elementor-element-2837714 elementor-widget elementor-widget-ha-pdf-view happy-addon ha-pdf-view\" data-id=\"2837714\" data-element_type=\"widget\" data-widget_type=\"ha-pdf-view.default\">\n\t\t\t\t<div class=\"elementor-widget-container\">\n\t\t\t\t\t        <div class=\"pdf_viewer_container\">\n            <div class=\"pdf_viewer_options viewer-2837714\" data-pdf-settings=\"{&quot;unique_id&quot;:&quot;viewer-2837714&quot;,&quot;pdf_url&quot;:&quot;https:\\\/\\\/jiclcd.com\\\/wp-content\\\/uploads\\\/2025\\\/11\\\/FULL-SPEC-RT088T27I-A1.pdf&quot;,&quot;file_type&quot;:&quot;upload_file&quot;,&quot;page_number&quot;:&quot;1&quot;,&quot;width&quot;:&quot;100%&quot;,&quot;height&quot;:&quot;400px&quot;}\">\n\t\t\t\t<span class=\"ha-title-flex\">\n\t\t\t\t\t<span class=\"pdf-icon\">\n\t\t\t\t\t\t<i aria-hidden=\"true\" class=\"fas fa-file-pdf\"><\/i>\t\t\t\t\t<\/span>\n\t\t\t\t\t<h2 class=\"ha-pdf-title\">8.8\u30a4\u30f3\u30c1TFT LCD\u30e2\u30b8\u30e5\u30fc\u30eb(209.28\u00d778.48mm)<\/h2>\t\t\t\t<\/span>\n\t\t\t\t                <div class=\"pdf-button\">\n                <a href=\"https:\/\/jiclcd.com\/wp-content\/uploads\/2025\/11\/FULL-SPEC-RT088T27I-A1.pdf\" class=\"ha-btn\" download title=\"8.8-Inch TFT LCD Module(209.28\u00d7 78.48 mm)\" data-no-translation=\"\" data-trp-gettext=\"\">Download<\/a>                <\/div>\n            <\/div>\n\n\t\t\t<div>\n\t\t\t\t<div id=\"viewer-2837714\"><\/div>\n\t\t\t<\/div>\n\n        <\/div>\n        \t\t\t\t<\/div>\n\t\t\t\t<\/div>\n\t\t\t\t<div class=\"elementor-element elementor-element-74c5267 elementor-widget elementor-widget-ha-pdf-view happy-addon ha-pdf-view\" data-id=\"74c5267\" data-element_type=\"widget\" data-widget_type=\"ha-pdf-view.default\">\n\t\t\t\t<div class=\"elementor-widget-container\">\n\t\t\t\t\t        <div class=\"pdf_viewer_container\">\n            <div class=\"pdf_viewer_options viewer-74c5267\" data-pdf-settings=\"{&quot;unique_id&quot;:&quot;viewer-74c5267&quot;,&quot;pdf_url&quot;:&quot;https:\\\/\\\/jiclcd.com\\\/wp-content\\\/uploads\\\/2025\\\/11\\\/FULL-SPEC-SG2381B02-2.pdf&quot;,&quot;file_type&quot;:&quot;upload_file&quot;,&quot;page_number&quot;:&quot;1&quot;,&quot;width&quot;:&quot;100%&quot;,&quot;height&quot;:&quot;400px&quot;}\">\n\t\t\t\t<span class=\"ha-title-flex\">\n\t\t\t\t\t<span class=\"pdf-icon\">\n\t\t\t\t\t\t<i aria-hidden=\"true\" class=\"fas fa-file-pdf\"><\/i>\t\t\t\t\t<\/span>\n\t\t\t\t\t<h2 class=\"ha-pdf-title\">23.8\u30a4\u30f3\u30c1TFT LCD\u30e2\u30b8\u30e5\u30fc\u30eb<\/h2>\t\t\t\t<\/span>\n\t\t\t\t                <div class=\"pdf-button\">\n                <a href=\"https:\/\/jiclcd.com\/wp-content\/uploads\/2025\/11\/FULL-SPEC-SG2381B02-2.pdf\" class=\"ha-btn\" download title=\"23.8-inch TFT LCD Module\" data-no-translation=\"\" data-trp-gettext=\"\">Download<\/a>                <\/div>\n            <\/div>\n\n\t\t\t<div>\n\t\t\t\t<div id=\"viewer-74c5267\"><\/div>\n\t\t\t<\/div>\n\n        <\/div>\n        \t\t\t\t<\/div>\n\t\t\t\t<\/div>\n\t\t\t\t<div class=\"elementor-element elementor-element-d44a1da elementor-widget elementor-widget-ha-pdf-view happy-addon ha-pdf-view\" data-id=\"d44a1da\" data-element_type=\"widget\" data-widget_type=\"ha-pdf-view.default\">\n\t\t\t\t<div class=\"elementor-widget-container\">\n\t\t\t\t\t        <div class=\"pdf_viewer_container\">\n            <div class=\"pdf_viewer_options viewer-d44a1da\" data-pdf-settings=\"{&quot;unique_id&quot;:&quot;viewer-d44a1da&quot;,&quot;pdf_url&quot;:&quot;https:\\\/\\\/jiclcd.com\\\/wp-content\\\/uploads\\\/2025\\\/11\\\/FULL-SPEC-MV236FHB-N10.pdf&quot;,&quot;file_type&quot;:&quot;upload_file&quot;,&quot;page_number&quot;:&quot;1&quot;,&quot;width&quot;:&quot;100%&quot;,&quot;height&quot;:&quot;400px&quot;}\">\n\t\t\t\t<span class=\"ha-title-flex\">\n\t\t\t\t\t<span class=\"pdf-icon\">\n\t\t\t\t\t\t<i aria-hidden=\"true\" class=\"fas fa-file-pdf\"><\/i>\t\t\t\t\t<\/span>\n\t\t\t\t\t<h2 class=\"ha-pdf-title\">23.6\u30a4\u30f3\u30c1TFT LCD\u30e2\u30b8\u30e5\u30fc\u30eb<\/h2>\t\t\t\t<\/span>\n\t\t\t\t                <div class=\"pdf-button\">\n                <a href=\"https:\/\/jiclcd.com\/wp-content\/uploads\/2025\/11\/FULL-SPEC-MV236FHB-N10.pdf\" class=\"ha-btn\" download title=\"23.6-inch TFT LCD Module\" data-no-translation=\"\" data-trp-gettext=\"\">Download<\/a>                <\/div>\n            <\/div>\n\n\t\t\t<div>\n\t\t\t\t<div id=\"viewer-d44a1da\"><\/div>\n\t\t\t<\/div>\n\n        <\/div>\n        \t\t\t\t<\/div>\n\t\t\t\t<\/div>\n\t\t\t\t\t<\/div>\n\t\t\t\t<\/div>\n\t\t\t\t<\/div>","protected":false},"excerpt":{"rendered":"<p>Download Display Screen Product Technical Documents TFT LCD Module Product Technical Document Download 1.22-Inch TFT LCD Module(24.76\u00d728.35\u00d71.48mm) Download 8.8-Inch TFT LCD Module(209.28\u00d7 78.48 mm) Download 23.8-inch TFT LCD Module Download 23.6-inch TFT LCD Module Download<\/p>","protected":false},"author":1,"featured_media":0,"parent":0,"menu_order":0,"comment_status":"closed","ping_status":"closed","template":"elementor_header_footer","meta":{"_monsterinsights_skip_tracking":false,"_monsterinsights_sitenote_active":false,"_monsterinsights_sitenote_note":"","_monsterinsights_sitenote_category":0,"footnotes":""},"class_list":["post-28012","page","type-page","status-publish","hentry"],"blocksy_meta":[],"yoast_head":"<!-- This site is optimized with the Yoast SEO plugin v26.4 - https:\/\/yoast.com\/wordpress\/plugins\/seo\/ -->\n<title>TFT LCD Module-OLED-E-Paper Technical Documentation - Jictech<\/title>\n<meta name=\"description\" content=\"JicTech offers previews and downloads of technical specification documents for TFT LCD Modules, OLED Displays, and E-Paper Displays.\" \/>\n<meta name=\"robots\" content=\"index, follow, max-snippet:-1, max-image-preview:large, max-video-preview:-1\" \/>\n<link rel=\"canonical\" href=\"https:\/\/jiclcd.com\/ja\/technical-documentation\/\" \/>\n<meta property=\"og:locale\" content=\"ja_JP\" \/>\n<meta property=\"og:type\" content=\"article\" \/>\n<meta property=\"og:title\" content=\"TFT LCD Module-OLED-E-Paper Technical Documentation - Jictech\" \/>\n<meta property=\"og:description\" content=\"JicTech offers previews and downloads of technical specification documents for TFT LCD Modules, OLED Displays, and E-Paper Displays.\" \/>\n<meta property=\"og:url\" content=\"https:\/\/jiclcd.com\/ja\/technical-documentation\/\" \/>\n<meta property=\"og:site_name\" content=\"Jictech\" \/>\n<meta property=\"article:modified_time\" content=\"2026-01-09T06:08:22+00:00\" \/>\n<meta name=\"twitter:card\" content=\"summary_large_image\" \/>\n<meta name=\"twitter:label1\" content=\"\u63a8\u5b9a\u8aad\u307f\u53d6\u308a\u6642\u9593\" \/>\n\t<meta name=\"twitter:data1\" content=\"1\u5206\" \/>\n<script type=\"application\/ld+json\" class=\"yoast-schema-graph\">{\"@context\":\"https:\/\/schema.org\",\"@graph\":[{\"@type\":\"WebPage\",\"@id\":\"https:\/\/jiclcd.com\/technical-documentation\/\",\"url\":\"https:\/\/jiclcd.com\/technical-documentation\/\",\"name\":\"TFT LCD Module-OLED-E-Paper Technical Documentation - Jictech\",\"isPartOf\":{\"@id\":\"https:\/\/jiclcd.com\/#website\"},\"datePublished\":\"2026-01-09T05:59:22+00:00\",\"dateModified\":\"2026-01-09T06:08:22+00:00\",\"description\":\"JicTech offers previews and downloads of technical specification documents for TFT LCD Modules, OLED Displays, and E-Paper Displays.\",\"breadcrumb\":{\"@id\":\"https:\/\/jiclcd.com\/technical-documentation\/#breadcrumb\"},\"inLanguage\":\"ja\",\"potentialAction\":[{\"@type\":\"ReadAction\",\"target\":[\"https:\/\/jiclcd.com\/technical-documentation\/\"]}]},{\"@type\":\"BreadcrumbList\",\"@id\":\"https:\/\/jiclcd.com\/technical-documentation\/#breadcrumb\",\"itemListElement\":[{\"@type\":\"ListItem\",\"position\":1,\"name\":\"Home\",\"item\":\"https:\/\/jiclcd.com\/\"},{\"@type\":\"ListItem\",\"position\":2,\"name\":\"Technical Documentation\"}]},{\"@type\":\"WebSite\",\"@id\":\"https:\/\/jiclcd.com\/#website\",\"url\":\"https:\/\/jiclcd.com\/\",\"name\":\"Industrial Display Manufacturer | TFT LCD, OLED, E-Paper Modules | JicTech\",\"description\":\"High-definition display module manufacturer\",\"publisher\":{\"@id\":\"https:\/\/jiclcd.com\/#organization\"},\"potentialAction\":[{\"@type\":\"SearchAction\",\"target\":{\"@type\":\"EntryPoint\",\"urlTemplate\":\"https:\/\/jiclcd.com\/?s={search_term_string}\"},\"query-input\":{\"@type\":\"PropertyValueSpecification\",\"valueRequired\":true,\"valueName\":\"search_term_string\"}}],\"inLanguage\":\"ja\"},{\"@type\":\"Organization\",\"@id\":\"https:\/\/jiclcd.com\/#organization\",\"name\":\"Shenzhen JicTech LCD Co., Ltd.\",\"url\":\"https:\/\/jiclcd.com\/\",\"logo\":{\"@type\":\"ImageObject\",\"inLanguage\":\"ja\",\"@id\":\"https:\/\/jiclcd.com\/#\/schema\/logo\/image\/\",\"url\":\"https:\/\/jiclcd.com\/wp-content\/uploads\/2025\/11\/JicTech-LCD-display-logo_85.png.webp\",\"contentUrl\":\"https:\/\/jiclcd.com\/wp-content\/uploads\/2025\/11\/JicTech-LCD-display-logo_85.png.webp\",\"width\":85,\"height\":86,\"caption\":\"Shenzhen JicTech LCD Co., Ltd.\"},\"image\":{\"@id\":\"https:\/\/jiclcd.com\/#\/schema\/logo\/image\/\"}}]}<\/script>\n<!-- \/ Yoast SEO plugin. -->","yoast_head_json":{"title":"TFT LCD\u30e2\u30b8\u30e5\u30fc\u30eb-OLED-E-Paper\u6280\u8853\u8cc7\u6599 - Jictech","description":"JicTech\u306f\u3001TFT LCD\u30e2\u30b8\u30e5\u30fc\u30eb\u3001OLED\u30c7\u30a3\u30b9\u30d7\u30ec\u30a4\u3001\u96fb\u5b50\u30da\u30fc\u30d1\u30fc\u30c7\u30a3\u30b9\u30d7\u30ec\u30a4\u306e\u6280\u8853\u4ed5\u69d8\u66f8\u306e\u30d7\u30ec\u30d3\u30e5\u30fc\u3068\u30c0\u30a6\u30f3\u30ed\u30fc\u30c9\u3092\u63d0\u4f9b\u3057\u3066\u3044\u307e\u3059\u3002.","robots":{"index":"index","follow":"follow","max-snippet":"max-snippet:-1","max-image-preview":"max-image-preview:large","max-video-preview":"max-video-preview:-1"},"canonical":"https:\/\/jiclcd.com\/ja\/technical-documentation\/","og_locale":"ja_JP","og_type":"article","og_title":"TFT LCD Module-OLED-E-Paper Technical Documentation - Jictech","og_description":"JicTech offers previews and downloads of technical specification documents for TFT LCD Modules, OLED Displays, and E-Paper Displays.","og_url":"https:\/\/jiclcd.com\/ja\/technical-documentation\/","og_site_name":"Jictech","article_modified_time":"2026-01-09T06:08:22+00:00","twitter_card":"summary_large_image","twitter_misc":{"\u63a8\u5b9a\u8aad\u307f\u53d6\u308a\u6642\u9593":"1\u5206"},"schema":{"@context":"https:\/\/schema.org","@graph":[{"@type":"WebPage","@id":"https:\/\/jiclcd.com\/technical-documentation\/","url":"https:\/\/jiclcd.com\/technical-documentation\/","name":"TFT LCD\u30e2\u30b8\u30e5\u30fc\u30eb-OLED-E-Paper\u6280\u8853\u8cc7\u6599 - Jictech","isPartOf":{"@id":"https:\/\/jiclcd.com\/#website"},"datePublished":"2026-01-09T05:59:22+00:00","dateModified":"2026-01-09T06:08:22+00:00","description":"JicTech\u306f\u3001TFT LCD\u30e2\u30b8\u30e5\u30fc\u30eb\u3001OLED\u30c7\u30a3\u30b9\u30d7\u30ec\u30a4\u3001\u96fb\u5b50\u30da\u30fc\u30d1\u30fc\u30c7\u30a3\u30b9\u30d7\u30ec\u30a4\u306e\u6280\u8853\u4ed5\u69d8\u66f8\u306e\u30d7\u30ec\u30d3\u30e5\u30fc\u3068\u30c0\u30a6\u30f3\u30ed\u30fc\u30c9\u3092\u63d0\u4f9b\u3057\u3066\u3044\u307e\u3059\u3002.","breadcrumb":{"@id":"https:\/\/jiclcd.com\/technical-documentation\/#breadcrumb"},"inLanguage":"ja","potentialAction":[{"@type":"ReadAction","target":["https:\/\/jiclcd.com\/technical-documentation\/"]}]},{"@type":"BreadcrumbList","@id":"https:\/\/jiclcd.com\/technical-documentation\/#breadcrumb","itemListElement":[{"@type":"ListItem","position":1,"name":"Home","item":"https:\/\/jiclcd.com\/"},{"@type":"ListItem","position":2,"name":"Technical Documentation"}]},{"@type":"WebSite","@id":"https:\/\/jiclcd.com\/#website","url":"https:\/\/jiclcd.com\/","name":"\u7523\u696d\u7528\u30c7\u30a3\u30b9\u30d7\u30ec\u30a4\u30e1\u30fc\u30ab\u30fc\uff5cTFT LCD\u3001OLED\u3001\u96fb\u5b50\u30da\u30fc\u30d1\u30fc\u30e2\u30b8\u30e5\u30fc\u30eb\uff5cJicTech\u30b8\u30c3\u30af\u30c6\u30c3\u30af","description":"\u9ad8\u7cbe\u7d30\u30c7\u30a3\u30b9\u30d7\u30ec\u30a4\u30e2\u30b8\u30e5\u30fc\u30eb\u30fb\u30e1\u30fc\u30ab\u30fc","publisher":{"@id":"https:\/\/jiclcd.com\/#organization"},"potentialAction":[{"@type":"SearchAction","target":{"@type":"EntryPoint","urlTemplate":"https:\/\/jiclcd.com\/?s={search_term_string}"},"query-input":{"@type":"PropertyValueSpecification","valueRequired":true,"valueName":"search_term_string"}}],"inLanguage":"ja"},{"@type":"Organization","@id":"https:\/\/jiclcd.com\/#organization","name":"\u30b7\u30f3\u30bb\u30f3JicTech LCD\u682a\u5f0f\u4f1a\u793e.","url":"https:\/\/jiclcd.com\/","logo":{"@type":"ImageObject","inLanguage":"ja","@id":"https:\/\/jiclcd.com\/#\/schema\/logo\/image\/","url":"https:\/\/jiclcd.com\/wp-content\/uploads\/2025\/11\/JicTech-LCD-display-logo_85.png.webp","contentUrl":"https:\/\/jiclcd.com\/wp-content\/uploads\/2025\/11\/JicTech-LCD-display-logo_85.png.webp","width":85,"height":86,"caption":"Shenzhen JicTech LCD Co., Ltd."},"image":{"@id":"https:\/\/jiclcd.com\/#\/schema\/logo\/image\/"}}]}},"_hostinger_reach_plugin_has_subscription_block":false,"_hostinger_reach_plugin_is_elementor":false,"_links":{"self":[{"href":"https:\/\/jiclcd.com\/ja\/wp-json\/wp\/v2\/pages\/28012","targetHints":{"allow":["GET"]}}],"collection":[{"href":"https:\/\/jiclcd.com\/ja\/wp-json\/wp\/v2\/pages"}],"about":[{"href":"https:\/\/jiclcd.com\/ja\/wp-json\/wp\/v2\/types\/page"}],"author":[{"embeddable":true,"href":"https:\/\/jiclcd.com\/ja\/wp-json\/wp\/v2\/users\/1"}],"replies":[{"embeddable":true,"href":"https:\/\/jiclcd.com\/ja\/wp-json\/wp\/v2\/comments?post=28012"}],"version-history":[{"count":7,"href":"https:\/\/jiclcd.com\/ja\/wp-json\/wp\/v2\/pages\/28012\/revisions"}],"predecessor-version":[{"id":28020,"href":"https:\/\/jiclcd.com\/ja\/wp-json\/wp\/v2\/pages\/28012\/revisions\/28020"}],"wp:attachment":[{"href":"https:\/\/jiclcd.com\/ja\/wp-json\/wp\/v2\/media?parent=28012"}],"curies":[{"name":"wp","href":"https:\/\/api.w.org\/{rel}","templated":true}]}}