{"id":27220,"date":"2025-12-18T04:02:39","date_gmt":"2025-12-18T04:02:39","guid":{"rendered":"https:\/\/jiclcd.com\/?post_type=product&#038;p=27220"},"modified":"2026-03-25T06:53:14","modified_gmt":"2026-03-25T06:53:14","slug":"9-99-inch-tft-lcd-module","status":"publish","type":"product","link":"https:\/\/jiclcd.com\/fr\/produit\/9-99-inch-tft-lcd-module\/","title":{"rendered":"Module LCD TFT de 9,99 pouces - Affichage 1280\u00d7480"},"content":{"rendered":"<h2><strong>Product Details: JicTech 9.99\u2011Inch TFT LCD Module<\/strong><\/h2>\n<h3><strong>Vue d'ensemble<\/strong><\/h3>\n<p class=\"ds-markdown-paragraph\">The RV09917BSL\u20111A is a high\u2011brightness, high\u2011resolution TFT LCD module designed for applications requiring excellent visibility in various lighting conditions. Utilizing an IPS (In\u2011Plane Switching) panel, it offers consistent color and contrast across wide viewing angles. The module integrates the ST77031 driver IC, supports 24\u2011bit color depth (16.7 million colors), and is powered by a high\u2011efficiency LED backlight system. Its compact yet rugged design makes it ideal for automotive displays, industrial HMIs, and outdoor equipment.<\/p>\n<hr \/>\n<h3><strong>Caract\u00e9ristiques principales<\/strong><\/h3>\n<ul>\n<li>\n<p class=\"ds-markdown-paragraph\"><strong>Haute luminosit\u00e9 :<\/strong>\u00a01000 cd\/m\u00b2 typical luminance for sunlight readability.<\/p>\n<\/li>\n<li>\n<p class=\"ds-markdown-paragraph\"><strong>Technologie IPS :<\/strong>\u00a0Wide viewing angle (85\u00b0 typical in all directions) with excellent color consistency.<\/p>\n<\/li>\n<li>\n<p class=\"ds-markdown-paragraph\"><strong>Haute r\u00e9solution :<\/strong>\u00a0720 (RGB) \u00d7 1600 pixels for sharp text and graphics.<\/p>\n<\/li>\n<li>\n<p class=\"ds-markdown-paragraph\"><strong>MIPI Interface:<\/strong>\u00a04\u2011lane MIPI DSI interface for high\u2011speed data transmission.<\/p>\n<\/li>\n<li>\n<p class=\"ds-markdown-paragraph\"><strong>Large gamme de temp\u00e9ratures :<\/strong>\u00a0Operating from \u201130\u00b0C to +80\u00b0C, suitable for harsh environments.<\/p>\n<\/li>\n<li>\n<p class=\"ds-markdown-paragraph\"><strong>Robust Construction:<\/strong>\u00a0Metal frame, reinforced PCB, and reliable connector design.<\/p>\n<\/li>\n<li>\n<p class=\"ds-markdown-paragraph\"><strong>Long LED Life:<\/strong>\u00a0Backlight LED lifetime up to 20,000 hours (to 50% brightness).<\/p>\n<\/li>\n<li>\n<p class=\"ds-markdown-paragraph\"><strong>Conforme \u00e0 la directive RoHS :<\/strong>\u00a0Environmentally friendly manufacturing.<\/p>\n<\/li>\n<\/ul>\n<hr \/>\n<h3><strong>Applications<\/strong><\/h3>\n<ul>\n<li>\n<p class=\"ds-markdown-paragraph\">Truck\/RV rearview camera displays<\/p>\n<\/li>\n<li>\n<p class=\"ds-markdown-paragraph\">Automotive infotainment &amp; instrument clusters<\/p>\n<\/li>\n<li>\n<p class=\"ds-markdown-paragraph\">Industrial control panels &amp; HMIs<\/p>\n<\/li>\n<li>\n<p class=\"ds-markdown-paragraph\">Outdoor monitoring equipment<\/p>\n<\/li>\n<li>\n<p class=\"ds-markdown-paragraph\">Medical displays &amp; portable devices<\/p>\n<\/li>\n<\/ul>\n<hr \/>\n<h3><strong>Sp\u00e9cifications techniques<\/strong><\/h3>\n<div class=\"ds-scroll-area _1210dd7 c03cafe9\">\n<div class=\"ds-scroll-area__gutters\">\n<div class=\"ds-scroll-area__horizontal-gutter\"><\/div>\n<div class=\"ds-scroll-area__vertical-gutter\"><\/div>\n<\/div>\n<table>\n<thead>\n<tr>\n<th><strong>Cat\u00e9gorie<\/strong><\/th>\n<th><strong>Param\u00e8tres<\/strong><\/th>\n<th><strong>Sp\u00e9cifications<\/strong><\/th>\n<th><strong>Unit\u00e9<\/strong><\/th>\n<th><strong>Conditions \/ Notes<\/strong><\/th>\n<\/tr>\n<\/thead>\n<tbody>\n<tr>\n<td><strong>G\u00e9n\u00e9ral<\/strong><\/td>\n<td>Nom du mod\u00e8le<\/td>\n<td>RV09917BSL\u20111A<\/td>\n<td>\u2013<\/td>\n<td>\u2013<\/td>\n<\/tr>\n<tr>\n<td><\/td>\n<td>Type d'affichage<\/td>\n<td>\u00c9CRAN LCD TFT IPS<\/td>\n<td>\u2013<\/td>\n<td>Normalement noir, transmissif<\/td>\n<\/tr>\n<tr>\n<td><\/td>\n<td>Taille de l'\u00e9cran<\/td>\n<td>9.99<\/td>\n<td>Pouce<\/td>\n<td>\u2013<\/td>\n<\/tr>\n<tr>\n<td><\/td>\n<td>R\u00e9solution<\/td>\n<td>720 (RGB) \u00d7 1600<\/td>\n<td>Pixels<\/td>\n<td>\u2013<\/td>\n<\/tr>\n<tr>\n<td><\/td>\n<td>Zone active<\/td>\n<td>106.92 \u00d7 237.60<\/td>\n<td>mm<\/td>\n<td>\u2013<\/td>\n<\/tr>\n<tr>\n<td><\/td>\n<td>Hauteur du pixel<\/td>\n<td>0.06 \u00d7 0.18<\/td>\n<td>mm<\/td>\n<td>Bande verticale RVB<\/td>\n<\/tr>\n<tr>\n<td><\/td>\n<td>Dimensions g\u00e9n\u00e9rales<\/td>\n<td>145.0 \u00d7 345.0 \u00d7 7.77<\/td>\n<td>mm<\/td>\n<td>\u2013<\/td>\n<\/tr>\n<tr>\n<td><\/td>\n<td>Voir la direction<\/td>\n<td>Full (All\u2011around)<\/td>\n<td>\u2013<\/td>\n<td>\u2013<\/td>\n<\/tr>\n<tr>\n<td><strong>\u00c9lectricit\u00e9<\/strong><\/td>\n<td>Tension d'alimentation (VDD)<\/td>\n<td>2.8 \u2013 3.6 (Typ. 3.3)<\/td>\n<td>V<\/td>\n<td>For LCD logic<\/td>\n<\/tr>\n<tr>\n<td><\/td>\n<td>Tension E\/S (IOVCC)<\/td>\n<td>1.6 \u2013 3.6 (Typ. 1.8)<\/td>\n<td>V<\/td>\n<td>For interface logic<\/td>\n<\/tr>\n<tr>\n<td><\/td>\n<td>Niveau haut d'entr\u00e9e (VIH)<\/td>\n<td>0,7 \u00d7 IOVCC \u00e0 IOVCC<\/td>\n<td>V<\/td>\n<td>\u2013<\/td>\n<\/tr>\n<tr>\n<td><\/td>\n<td>Niveau bas d'entr\u00e9e (VIL)<\/td>\n<td>VSS to 0.3 \u00d7 IOVCC<\/td>\n<td>V<\/td>\n<td>\u2013<\/td>\n<\/tr>\n<tr>\n<td><strong>R\u00e9tro-\u00e9clairage<\/strong><\/td>\n<td>LED Forward Voltage (VF)<\/td>\n<td>16.2 \u2013 19.2 (Typ. 18)<\/td>\n<td>V<\/td>\n<td>\u2013<\/td>\n<\/tr>\n<tr>\n<td><\/td>\n<td>LED Forward Current (IF)<\/td>\n<td>Typ. 360<\/td>\n<td>mA<\/td>\n<td>Constant current drive<\/td>\n<\/tr>\n<tr>\n<td><\/td>\n<td>Luminance<\/td>\n<td>Typ. 1000<\/td>\n<td>cd\/m\u00b2<\/td>\n<td>Center, white screen<\/td>\n<\/tr>\n<tr>\n<td><\/td>\n<td>Dur\u00e9e de vie des LED<\/td>\n<td>Min. 20,000<\/td>\n<td>Hours<\/td>\n<td>To 50% initial luminance<\/td>\n<\/tr>\n<tr>\n<td><strong>Optique<\/strong><\/td>\n<td>Rapport de contraste<\/td>\n<td>Min. 700, Typ. 1000<\/td>\n<td>\u2013<\/td>\n<td>@ normal angle<\/td>\n<\/tr>\n<tr>\n<td><\/td>\n<td>Luminance Uniformity<\/td>\n<td>Min. 80%, Typ. 90%<\/td>\n<td>%<\/td>\n<td>\u2013<\/td>\n<\/tr>\n<tr>\n<td><\/td>\n<td>Temps de r\u00e9ponse (Tr+Tf)<\/td>\n<td>Typ. 30, Max. 40<\/td>\n<td>ms<\/td>\n<td>\u2013<\/td>\n<\/tr>\n<tr>\n<td><\/td>\n<td>Angle de vue (CR&gt;10)<\/td>\n<td>Typ. 85\u00b0 (all directions)<\/td>\n<td>Dipl\u00f4me<\/td>\n<td>3, 6, 9, 12 o\u2019clock<\/td>\n<\/tr>\n<tr>\n<td><\/td>\n<td>White Chromaticity (CIE1931)<\/td>\n<td>x: 0.298\u00b10.03, y: 0.338\u00b10.03<\/td>\n<td>\u2013<\/td>\n<td>\u2013<\/td>\n<\/tr>\n<tr>\n<td><\/td>\n<td>Gamme de couleurs (NTSC)<\/td>\n<td>Min. 55%, Typ. 65%<\/td>\n<td>%<\/td>\n<td>\u2013<\/td>\n<\/tr>\n<tr>\n<td><strong>Interface<\/strong><\/td>\n<td>Interface d'affichage<\/td>\n<td>MIPI DSI 4 voies<\/td>\n<td>\u2013<\/td>\n<td>\u2013<\/td>\n<\/tr>\n<tr>\n<td><\/td>\n<td>Connecteur<\/td>\n<td>40\u2011pin FPC (0.5 mm pitch)<\/td>\n<td>\u2013<\/td>\n<td>\u2013<\/td>\n<\/tr>\n<tr>\n<td><\/td>\n<td>CI du conducteur<\/td>\n<td>ST77031<\/td>\n<td>\u2013<\/td>\n<td>\u2013<\/td>\n<\/tr>\n<tr>\n<td><strong>Environnement<\/strong><\/td>\n<td>Temp\u00e9rature de fonctionnement<\/td>\n<td>De -30 \u00e0 +80<\/td>\n<td>\u00b0C<\/td>\n<td>\u2013<\/td>\n<\/tr>\n<tr>\n<td><\/td>\n<td>Temp\u00e9rature de stockage<\/td>\n<td>De -30 \u00e0 +80<\/td>\n<td>\u00b0C<\/td>\n<td>\u2013<\/td>\n<\/tr>\n<tr>\n<td><\/td>\n<td>Humidit\u00e9 de fonctionnement<\/td>\n<td>Jusqu'\u00e0 90% RH (max 60\u00b0C)<\/td>\n<td>%RH<\/td>\n<td>Sans condensation<\/td>\n<\/tr>\n<tr>\n<td><strong>Fiabilit\u00e9<\/strong><\/td>\n<td>High\u2011Temp Storage Test<\/td>\n<td>+80\u00b0C, 48 hours<\/td>\n<td>\u2013<\/td>\n<td>IEC 60068\u20112\u20112<\/td>\n<\/tr>\n<tr>\n<td><\/td>\n<td>Low\u2011Temp Storage Test<\/td>\n<td>\u201130\u00b0C, 48 hours<\/td>\n<td>\u2013<\/td>\n<td>IEC 60068\u20112\u20111<\/td>\n<\/tr>\n<tr>\n<td><\/td>\n<td>Temperature Cycle<\/td>\n<td>\u201120\u00b0C \u2194 +70\u00b0C, 5 cycles<\/td>\n<td>\u2013<\/td>\n<td>IEC 60068\u20112\u201114<\/td>\n<\/tr>\n<tr>\n<td><\/td>\n<td>Vibration Test<\/td>\n<td>10\u201155 Hz, 1.5 mm, 6 hours<\/td>\n<td>\u2013<\/td>\n<td>IEC 60068\u20112\u20116<\/td>\n<\/tr>\n<tr>\n<td><\/td>\n<td>Shock Test<\/td>\n<td>60G, 6 ms, each direction<\/td>\n<td>\u2013<\/td>\n<td>IEC 60068\u20112\u201127<\/td>\n<\/tr>\n<tr>\n<td><\/td>\n<td>ESD Protection (Operating)<\/td>\n<td>\u00b18 kV (Air), \u00b14 kV (Contact)<\/td>\n<td>\u2013<\/td>\n<td>IEC 61000\u20114\u20112<\/td>\n<\/tr>\n<\/tbody>\n<\/table>\n<\/div>\n<hr \/>\n<h3><strong>Pinout &amp; Interface (40\u2011pin FPC)<\/strong><\/h3>\n<div class=\"ds-scroll-area _1210dd7 c03cafe9\">\n<div class=\"ds-scroll-area__gutters\">\n<div class=\"ds-scroll-area__horizontal-gutter\"><\/div>\n<div class=\"ds-scroll-area__vertical-gutter\"><\/div>\n<\/div>\n<table>\n<thead>\n<tr>\n<th>\u00c9pingle<\/th>\n<th>Symbole<\/th>\n<th>Description<\/th>\n<th>\u00c9pingle<\/th>\n<th>Symbole<\/th>\n<th>Description<\/th>\n<\/tr>\n<\/thead>\n<tbody>\n<tr>\n<td>1<\/td>\n<td>NC<\/td>\n<td>Pas de connexion<\/td>\n<td>21<\/td>\n<td>MIPI_D3+<\/td>\n<td>MIPI Data3 positive<\/td>\n<\/tr>\n<tr>\n<td>2<\/td>\n<td>VDD<\/td>\n<td>LCD power (2.8V)<\/td>\n<td>22<\/td>\n<td>GND<\/td>\n<td>Sol<\/td>\n<\/tr>\n<tr>\n<td>3<\/td>\n<td>IOVCC<\/td>\n<td>I\/O power (1.8V)<\/td>\n<td>23\u201124<\/td>\n<td>NC<\/td>\n<td>Pas de connexion<\/td>\n<\/tr>\n<tr>\n<td>4<\/td>\n<td>GND<\/td>\n<td>Sol<\/td>\n<td>25<\/td>\n<td>GND<\/td>\n<td>Sol<\/td>\n<\/tr>\n<tr>\n<td>5<\/td>\n<td>RESET<\/td>\n<td>Reset signal input<\/td>\n<td>26\u201129<\/td>\n<td>NC<\/td>\n<td>Pas de connexion<\/td>\n<\/tr>\n<tr>\n<td>6<\/td>\n<td>NC<\/td>\n<td>Pas de connexion<\/td>\n<td>30<\/td>\n<td>GND<\/td>\n<td>Sol<\/td>\n<\/tr>\n<tr>\n<td>7<\/td>\n<td>GND<\/td>\n<td>Sol<\/td>\n<td>31\u201132<\/td>\n<td>VLED\u2011<\/td>\n<td>LED backlight cathode<\/td>\n<\/tr>\n<tr>\n<td>8<\/td>\n<td>MIPI_D0\u2011<\/td>\n<td>MIPI Data0 negative<\/td>\n<td>33\u201138<\/td>\n<td>NC<\/td>\n<td>Pas de connexion<\/td>\n<\/tr>\n<tr>\n<td>9<\/td>\n<td>MIPI_D0+<\/td>\n<td>MIPI Data0 positive<\/td>\n<td>39\u201140<\/td>\n<td>VLED+<\/td>\n<td>LED backlight anode<\/td>\n<\/tr>\n<tr>\n<td>10<\/td>\n<td>GND<\/td>\n<td>Sol<\/td>\n<td>\u2026<\/td>\n<td>\u2026<\/td>\n<td>\u2026<\/td>\n<\/tr>\n<tr>\n<td>11<\/td>\n<td>MIPI_D1\u2011<\/td>\n<td>MIPI Data1 negative<\/td>\n<td><\/td>\n<td><\/td>\n<td><\/td>\n<\/tr>\n<tr>\n<td>12<\/td>\n<td>MIPI_D1+<\/td>\n<td>MIPI Data1 positive<\/td>\n<td><\/td>\n<td><\/td>\n<td><\/td>\n<\/tr>\n<tr>\n<td>13<\/td>\n<td>GND<\/td>\n<td>Sol<\/td>\n<td><\/td>\n<td><\/td>\n<td><\/td>\n<\/tr>\n<tr>\n<td>14<\/td>\n<td>MIPI_CLK\u2011<\/td>\n<td>MIPI clock negative<\/td>\n<td><\/td>\n<td><\/td>\n<td><\/td>\n<\/tr>\n<tr>\n<td>15<\/td>\n<td>MIPI_CLK+<\/td>\n<td>MIPI clock positive<\/td>\n<td><\/td>\n<td><\/td>\n<td><\/td>\n<\/tr>\n<tr>\n<td>16<\/td>\n<td>GND<\/td>\n<td>Sol<\/td>\n<td><\/td>\n<td><\/td>\n<td><\/td>\n<\/tr>\n<tr>\n<td>17<\/td>\n<td>MIPI_D2\u2011<\/td>\n<td>MIPI Data2 negative<\/td>\n<td><\/td>\n<td><\/td>\n<td><\/td>\n<\/tr>\n<tr>\n<td>18<\/td>\n<td>MIPI_D2+<\/td>\n<td>MIPI Data2 positive<\/td>\n<td><\/td>\n<td><\/td>\n<td><\/td>\n<\/tr>\n<tr>\n<td>19<\/td>\n<td>GND<\/td>\n<td>Sol<\/td>\n<td><\/td>\n<td><\/td>\n<td><\/td>\n<\/tr>\n<tr>\n<td>20<\/td>\n<td>MIPI_D3\u2011<\/td>\n<td>MIPI Data3 negative<\/td>\n<td><\/td>\n<td><\/td>\n<td><\/td>\n<\/tr>\n<\/tbody>\n<\/table>\n<\/div>\n<hr \/>\n<h3><strong>Timing Characteristics (Typical)<\/strong><\/h3>\n<ul>\n<li>\n<p class=\"ds-markdown-paragraph\"><strong>Pixel Clock (DCLK):<\/strong>\u00a080 MHz<\/p>\n<\/li>\n<li>\n<p class=\"ds-markdown-paragraph\"><strong>Horizontal Display:<\/strong>\u00a0720 clocks<\/p>\n<\/li>\n<li>\n<p class=\"ds-markdown-paragraph\"><strong>Vertical Display:<\/strong>\u00a01600 lines<\/p>\n<\/li>\n<li>\n<p class=\"ds-markdown-paragraph\"><strong>Sync Pulses:<\/strong>\u00a0HSYNC = 20 clocks, VSYNC = 10 lines<\/p>\n<\/li>\n<li>\n<p class=\"ds-markdown-paragraph\"><strong>Porches:<\/strong>\u00a0HBP=60, HFP=60, VBP=20, VFP=20<\/p>\n<\/li>\n<\/ul>\n<hr \/>\n<h3><strong>Normes de qualit\u00e9 et d'inspection<\/strong><\/h3>\n<ul>\n<li>\n<p class=\"ds-markdown-paragraph\"><strong>Classification des d\u00e9fauts :<\/strong>\u00a0Major (AQL 0.4) and Minor (AQL 0.65) per GB\/T 2828.1.<\/p>\n<\/li>\n<li>\n<p class=\"ds-markdown-paragraph\"><strong>Viewing Zones:<\/strong>\u00a0A\u2011zone (active area) and B\u2011zone (periphery) with defined defect limits.<\/p>\n<\/li>\n<li>\n<p class=\"ds-markdown-paragraph\"><strong>Conditions d'inspection :<\/strong>\u00a0300 mm distance, 45\u00b0 viewing angle, 25\u00b15\u00b0C ambient.<\/p>\n<\/li>\n<li>\n<p class=\"ds-markdown-paragraph\"><strong>Reliability Compliance:<\/strong>\u00a0All tests follow IEC 60068 series standards.<\/p>\n<\/li>\n<\/ul>\n<hr \/>\n<h3><strong>Handling &amp; Safety Notes<\/strong><\/h3>\n<ul>\n<li>\n<p class=\"ds-markdown-paragraph\">Avoid mechanical shock, bending, or pressure on the active area.<\/p>\n<\/li>\n<li>\n<p class=\"ds-markdown-paragraph\">Use proper ESD precautions during installation.<\/p>\n<\/li>\n<li>\n<p class=\"ds-markdown-paragraph\">Clean only with isopropyl or ethyl alcohol; avoid ketones and aromatic solvents.<\/p>\n<\/li>\n<li>\n<p class=\"ds-markdown-paragraph\">Store in anti\u2011static bags, 0\u201135\u00b0C, 40\u201160% RH, away from direct light.<\/p>\n<\/li>\n<\/ul>\n<hr \/>\n<h3><strong>Le paquet comprend<\/strong><\/h3>\n<ul>\n<li>\n<p class=\"ds-markdown-paragraph\">9.99\u2011inch TFT LCD module (RV09917BSL\u20111A)<\/p>\n<\/li>\n<li>\n<p class=\"ds-markdown-paragraph\">C\u00e2ble FPC \u00e0 40 broches attach\u00e9<\/p>\n<\/li>\n<li>\n<p class=\"ds-markdown-paragraph\">Basic mechanical drawing and interface specification<\/p>\n<\/li>\n<\/ul>\n<hr \/>\n<h3><strong>Informations sur les commandes<\/strong><\/h3>\n<ul>\n<li>\n<p class=\"ds-markdown-paragraph\">Model: RV09917BSL\u20111A<\/p>\n<\/li>\n<li>\n<p class=\"ds-markdown-paragraph\">Specification Version: 01<\/p>\n<\/li>\n<li>\n<p class=\"ds-markdown-paragraph\">Backlight: White LED, 18V typical<\/p>\n<\/li>\n<li>\n<p class=\"ds-markdown-paragraph\">Customization: Available for volume orders (mounting, connector, backlight tuning)<\/p>\n<\/li>\n<\/ul>\n<hr \/>\n<blockquote>\n<p class=\"ds-markdown-paragraph\"><em>Note: Specifications are based on datasheet Ver. 01 and subject to change without notice. For OEM customization, reliability requirements, or design\u2011in support, please contact JicTech technical sales.<\/em><\/p>\n<\/blockquote>\n<p>&nbsp;<\/p>\n<h2>T\u00e9l\u00e9charger les documents techniques<\/h2>\n<p>Cliquez ici pour t\u00e9l\u00e9charger ce document\uff1a<a href=\"https:\/\/jiclcd.com\/wp-content\/uploads\/2025\/12\/SEPC-RV099I7BSL-1A.pdf\">SEPC-RV099I7BSL-1A<\/a><\/p>\n<p class=\"ds-markdown-paragraph\"><em>Toutes les sp\u00e9cifications sont bas\u00e9es sur la fiche officielle de sp\u00e9cification du produit (Ver : 01). Pour les dessins m\u00e9caniques, les diagrammes de synchronisation des signaux et les crit\u00e8res d'inspection complets, veuillez vous r\u00e9f\u00e9rer au document original.<\/em><\/p>","protected":false},"excerpt":{"rendered":"<p>The 9.99\u2033 TFT LCD module from JicTech features a high\u2011resolution 1280\u00d7480 display with vivid color and wide viewing angles. With flexible interface options and rugged design, it\u2019s ideal for industrial HMIs, embedded systems, auto dashboards, and IoT displays.<\/p>","protected":false},"featured_media":27222,"comment_status":"open","ping_status":"closed","template":"","meta":{"_monsterinsights_skip_tracking":false,"_monsterinsights_sitenote_active":false,"_monsterinsights_sitenote_note":"","_monsterinsights_sitenote_category":0},"product_brand":[],"product_cat":[35],"product_tag":[101,160,156,158,159,148],"class_list":{"0":"post-27220","1":"product","2":"type-product","3":"status-publish","4":"has-post-thumbnail","6":"product_cat-tft-lcd-module","7":"product_tag-9-99inch-highbrightness-ips-tft-lcd-module","8":"product_tag-display-type-ips","9":"product_tag-interface-mipi","10":"product_tag-lcd-boe","11":"product_tag-pixel-720x1600","12":"product_tag-viewing-angle-all","14":"first","15":"instock","16":"shipping-taxable","17":"product-type-simple"},"yoast_head":"<!-- This site is optimized with the Yoast SEO plugin v26.4 - https:\/\/yoast.com\/wordpress\/plugins\/seo\/ -->\n<title>9.99\u2011inch TFT LCD Module \u2013 1280\u00d7480 Display - Jictech<\/title>\n<meta name=\"description\" content=\"Premium 9.99\u2033 TFT LCD Module with 1280\u00d7480 resolution and vivid visuals. Wide viewing angles and flexible interface options make it ideal for industrial HMIs, embedded systems, auto dashboards, and IoT displays. Request a quote or datasheet today!\" \/>\n<meta name=\"robots\" content=\"index, follow, max-snippet:-1, max-image-preview:large, max-video-preview:-1\" \/>\n<link rel=\"canonical\" href=\"https:\/\/jiclcd.com\/fr\/produit\/9-99-inch-tft-lcd-module\/\" \/>\n<meta property=\"og:locale\" content=\"fr_FR\" \/>\n<meta property=\"og:type\" content=\"article\" \/>\n<meta property=\"og:title\" content=\"9.99\u2011inch TFT LCD Module \u2013 1280\u00d7480 Display - Jictech\" \/>\n<meta property=\"og:description\" content=\"Premium 9.99\u2033 TFT LCD Module with 1280\u00d7480 resolution and vivid visuals. Wide viewing angles and flexible interface options make it ideal for industrial HMIs, embedded systems, auto dashboards, and IoT displays. Request a quote or datasheet today!\" \/>\n<meta property=\"og:url\" content=\"https:\/\/jiclcd.com\/fr\/produit\/9-99-inch-tft-lcd-module\/\" \/>\n<meta property=\"og:site_name\" content=\"Jictech\" \/>\n<meta property=\"article:modified_time\" content=\"2026-03-25T06:53:14+00:00\" \/>\n<meta property=\"og:image\" content=\"https:\/\/jiclcd.com\/wp-content\/uploads\/2025\/12\/TFT-57-1.png\" \/>\n\t<meta property=\"og:image:width\" content=\"800\" \/>\n\t<meta property=\"og:image:height\" content=\"800\" \/>\n\t<meta property=\"og:image:type\" content=\"image\/png\" \/>\n<meta name=\"twitter:card\" content=\"summary_large_image\" \/>\n<meta name=\"twitter:label1\" content=\"Dur\u00e9e de lecture estim\u00e9e\" \/>\n\t<meta name=\"twitter:data1\" content=\"4 minutes\" \/>\n<script type=\"application\/ld+json\" class=\"yoast-schema-graph\">{\"@context\":\"https:\/\/schema.org\",\"@graph\":[{\"@type\":\"WebPage\",\"@id\":\"https:\/\/jiclcd.com\/product\/9-99-inch-tft-lcd-module\/\",\"url\":\"https:\/\/jiclcd.com\/product\/9-99-inch-tft-lcd-module\/\",\"name\":\"9.99\u2011inch TFT LCD Module \u2013 1280\u00d7480 Display - Jictech\",\"isPartOf\":{\"@id\":\"https:\/\/jiclcd.com\/#website\"},\"primaryImageOfPage\":{\"@id\":\"https:\/\/jiclcd.com\/product\/9-99-inch-tft-lcd-module\/#primaryimage\"},\"image\":{\"@id\":\"https:\/\/jiclcd.com\/product\/9-99-inch-tft-lcd-module\/#primaryimage\"},\"thumbnailUrl\":\"https:\/\/jiclcd.com\/wp-content\/uploads\/2025\/12\/TFT-57-1.png\",\"datePublished\":\"2025-12-18T04:02:39+00:00\",\"dateModified\":\"2026-03-25T06:53:14+00:00\",\"description\":\"Premium 9.99\u2033 TFT LCD Module with 1280\u00d7480 resolution and vivid visuals. Wide viewing angles and flexible interface options make it ideal for industrial HMIs, embedded systems, auto dashboards, and IoT displays. Request a quote or datasheet today!\",\"breadcrumb\":{\"@id\":\"https:\/\/jiclcd.com\/product\/9-99-inch-tft-lcd-module\/#breadcrumb\"},\"inLanguage\":\"fr-FR\",\"potentialAction\":[{\"@type\":\"ReadAction\",\"target\":[\"https:\/\/jiclcd.com\/product\/9-99-inch-tft-lcd-module\/\"]}]},{\"@type\":\"ImageObject\",\"inLanguage\":\"fr-FR\",\"@id\":\"https:\/\/jiclcd.com\/product\/9-99-inch-tft-lcd-module\/#primaryimage\",\"url\":\"https:\/\/jiclcd.com\/wp-content\/uploads\/2025\/12\/TFT-57-1.png\",\"contentUrl\":\"https:\/\/jiclcd.com\/wp-content\/uploads\/2025\/12\/TFT-57-1.png\",\"width\":800,\"height\":800,\"caption\":\"9.99 inch TFT LCD module 1280x480 display\"},{\"@type\":\"BreadcrumbList\",\"@id\":\"https:\/\/jiclcd.com\/product\/9-99-inch-tft-lcd-module\/#breadcrumb\",\"itemListElement\":[{\"@type\":\"ListItem\",\"position\":1,\"name\":\"Home\",\"item\":\"https:\/\/jiclcd.com\/\"},{\"@type\":\"ListItem\",\"position\":2,\"name\":\"Shop\",\"item\":\"https:\/\/jiclcd.com\/shop\/\"},{\"@type\":\"ListItem\",\"position\":3,\"name\":\"9.99\u2011inch TFT LCD Module \u2013 1280\u00d7480 Display\"}]},{\"@type\":\"WebSite\",\"@id\":\"https:\/\/jiclcd.com\/#website\",\"url\":\"https:\/\/jiclcd.com\/\",\"name\":\"Industrial Display Manufacturer | TFT LCD, OLED, E-Paper Modules | JicTech\",\"description\":\"High-definition display module manufacturer\",\"publisher\":{\"@id\":\"https:\/\/jiclcd.com\/#organization\"},\"potentialAction\":[{\"@type\":\"SearchAction\",\"target\":{\"@type\":\"EntryPoint\",\"urlTemplate\":\"https:\/\/jiclcd.com\/?s={search_term_string}\"},\"query-input\":{\"@type\":\"PropertyValueSpecification\",\"valueRequired\":true,\"valueName\":\"search_term_string\"}}],\"inLanguage\":\"fr-FR\"},{\"@type\":\"Organization\",\"@id\":\"https:\/\/jiclcd.com\/#organization\",\"name\":\"Shenzhen JicTech LCD Co., Ltd.\",\"url\":\"https:\/\/jiclcd.com\/\",\"logo\":{\"@type\":\"ImageObject\",\"inLanguage\":\"fr-FR\",\"@id\":\"https:\/\/jiclcd.com\/#\/schema\/logo\/image\/\",\"url\":\"https:\/\/jiclcd.com\/wp-content\/uploads\/2025\/11\/JicTech-LCD-display-logo_85.png.webp\",\"contentUrl\":\"https:\/\/jiclcd.com\/wp-content\/uploads\/2025\/11\/JicTech-LCD-display-logo_85.png.webp\",\"width\":85,\"height\":86,\"caption\":\"Shenzhen JicTech LCD Co., Ltd.\"},\"image\":{\"@id\":\"https:\/\/jiclcd.com\/#\/schema\/logo\/image\/\"}}]}<\/script>\n<!-- \/ Yoast SEO plugin. -->","yoast_head_json":{"title":"9.99\u2011inch TFT LCD Module \u2013 1280\u00d7480 Display - Jictech","description":"Premium 9.99\u2033 TFT LCD Module with 1280\u00d7480 resolution and vivid visuals. Wide viewing angles and flexible interface options make it ideal for industrial HMIs, embedded systems, auto dashboards, and IoT displays. Request a quote or datasheet today!","robots":{"index":"index","follow":"follow","max-snippet":"max-snippet:-1","max-image-preview":"max-image-preview:large","max-video-preview":"max-video-preview:-1"},"canonical":"https:\/\/jiclcd.com\/fr\/produit\/9-99-inch-tft-lcd-module\/","og_locale":"fr_FR","og_type":"article","og_title":"9.99\u2011inch TFT LCD Module \u2013 1280\u00d7480 Display - Jictech","og_description":"Premium 9.99\u2033 TFT LCD Module with 1280\u00d7480 resolution and vivid visuals. Wide viewing angles and flexible interface options make it ideal for industrial HMIs, embedded systems, auto dashboards, and IoT displays. Request a quote or datasheet today!","og_url":"https:\/\/jiclcd.com\/fr\/produit\/9-99-inch-tft-lcd-module\/","og_site_name":"Jictech","article_modified_time":"2026-03-25T06:53:14+00:00","og_image":[{"width":800,"height":800,"url":"https:\/\/jiclcd.com\/wp-content\/uploads\/2025\/12\/TFT-57-1.png","type":"image\/png"}],"twitter_card":"summary_large_image","twitter_misc":{"Dur\u00e9e de lecture estim\u00e9e":"4 minutes"},"schema":{"@context":"https:\/\/schema.org","@graph":[{"@type":"WebPage","@id":"https:\/\/jiclcd.com\/product\/9-99-inch-tft-lcd-module\/","url":"https:\/\/jiclcd.com\/product\/9-99-inch-tft-lcd-module\/","name":"9.99\u2011inch TFT LCD Module \u2013 1280\u00d7480 Display - Jictech","isPartOf":{"@id":"https:\/\/jiclcd.com\/#website"},"primaryImageOfPage":{"@id":"https:\/\/jiclcd.com\/product\/9-99-inch-tft-lcd-module\/#primaryimage"},"image":{"@id":"https:\/\/jiclcd.com\/product\/9-99-inch-tft-lcd-module\/#primaryimage"},"thumbnailUrl":"https:\/\/jiclcd.com\/wp-content\/uploads\/2025\/12\/TFT-57-1.png","datePublished":"2025-12-18T04:02:39+00:00","dateModified":"2026-03-25T06:53:14+00:00","description":"Premium 9.99\u2033 TFT LCD Module with 1280\u00d7480 resolution and vivid visuals. Wide viewing angles and flexible interface options make it ideal for industrial HMIs, embedded systems, auto dashboards, and IoT displays. Request a quote or datasheet today!","breadcrumb":{"@id":"https:\/\/jiclcd.com\/product\/9-99-inch-tft-lcd-module\/#breadcrumb"},"inLanguage":"fr-FR","potentialAction":[{"@type":"ReadAction","target":["https:\/\/jiclcd.com\/product\/9-99-inch-tft-lcd-module\/"]}]},{"@type":"ImageObject","inLanguage":"fr-FR","@id":"https:\/\/jiclcd.com\/product\/9-99-inch-tft-lcd-module\/#primaryimage","url":"https:\/\/jiclcd.com\/wp-content\/uploads\/2025\/12\/TFT-57-1.png","contentUrl":"https:\/\/jiclcd.com\/wp-content\/uploads\/2025\/12\/TFT-57-1.png","width":800,"height":800,"caption":"9.99 inch TFT LCD module 1280x480 display"},{"@type":"BreadcrumbList","@id":"https:\/\/jiclcd.com\/product\/9-99-inch-tft-lcd-module\/#breadcrumb","itemListElement":[{"@type":"ListItem","position":1,"name":"Home","item":"https:\/\/jiclcd.com\/"},{"@type":"ListItem","position":2,"name":"Shop","item":"https:\/\/jiclcd.com\/shop\/"},{"@type":"ListItem","position":3,"name":"9.99\u2011inch TFT LCD Module \u2013 1280\u00d7480 Display"}]},{"@type":"WebSite","@id":"https:\/\/jiclcd.com\/#website","url":"https:\/\/jiclcd.com\/","name":"Fabricant d'\u00e9crans industriels | Modules TFT LCD, OLED, E-Paper | JicTech","description":"Fabricant de modules d'affichage haute d\u00e9finition","publisher":{"@id":"https:\/\/jiclcd.com\/#organization"},"potentialAction":[{"@type":"SearchAction","target":{"@type":"EntryPoint","urlTemplate":"https:\/\/jiclcd.com\/?s={search_term_string}"},"query-input":{"@type":"PropertyValueSpecification","valueRequired":true,"valueName":"search_term_string"}}],"inLanguage":"fr-FR"},{"@type":"Organization","@id":"https:\/\/jiclcd.com\/#organization","name":"Shenzhen JicTech LCD Co, Ltd.","url":"https:\/\/jiclcd.com\/","logo":{"@type":"ImageObject","inLanguage":"fr-FR","@id":"https:\/\/jiclcd.com\/#\/schema\/logo\/image\/","url":"https:\/\/jiclcd.com\/wp-content\/uploads\/2025\/11\/JicTech-LCD-display-logo_85.png.webp","contentUrl":"https:\/\/jiclcd.com\/wp-content\/uploads\/2025\/11\/JicTech-LCD-display-logo_85.png.webp","width":85,"height":86,"caption":"Shenzhen JicTech LCD Co., Ltd."},"image":{"@id":"https:\/\/jiclcd.com\/#\/schema\/logo\/image\/"}}]}},"_links":{"self":[{"href":"https:\/\/jiclcd.com\/fr\/wp-json\/wp\/v2\/product\/27220","targetHints":{"allow":["GET"]}}],"collection":[{"href":"https:\/\/jiclcd.com\/fr\/wp-json\/wp\/v2\/product"}],"about":[{"href":"https:\/\/jiclcd.com\/fr\/wp-json\/wp\/v2\/types\/product"}],"replies":[{"embeddable":true,"href":"https:\/\/jiclcd.com\/fr\/wp-json\/wp\/v2\/comments?post=27220"}],"wp:featuredmedia":[{"embeddable":true,"href":"https:\/\/jiclcd.com\/fr\/wp-json\/wp\/v2\/media\/27222"}],"wp:attachment":[{"href":"https:\/\/jiclcd.com\/fr\/wp-json\/wp\/v2\/media?parent=27220"}],"wp:term":[{"taxonomy":"product_brand","embeddable":true,"href":"https:\/\/jiclcd.com\/fr\/wp-json\/wp\/v2\/product_brand?post=27220"},{"taxonomy":"product_cat","embeddable":true,"href":"https:\/\/jiclcd.com\/fr\/wp-json\/wp\/v2\/product_cat?post=27220"},{"taxonomy":"product_tag","embeddable":true,"href":"https:\/\/jiclcd.com\/fr\/wp-json\/wp\/v2\/product_tag?post=27220"}],"curies":[{"name":"wp","href":"https:\/\/api.w.org\/{rel}","templated":true}]}}