{"id":27180,"date":"2025-12-17T09:23:14","date_gmt":"2025-12-17T09:23:14","guid":{"rendered":"https:\/\/jiclcd.com\/?post_type=product&#038;p=27180"},"modified":"2026-03-25T07:07:43","modified_gmt":"2026-03-25T07:07:43","slug":"5-0-inch-tft-lcd-module","status":"publish","type":"product","link":"https:\/\/jiclcd.com\/fr\/produit\/5-0-inch-tft-lcd-module\/","title":{"rendered":"Module LCD TFT de 5,0 pouces - affichage 800\u00d7480"},"content":{"rendered":"<h2 class=\"ds-markdown-paragraph\"><strong>D\u00e9tails du produit et sp\u00e9cifications techniques<\/strong><\/h2>\n<p class=\"ds-markdown-paragraph\"><strong>Vue d'ensemble<\/strong><br \/>\nLe RH5015XSR-H2 est un module LCD TFT de 5,0 pouces dot\u00e9 d'un panneau IPS pour des couleurs sup\u00e9rieures et des angles de vision \u00e9tendus. Int\u00e9gr\u00e9 \u00e0 un panneau tactile capacitif G+G et \u00e0 un r\u00e9tro\u00e9clairage LED haute luminosit\u00e9, il offre une lisibilit\u00e9 et une interactivit\u00e9 excellentes pour les applications professionnelles et industrielles.<\/p>\n<p class=\"ds-markdown-paragraph\"><strong>Caract\u00e9ristiques principales<\/strong><\/p>\n<ul>\n<li>\n<p class=\"ds-markdown-paragraph\">Panneau IPS avec grand angle de vision : 85\u00b0 (dans toutes les directions)<\/p>\n<\/li>\n<li>\n<p class=\"ds-markdown-paragraph\">Haute luminosit\u00e9 : 800 cd\/m\u00b2 (typ), jusqu'\u00e0 1000 cd\/m\u00b2.<\/p>\n<\/li>\n<li>\n<p class=\"ds-markdown-paragraph\">\u00c9cran tactile capacitif (structure G+G, tactile \u00e0 5 points)<\/p>\n<\/li>\n<li>\n<p class=\"ds-markdown-paragraph\">Interface MIPI \u00e0 4 voies pour un transfert de donn\u00e9es \u00e0 grande vitesse et \u00e0 faible consommation d'\u00e9nergie<\/p>\n<\/li>\n<li>\n<p class=\"ds-markdown-paragraph\">\u00c9cran couleur 16,7M<\/p>\n<\/li>\n<li>\n<p class=\"ds-markdown-paragraph\">Construction robuste avec lentille de couverture en verre tremp\u00e9<\/p>\n<\/li>\n<li>\n<p class=\"ds-markdown-paragraph\">Temp\u00e9rature de fonctionnement : -20\u00b0C \u00e0 +70\u00b0C<\/p>\n<\/li>\n<\/ul>\n<p class=\"ds-markdown-paragraph\"><strong>Applications<\/strong><\/p>\n<ul>\n<li>\n<p class=\"ds-markdown-paragraph\">Interfaces homme-machine industrielles (IHM)<\/p>\n<\/li>\n<li>\n<p class=\"ds-markdown-paragraph\">Mat\u00e9riel de surveillance m\u00e9dicale<\/p>\n<\/li>\n<li>\n<p class=\"ds-markdown-paragraph\">Infotainment et tableaux de bord automobiles<\/p>\n<\/li>\n<li>\n<p class=\"ds-markdown-paragraph\">Appareils portables et terminaux de poche<\/p>\n<\/li>\n<li>\n<p class=\"ds-markdown-paragraph\">Kiosques interactifs et syst\u00e8mes POS<\/p>\n<\/li>\n<li>\n<p class=\"ds-markdown-paragraph\">Instruments de test et de mesure<\/p>\n<\/li>\n<\/ul>\n<hr \/>\n<p class=\"ds-markdown-paragraph\"><strong>Param\u00e8tres techniques<\/strong><\/p>\n<div class=\"ds-scroll-area _1210dd7 c03cafe9\">\n<div class=\"ds-scroll-area__gutters\">\n<div class=\"ds-scroll-area__horizontal-gutter\"><\/div>\n<div class=\"ds-scroll-area__vertical-gutter\"><\/div>\n<\/div>\n<table>\n<thead>\n<tr>\n<th>Param\u00e8tres<\/th>\n<th>Sp\u00e9cifications<\/th>\n<th>Notes<\/th>\n<\/tr>\n<\/thead>\n<tbody>\n<tr>\n<td><strong>Affichage<\/strong><\/td>\n<td><\/td>\n<td><\/td>\n<\/tr>\n<tr>\n<td>Taille de l'\u00e9cran LCD<\/td>\n<td>5.0 pouces<\/td>\n<td><\/td>\n<\/tr>\n<tr>\n<td>Type de panneau<\/td>\n<td>a-Si TFT, IPS, normalement noir<\/td>\n<td><\/td>\n<\/tr>\n<tr>\n<td>R\u00e9solution<\/td>\n<td>800 RVB \u00d7 480 pixels<\/td>\n<td><\/td>\n<\/tr>\n<tr>\n<td>Mode d'affichage<\/td>\n<td>Transmissif, normalement noir<\/td>\n<td><\/td>\n<\/tr>\n<tr>\n<td>Nombre de couleurs<\/td>\n<td>16.7M<\/td>\n<td><\/td>\n<\/tr>\n<tr>\n<td>Angle de vision (L\/R\/U\/D)<\/td>\n<td>85\u00b0\/85\u00b0\/85\u00b0\/85\u00b0<\/td>\n<td>CR &gt; 10<\/td>\n<\/tr>\n<tr>\n<td>Rapport de contraste<\/td>\n<td>600 (Min), 900 (Typ)<\/td>\n<td><\/td>\n<\/tr>\n<tr>\n<td>Luminance<\/td>\n<td>800 cd\/m\u00b2 (Typ), 1000 cd\/m\u00b2 (Min)<\/td>\n<td><\/td>\n<\/tr>\n<tr>\n<td>Temps de r\u00e9ponse (Tr+Tf)<\/td>\n<td>30 ms (Typ), 35 ms (Max)<\/td>\n<td><\/td>\n<\/tr>\n<tr>\n<td>Gamme de couleurs (NTSC)<\/td>\n<td>64% (Min), 68% (Typ)<\/td>\n<td><\/td>\n<\/tr>\n<tr>\n<td><strong>\u00c9cran tactile<\/strong><\/td>\n<td><\/td>\n<td><\/td>\n<\/tr>\n<tr>\n<td>Structure tactile<\/td>\n<td>G+G (Verre + Verre)<\/td>\n<td>Capacitif<\/td>\n<\/tr>\n<tr>\n<td>Points de contact<\/td>\n<td>5 points<\/td>\n<td><\/td>\n<\/tr>\n<tr>\n<td>Interface<\/td>\n<td>I\u00b2C<\/td>\n<td>Niveau de 3,3V<\/td>\n<\/tr>\n<tr>\n<td><strong>M\u00e9canique<\/strong><\/td>\n<td><\/td>\n<td><\/td>\n<\/tr>\n<tr>\n<td>Dimensions du module<\/td>\n<td>120,7 mm \u00d7 75,8 mm \u00d7 4,2 mm<\/td>\n<td><\/td>\n<\/tr>\n<tr>\n<td>Zone active<\/td>\n<td>108,0 mm (L) \u00d7 64,8 mm (H)\u00a0<em>(extrait du dessin)<\/em><\/td>\n<td><\/td>\n<\/tr>\n<tr>\n<td>Hauteur du pixel<\/td>\n<td>0,08625 mm \u00d7 0,08625 mm<\/td>\n<td><\/td>\n<\/tr>\n<tr>\n<td>Mat\u00e9riau de la lentille de couverture<\/td>\n<td>Verre tremp\u00e9<\/td>\n<td><\/td>\n<\/tr>\n<tr>\n<td><strong>\u00c9lectricit\u00e9<\/strong><\/td>\n<td><\/td>\n<td><\/td>\n<\/tr>\n<tr>\n<td>Interface d'affichage<\/td>\n<td>MIPI \u00e0 4 voies<\/td>\n<td><\/td>\n<\/tr>\n<tr>\n<td>CI du conducteur<\/td>\n<td>ST7262<\/td>\n<td><\/td>\n<\/tr>\n<tr>\n<td>Tension d'alimentation du LCM (VCC)<\/td>\n<td>2,5V - 3,3V (3,6V max)<\/td>\n<td><\/td>\n<\/tr>\n<tr>\n<td>Tension E\/S (IOVCC)<\/td>\n<td>1,65V - 1,8V (2,0V max)<\/td>\n<td><\/td>\n<\/tr>\n<tr>\n<td>Courant d'entr\u00e9e (Idd)<\/td>\n<td>55 mA (Typ), 85 mA (Max)<\/td>\n<td><\/td>\n<\/tr>\n<tr>\n<td><strong>R\u00e9tro-\u00e9clairage<\/strong><\/td>\n<td><\/td>\n<td><\/td>\n<\/tr>\n<tr>\n<td>Source lumineuse<\/td>\n<td>4 \u00d7 7 LED (blanches)<\/td>\n<td>28 LED au total<\/td>\n<\/tr>\n<tr>\n<td>Tension avant (VF)<\/td>\n<td>12V (Typ), 11,2-13,2V Gamme<\/td>\n<td>IF = 140mA<\/td>\n<\/tr>\n<tr>\n<td>Courant direct (IF)<\/td>\n<td>140 mA (Typ)<\/td>\n<td>Courant constant<\/td>\n<\/tr>\n<tr>\n<td>Fr\u00e9quence PWM<\/td>\n<td>25-200 kHz<\/td>\n<td><\/td>\n<\/tr>\n<tr>\n<td>Cycle de travail<\/td>\n<td>25-100%<\/td>\n<td><\/td>\n<\/tr>\n<tr>\n<td>Dur\u00e9e de vie des LED<\/td>\n<td>20 000-50 000 heures<\/td>\n<td>Luminance \u00e0 50% initiale<\/td>\n<\/tr>\n<tr>\n<td><strong>Environnement<\/strong><\/td>\n<td><\/td>\n<td><\/td>\n<\/tr>\n<tr>\n<td>Temp\u00e9rature de fonctionnement<\/td>\n<td>De -20\u00b0C \u00e0 +70\u00b0C<\/td>\n<td><\/td>\n<\/tr>\n<tr>\n<td>Temp\u00e9rature de stockage<\/td>\n<td>De -30\u00b0C \u00e0 +80\u00b0C<\/td>\n<td><\/td>\n<\/tr>\n<tr>\n<td>Humidit\u00e9<\/td>\n<td>\u226490% RH (Max 60\u00b0C)<\/td>\n<td><\/td>\n<\/tr>\n<tr>\n<td><strong>Fiabilit\u00e9 et inspection<\/strong><\/td>\n<td><\/td>\n<td><\/td>\n<\/tr>\n<tr>\n<td>Protection contre les d\u00e9charges \u00e9lectrostatiques (ESD)<\/td>\n<td>\u00b18kV (air), \u00b14kV (contact)<\/td>\n<td><\/td>\n<\/tr>\n<tr>\n<td>Classification des d\u00e9fauts<\/td>\n<td>Majeur (MA) et mineur (MI)<\/td>\n<td>Par GB2828<\/td>\n<\/tr>\n<tr>\n<td>Niveau NQA<\/td>\n<td>MA : 0.4, MI : 0.65<\/td>\n<td><\/td>\n<\/tr>\n<tr>\n<td>Garantie<\/td>\n<td>1 an d'assurance qualit\u00e9<\/td>\n<td><\/td>\n<\/tr>\n<\/tbody>\n<\/table>\n<\/div>\n<hr \/>\n<p class=\"ds-markdown-paragraph\"><strong>Informations compl\u00e9mentaires<\/strong><\/p>\n<ul>\n<li>\n<p class=\"ds-markdown-paragraph\"><strong>Notes sur l'interface :<\/strong>\u00a0Le module prend en charge la signalisation parall\u00e8le RVB 24 bits via l'en-t\u00eate de broche, avec des niveaux d'E\/S r\u00e9f\u00e9renc\u00e9s \u00e0 IOVCC (1,8 V).<\/p>\n<\/li>\n<li>\n<p class=\"ds-markdown-paragraph\"><strong>Int\u00e9gration tactile :<\/strong>\u00a0Interface I\u00b2C pour la communication tactile ; comprend les broches INT et RESET pour le contr\u00f4le de l'h\u00f4te.<\/p>\n<\/li>\n<li>\n<p class=\"ds-markdown-paragraph\"><strong>Montage :<\/strong>\u00a0Utilisez les trous de montage pour une installation s\u00fbre. \u00c9viter les contraintes m\u00e9caniques, la flexion des c\u00e2bles ou la torsion du module.<\/p>\n<\/li>\n<li>\n<p class=\"ds-markdown-paragraph\"><strong>Nettoyage :<\/strong>\u00a0Utilisez uniquement de l'alcool isopropylique ou de l'alcool \u00e9thylique avec un chiffon doux. \u00c9viter l'eau, les c\u00e9tones et les solvants aromatiques.<\/p>\n<\/li>\n<li>\n<p class=\"ds-markdown-paragraph\"><strong>Pr\u00e9cautions contre les d\u00e9charges \u00e9lectrostatiques (ESD) :<\/strong>\u00a0Manipuler dans des conditions de mise \u00e0 la terre. Utiliser un emballage antistatique et maintenir 50-60% RH dans l'environnement de travail.<\/p>\n<\/li>\n<li>\n<p class=\"ds-markdown-paragraph\"><strong>Stockage :<\/strong>\u00a0Stocker dans des sacs antistatiques scell\u00e9s \u00e0 0-35\u00b0C, 40-60% RH, \u00e0 l'abri de la lumi\u00e8re directe ou de l'exposition aux fluorescents.<\/p>\n<\/li>\n<li>\n<p class=\"ds-markdown-paragraph\"><strong>Conformit\u00e9 r\u00e9glementaire :<\/strong>\u00a0Les tests de fiabilit\u00e9 sont conformes aux normes IEC et GB pour l'endurance thermique, m\u00e9canique et ESD.<\/p>\n<\/li>\n<\/ul>\n<p class=\"ds-markdown-paragraph\">Le pr\u00e9sent\u00a0<strong>Module LCD TFT<\/strong>\u00a0de JicTech combine une sortie visuelle de haute performance avec une interaction tactile r\u00e9active dans un bo\u00eetier compact de qualit\u00e9 industrielle. Id\u00e9al pour les d\u00e9veloppeurs et les ing\u00e9nieurs \u00e0 la recherche d'une solution d'affichage fiable et pr\u00eate \u00e0 \u00eatre int\u00e9gr\u00e9e pour des applications avanc\u00e9es.<\/p>\n<p>&nbsp;<\/p>\n<h2>T\u00e9l\u00e9charger les documents techniques<\/h2>\n<p>Cliquez ici pour t\u00e9l\u00e9charger ce document\uff1a<a href=\"https:\/\/jiclcd.com\/wp-content\/uploads\/2025\/12\/FULL-SPEC-RH50I5XSR-H2.pdf\">FULL SPEC-RH50I5XSR-H2<\/a><\/p>\n<p class=\"ds-markdown-paragraph\"><em>Toutes les sp\u00e9cifications sont bas\u00e9es sur la fiche officielle de sp\u00e9cification du produit (Ver : 01). Pour les dessins m\u00e9caniques, les diagrammes de synchronisation des signaux et les crit\u00e8res d'inspection complets, veuillez vous r\u00e9f\u00e9rer au document original.<\/em><\/p>","protected":false},"excerpt":{"rendered":"<p>Le module LCD TFT 5,0\u2033 de JicTech est dot\u00e9 d'un \u00e9cran d'une r\u00e9solution de 800\u00d7480 avec des couleurs vives et une excellente clart\u00e9. Avec des interfaces SPI ou MIPI en option et un design compact, il est id\u00e9al pour les produits portables, les applications embarqu\u00e9es, les panneaux d'automatisation et les appareils IoT.<\/p>","protected":false},"featured_media":27182,"comment_status":"open","ping_status":"closed","template":"","meta":{"_monsterinsights_skip_tracking":false,"_monsterinsights_sitenote_active":false,"_monsterinsights_sitenote_note":"","_monsterinsights_sitenote_category":0},"product_brand":[],"product_cat":[35],"product_tag":[95,160,146,150,149,148],"class_list":{"0":"post-27180","1":"product","2":"type-product","3":"status-publish","4":"has-post-thumbnail","6":"product_cat-tft-lcd-module","7":"product_tag-5-0-inch-tft-lcd-module","8":"product_tag-display-type-ips","9":"product_tag-interface-rgb","10":"product_tag-lcd-hsd","11":"product_tag-pixel-800x480","12":"product_tag-viewing-angle-all","14":"first","15":"instock","16":"shipping-taxable","17":"product-type-simple"},"yoast_head":"<!-- This site is optimized with the Yoast SEO plugin v26.4 - https:\/\/yoast.com\/wordpress\/plugins\/seo\/ -->\n<title>5.0\u2011inch TFT LCD Module \u2013 800\u00d7480 Display - Jictech<\/title>\n<meta name=\"description\" content=\"High\u2011quality 5.0\u2033 TFT LCD Module with 800\u00d7480 resolution and vivid visuals. Compact design with SPI\/MIPI interface options, ideal for handheld devices, embedded systems, automation panels, and IoT displays. Request a quote or datasheet today!\" \/>\n<meta name=\"robots\" content=\"index, follow, max-snippet:-1, max-image-preview:large, max-video-preview:-1\" \/>\n<link rel=\"canonical\" href=\"https:\/\/jiclcd.com\/fr\/produit\/5-0-inch-tft-lcd-module\/\" \/>\n<meta property=\"og:locale\" content=\"fr_FR\" \/>\n<meta property=\"og:type\" content=\"article\" \/>\n<meta property=\"og:title\" content=\"5.0\u2011inch TFT LCD Module \u2013 800\u00d7480 Display - Jictech\" \/>\n<meta property=\"og:description\" content=\"High\u2011quality 5.0\u2033 TFT LCD Module with 800\u00d7480 resolution and vivid visuals. Compact design with SPI\/MIPI interface options, ideal for handheld devices, embedded systems, automation panels, and IoT displays. Request a quote or datasheet today!\" \/>\n<meta property=\"og:url\" content=\"https:\/\/jiclcd.com\/fr\/produit\/5-0-inch-tft-lcd-module\/\" \/>\n<meta property=\"og:site_name\" content=\"Jictech\" \/>\n<meta property=\"article:modified_time\" content=\"2026-03-25T07:07:43+00:00\" \/>\n<meta property=\"og:image\" content=\"https:\/\/jiclcd.com\/wp-content\/uploads\/2025\/12\/TFT-43-1.png\" \/>\n\t<meta property=\"og:image:width\" content=\"800\" \/>\n\t<meta property=\"og:image:height\" content=\"800\" \/>\n\t<meta property=\"og:image:type\" content=\"image\/png\" \/>\n<meta name=\"twitter:card\" content=\"summary_large_image\" \/>\n<meta name=\"twitter:label1\" content=\"Dur\u00e9e de lecture estim\u00e9e\" \/>\n\t<meta name=\"twitter:data1\" content=\"3 minutes\" \/>\n<script type=\"application\/ld+json\" class=\"yoast-schema-graph\">{\"@context\":\"https:\/\/schema.org\",\"@graph\":[{\"@type\":\"WebPage\",\"@id\":\"https:\/\/jiclcd.com\/product\/5-0-inch-tft-lcd-module\/\",\"url\":\"https:\/\/jiclcd.com\/product\/5-0-inch-tft-lcd-module\/\",\"name\":\"5.0\u2011inch TFT LCD Module \u2013 800\u00d7480 Display - Jictech\",\"isPartOf\":{\"@id\":\"https:\/\/jiclcd.com\/#website\"},\"primaryImageOfPage\":{\"@id\":\"https:\/\/jiclcd.com\/product\/5-0-inch-tft-lcd-module\/#primaryimage\"},\"image\":{\"@id\":\"https:\/\/jiclcd.com\/product\/5-0-inch-tft-lcd-module\/#primaryimage\"},\"thumbnailUrl\":\"https:\/\/jiclcd.com\/wp-content\/uploads\/2025\/12\/TFT-43-1.png\",\"datePublished\":\"2025-12-17T09:23:14+00:00\",\"dateModified\":\"2026-03-25T07:07:43+00:00\",\"description\":\"High\u2011quality 5.0\u2033 TFT LCD Module with 800\u00d7480 resolution and vivid visuals. Compact design with SPI\/MIPI interface options, ideal for handheld devices, embedded systems, automation panels, and IoT displays. Request a quote or datasheet today!\",\"breadcrumb\":{\"@id\":\"https:\/\/jiclcd.com\/product\/5-0-inch-tft-lcd-module\/#breadcrumb\"},\"inLanguage\":\"fr-FR\",\"potentialAction\":[{\"@type\":\"ReadAction\",\"target\":[\"https:\/\/jiclcd.com\/product\/5-0-inch-tft-lcd-module\/\"]}]},{\"@type\":\"ImageObject\",\"inLanguage\":\"fr-FR\",\"@id\":\"https:\/\/jiclcd.com\/product\/5-0-inch-tft-lcd-module\/#primaryimage\",\"url\":\"https:\/\/jiclcd.com\/wp-content\/uploads\/2025\/12\/TFT-43-1.png\",\"contentUrl\":\"https:\/\/jiclcd.com\/wp-content\/uploads\/2025\/12\/TFT-43-1.png\",\"width\":800,\"height\":800,\"caption\":\"5.0 inch TFT LCD module 800x480 display\"},{\"@type\":\"BreadcrumbList\",\"@id\":\"https:\/\/jiclcd.com\/product\/5-0-inch-tft-lcd-module\/#breadcrumb\",\"itemListElement\":[{\"@type\":\"ListItem\",\"position\":1,\"name\":\"Home\",\"item\":\"https:\/\/jiclcd.com\/\"},{\"@type\":\"ListItem\",\"position\":2,\"name\":\"Shop\",\"item\":\"https:\/\/jiclcd.com\/shop\/\"},{\"@type\":\"ListItem\",\"position\":3,\"name\":\"5.0\u2011inch TFT LCD Module \u2013 800\u00d7480 Display\"}]},{\"@type\":\"WebSite\",\"@id\":\"https:\/\/jiclcd.com\/#website\",\"url\":\"https:\/\/jiclcd.com\/\",\"name\":\"Industrial Display Manufacturer | TFT LCD, OLED, E-Paper Modules | JicTech\",\"description\":\"High-definition display module manufacturer\",\"publisher\":{\"@id\":\"https:\/\/jiclcd.com\/#organization\"},\"potentialAction\":[{\"@type\":\"SearchAction\",\"target\":{\"@type\":\"EntryPoint\",\"urlTemplate\":\"https:\/\/jiclcd.com\/?s={search_term_string}\"},\"query-input\":{\"@type\":\"PropertyValueSpecification\",\"valueRequired\":true,\"valueName\":\"search_term_string\"}}],\"inLanguage\":\"fr-FR\"},{\"@type\":\"Organization\",\"@id\":\"https:\/\/jiclcd.com\/#organization\",\"name\":\"Shenzhen JicTech LCD Co., Ltd.\",\"url\":\"https:\/\/jiclcd.com\/\",\"logo\":{\"@type\":\"ImageObject\",\"inLanguage\":\"fr-FR\",\"@id\":\"https:\/\/jiclcd.com\/#\/schema\/logo\/image\/\",\"url\":\"https:\/\/jiclcd.com\/wp-content\/uploads\/2025\/11\/JicTech-LCD-display-logo_85.png.webp\",\"contentUrl\":\"https:\/\/jiclcd.com\/wp-content\/uploads\/2025\/11\/JicTech-LCD-display-logo_85.png.webp\",\"width\":85,\"height\":86,\"caption\":\"Shenzhen JicTech LCD Co., Ltd.\"},\"image\":{\"@id\":\"https:\/\/jiclcd.com\/#\/schema\/logo\/image\/\"}}]}<\/script>\n<!-- \/ Yoast SEO plugin. -->","yoast_head_json":{"title":"Module LCD TFT de 5,0 pouces - Affichage 800\u00d7480 - Jictech","description":"Module LCD TFT de 5,0\u2033 de haute qualit\u00e9 avec une r\u00e9solution de 800\u00d7480 et des visuels \u00e9clatants. Conception compacte avec options d'interface SPI\/MIPI, id\u00e9ale pour les appareils portables, les syst\u00e8mes embarqu\u00e9s, les panneaux d'automatisation et les \u00e9crans IoT. Demandez un devis ou une fiche technique d\u00e8s aujourd'hui !","robots":{"index":"index","follow":"follow","max-snippet":"max-snippet:-1","max-image-preview":"max-image-preview:large","max-video-preview":"max-video-preview:-1"},"canonical":"https:\/\/jiclcd.com\/fr\/produit\/5-0-inch-tft-lcd-module\/","og_locale":"fr_FR","og_type":"article","og_title":"5.0\u2011inch TFT LCD Module \u2013 800\u00d7480 Display - Jictech","og_description":"High\u2011quality 5.0\u2033 TFT LCD Module with 800\u00d7480 resolution and vivid visuals. Compact design with SPI\/MIPI interface options, ideal for handheld devices, embedded systems, automation panels, and IoT displays. Request a quote or datasheet today!","og_url":"https:\/\/jiclcd.com\/fr\/produit\/5-0-inch-tft-lcd-module\/","og_site_name":"Jictech","article_modified_time":"2026-03-25T07:07:43+00:00","og_image":[{"width":800,"height":800,"url":"https:\/\/jiclcd.com\/wp-content\/uploads\/2025\/12\/TFT-43-1.png","type":"image\/png"}],"twitter_card":"summary_large_image","twitter_misc":{"Dur\u00e9e de lecture estim\u00e9e":"3 minutes"},"schema":{"@context":"https:\/\/schema.org","@graph":[{"@type":"WebPage","@id":"https:\/\/jiclcd.com\/product\/5-0-inch-tft-lcd-module\/","url":"https:\/\/jiclcd.com\/product\/5-0-inch-tft-lcd-module\/","name":"Module LCD TFT de 5,0 pouces - Affichage 800\u00d7480 - Jictech","isPartOf":{"@id":"https:\/\/jiclcd.com\/#website"},"primaryImageOfPage":{"@id":"https:\/\/jiclcd.com\/product\/5-0-inch-tft-lcd-module\/#primaryimage"},"image":{"@id":"https:\/\/jiclcd.com\/product\/5-0-inch-tft-lcd-module\/#primaryimage"},"thumbnailUrl":"https:\/\/jiclcd.com\/wp-content\/uploads\/2025\/12\/TFT-43-1.png","datePublished":"2025-12-17T09:23:14+00:00","dateModified":"2026-03-25T07:07:43+00:00","description":"Module LCD TFT de 5,0\u2033 de haute qualit\u00e9 avec une r\u00e9solution de 800\u00d7480 et des visuels \u00e9clatants. Conception compacte avec options d'interface SPI\/MIPI, id\u00e9ale pour les appareils portables, les syst\u00e8mes embarqu\u00e9s, les panneaux d'automatisation et les \u00e9crans IoT. Demandez un devis ou une fiche technique d\u00e8s aujourd'hui !","breadcrumb":{"@id":"https:\/\/jiclcd.com\/product\/5-0-inch-tft-lcd-module\/#breadcrumb"},"inLanguage":"fr-FR","potentialAction":[{"@type":"ReadAction","target":["https:\/\/jiclcd.com\/product\/5-0-inch-tft-lcd-module\/"]}]},{"@type":"ImageObject","inLanguage":"fr-FR","@id":"https:\/\/jiclcd.com\/product\/5-0-inch-tft-lcd-module\/#primaryimage","url":"https:\/\/jiclcd.com\/wp-content\/uploads\/2025\/12\/TFT-43-1.png","contentUrl":"https:\/\/jiclcd.com\/wp-content\/uploads\/2025\/12\/TFT-43-1.png","width":800,"height":800,"caption":"5.0 inch TFT LCD module 800x480 display"},{"@type":"BreadcrumbList","@id":"https:\/\/jiclcd.com\/product\/5-0-inch-tft-lcd-module\/#breadcrumb","itemListElement":[{"@type":"ListItem","position":1,"name":"Home","item":"https:\/\/jiclcd.com\/"},{"@type":"ListItem","position":2,"name":"Shop","item":"https:\/\/jiclcd.com\/shop\/"},{"@type":"ListItem","position":3,"name":"5.0\u2011inch TFT LCD Module \u2013 800\u00d7480 Display"}]},{"@type":"WebSite","@id":"https:\/\/jiclcd.com\/#website","url":"https:\/\/jiclcd.com\/","name":"Fabricant d'\u00e9crans industriels | Modules TFT LCD, OLED, E-Paper | JicTech","description":"Fabricant de modules d'affichage haute d\u00e9finition","publisher":{"@id":"https:\/\/jiclcd.com\/#organization"},"potentialAction":[{"@type":"SearchAction","target":{"@type":"EntryPoint","urlTemplate":"https:\/\/jiclcd.com\/?s={search_term_string}"},"query-input":{"@type":"PropertyValueSpecification","valueRequired":true,"valueName":"search_term_string"}}],"inLanguage":"fr-FR"},{"@type":"Organization","@id":"https:\/\/jiclcd.com\/#organization","name":"Shenzhen JicTech LCD Co, Ltd.","url":"https:\/\/jiclcd.com\/","logo":{"@type":"ImageObject","inLanguage":"fr-FR","@id":"https:\/\/jiclcd.com\/#\/schema\/logo\/image\/","url":"https:\/\/jiclcd.com\/wp-content\/uploads\/2025\/11\/JicTech-LCD-display-logo_85.png.webp","contentUrl":"https:\/\/jiclcd.com\/wp-content\/uploads\/2025\/11\/JicTech-LCD-display-logo_85.png.webp","width":85,"height":86,"caption":"Shenzhen JicTech LCD Co., Ltd."},"image":{"@id":"https:\/\/jiclcd.com\/#\/schema\/logo\/image\/"}}]}},"_links":{"self":[{"href":"https:\/\/jiclcd.com\/fr\/wp-json\/wp\/v2\/product\/27180","targetHints":{"allow":["GET"]}}],"collection":[{"href":"https:\/\/jiclcd.com\/fr\/wp-json\/wp\/v2\/product"}],"about":[{"href":"https:\/\/jiclcd.com\/fr\/wp-json\/wp\/v2\/types\/product"}],"replies":[{"embeddable":true,"href":"https:\/\/jiclcd.com\/fr\/wp-json\/wp\/v2\/comments?post=27180"}],"wp:featuredmedia":[{"embeddable":true,"href":"https:\/\/jiclcd.com\/fr\/wp-json\/wp\/v2\/media\/27182"}],"wp:attachment":[{"href":"https:\/\/jiclcd.com\/fr\/wp-json\/wp\/v2\/media?parent=27180"}],"wp:term":[{"taxonomy":"product_brand","embeddable":true,"href":"https:\/\/jiclcd.com\/fr\/wp-json\/wp\/v2\/product_brand?post=27180"},{"taxonomy":"product_cat","embeddable":true,"href":"https:\/\/jiclcd.com\/fr\/wp-json\/wp\/v2\/product_cat?post=27180"},{"taxonomy":"product_tag","embeddable":true,"href":"https:\/\/jiclcd.com\/fr\/wp-json\/wp\/v2\/product_tag?post=27180"}],"curies":[{"name":"wp","href":"https:\/\/api.w.org\/{rel}","templated":true}]}}