{"id":27152,"date":"2025-12-17T07:32:44","date_gmt":"2025-12-17T07:32:44","guid":{"rendered":"https:\/\/jiclcd.com\/?post_type=product&#038;p=27152"},"modified":"2026-03-25T07:29:33","modified_gmt":"2026-03-25T07:29:33","slug":"1-77-inch-tft-lcd-module","status":"publish","type":"product","link":"https:\/\/jiclcd.com\/fr\/product\/1-77-inch-tft-lcd-module\/","title":{"rendered":"Module LCD TFT de 1,77 pouce - Affichage 128\u00d7160"},"content":{"rendered":"<h2><strong>Vue d'ensemble<\/strong><\/h2>\n<p class=\"ds-markdown-paragraph\">Le\u00a0<strong>RT018T2T-C04<\/strong>\u00a0est un module LCD TFT de 1,77 pouce con\u00e7u pour les applications n\u00e9cessitant un \u00e9cran compact, lumineux et facile \u00e0 utiliser. Avec une r\u00e9solution RVB de 128\u00d7160, une interface SPI et un r\u00e9tro\u00e9clairage LED blanc int\u00e9gr\u00e9, ce module convient aux appareils mobiles, \u00e0 l'\u00e9lectronique portable et aux syst\u00e8mes embarqu\u00e9s. Son panneau TN transmissif avec mode blanc normal assure une bonne lisibilit\u00e9, tandis que sa construction robuste permet un fonctionnement fiable dans des environnements vari\u00e9s.<\/p>\n<hr \/>\n<h2><strong>Caract\u00e9ristiques principales<\/strong><\/h2>\n<ul>\n<li>\n<p class=\"ds-markdown-paragraph\"><strong>\u00c9cran transmissif TFT de 1,77 pouce<\/strong>\u00a0avec une r\u00e9solution de 128\u00d7160 RGB<\/p>\n<\/li>\n<li>\n<p class=\"ds-markdown-paragraph\"><strong>Interface SPI \u00e0 3 fils<\/strong>\u00a0pour une int\u00e9gration simple du microcontr\u00f4leur<\/p>\n<\/li>\n<li>\n<p class=\"ds-markdown-paragraph\"><strong>Haute luminosit\u00e9<\/strong>: 200 cd\/m\u00b2 typique<\/p>\n<\/li>\n<li>\n<p class=\"ds-markdown-paragraph\"><strong>Grand angle de vision<\/strong>\u00a0avec une orientation recommand\u00e9e \u00e0 12 heures<\/p>\n<\/li>\n<li>\n<p class=\"ds-markdown-paragraph\"><strong>Module compact<\/strong>: 34,0 mm (L) \u00d7 44,0 mm (H) \u00d7 2,4 mm (T)<\/p>\n<\/li>\n<li>\n<p class=\"ds-markdown-paragraph\"><strong>CI du conducteur<\/strong>: ST7735S<\/p>\n<\/li>\n<li>\n<p class=\"ds-markdown-paragraph\"><strong>R\u00e9tro-\u00e9clairage LED blanc<\/strong>\u00a0avec deux LED (Harvatek, 350-400 mcd)<\/p>\n<\/li>\n<li>\n<p class=\"ds-markdown-paragraph\"><strong>Temp\u00e9rature de fonctionnement<\/strong>Temp\u00e9rature d'utilisation : -20\u00b0C \u00e0 +70\u00b0C<\/p>\n<\/li>\n<li>\n<p class=\"ds-markdown-paragraph\"><strong>Conforme \u00e0 la directive RoHS<\/strong><\/p>\n<\/li>\n<\/ul>\n<hr \/>\n<h2><strong>Sp\u00e9cifications techniques<\/strong><\/h2>\n<div class=\"ds-scroll-area _1210dd7 c03cafe9\">\n<div class=\"ds-scroll-area__gutters\">\n<div class=\"ds-scroll-area__horizontal-gutter\">\n<div class=\"ds-scroll-area__horizontal-bar\"><\/div>\n<\/div>\n<div class=\"ds-scroll-area__vertical-gutter\"><\/div>\n<\/div>\n<table>\n<thead>\n<tr>\n<th>Cat\u00e9gorie<\/th>\n<th>Param\u00e8tres<\/th>\n<th>Symbole<\/th>\n<th>Min<\/th>\n<th>Type<\/th>\n<th>Max<\/th>\n<th>Unit\u00e9<\/th>\n<th>Notes<\/th>\n<\/tr>\n<\/thead>\n<tbody>\n<tr>\n<td><strong>G\u00e9n\u00e9ral<\/strong><\/td>\n<td>Type d'\u00e9cran LCD<\/td>\n<td>\u2013<\/td>\n<td>\u2013<\/td>\n<td>TFT transmissif, blanc normal<\/td>\n<td>\u2013<\/td>\n<td>\u2013<\/td>\n<td>\u2013<\/td>\n<\/tr>\n<tr>\n<td><\/td>\n<td>Type de panneau<\/td>\n<td>\u2013<\/td>\n<td>\u2013<\/td>\n<td>Matrice active a-Si TFT<\/td>\n<td>\u2013<\/td>\n<td>\u2013<\/td>\n<td>\u2013<\/td>\n<\/tr>\n<tr>\n<td><\/td>\n<td>R\u00e9solution<\/td>\n<td>\u2013<\/td>\n<td>\u2013<\/td>\n<td>128 (RGB) \u00d7 160<\/td>\n<td>\u2013<\/td>\n<td>Points<\/td>\n<td>Bande verticale RVB<\/td>\n<\/tr>\n<tr>\n<td><\/td>\n<td>Zone active<\/td>\n<td>\u2013<\/td>\n<td>\u2013<\/td>\n<td>28.03 \u00d7 35.04<\/td>\n<td>\u2013<\/td>\n<td>mm<\/td>\n<td>\u2013<\/td>\n<\/tr>\n<tr>\n<td><\/td>\n<td>Taille du module<\/td>\n<td>\u2013<\/td>\n<td>\u2013<\/td>\n<td>34.0 \u00d7 44.0 \u00d7 2.4<\/td>\n<td>\u2013<\/td>\n<td>mm<\/td>\n<td>\u2013<\/td>\n<\/tr>\n<tr>\n<td><\/td>\n<td>Direction de visualisation<\/td>\n<td>\u2013<\/td>\n<td>\u2013<\/td>\n<td>12 heures<\/td>\n<td>\u2013<\/td>\n<td>\u2013<\/td>\n<td>\u2013<\/td>\n<\/tr>\n<tr>\n<td><\/td>\n<td>CI du conducteur<\/td>\n<td>\u2013<\/td>\n<td>\u2013<\/td>\n<td>ST7735S<\/td>\n<td>\u2013<\/td>\n<td>\u2013<\/td>\n<td>\u2013<\/td>\n<\/tr>\n<tr>\n<td><\/td>\n<td>Interface<\/td>\n<td>\u2013<\/td>\n<td>\u2013<\/td>\n<td>SPI 3 fils (SDI\/SDO)<\/td>\n<td>\u2013<\/td>\n<td>\u2013<\/td>\n<td>\u2013<\/td>\n<\/tr>\n<tr>\n<td><\/td>\n<td>R\u00e9tro-\u00e9clairage<\/td>\n<td>\u2013<\/td>\n<td>\u2013<\/td>\n<td>2 LED blanches<\/td>\n<td>\u2013<\/td>\n<td>\u2013<\/td>\n<td>Harvatek, Grade B<\/td>\n<\/tr>\n<tr>\n<td><strong>Notations absolues<\/strong><\/td>\n<td>Tension d'alimentation (logique)<\/td>\n<td>Vcc<\/td>\n<td>-0.3<\/td>\n<td>\u2013<\/td>\n<td>4.6<\/td>\n<td>V<\/td>\n<td>\u2013<\/td>\n<\/tr>\n<tr>\n<td><\/td>\n<td>Tension d'entr\u00e9e (logique)<\/td>\n<td>VIN<\/td>\n<td>-0.3<\/td>\n<td>\u2013<\/td>\n<td>4.6<\/td>\n<td>V<\/td>\n<td>\u2013<\/td>\n<\/tr>\n<tr>\n<td><\/td>\n<td>Courant de la LED (par LED)<\/td>\n<td>ILED<\/td>\n<td>\u2013<\/td>\n<td>\u2013<\/td>\n<td>30<\/td>\n<td>mA<\/td>\n<td>\u2013<\/td>\n<\/tr>\n<tr>\n<td><\/td>\n<td>Temp\u00e9rature de fonctionnement<\/td>\n<td>TOP<\/td>\n<td>-20<\/td>\n<td>\u2013<\/td>\n<td>+70<\/td>\n<td>\u00b0C<\/td>\n<td>\u2013<\/td>\n<\/tr>\n<tr>\n<td><\/td>\n<td>Temp\u00e9rature de stockage<\/td>\n<td>TST<\/td>\n<td>-30<\/td>\n<td>\u2013<\/td>\n<td>+80<\/td>\n<td>\u00b0C<\/td>\n<td>\u2013<\/td>\n<\/tr>\n<tr>\n<td><strong>\u00c9lectricit\u00e9<\/strong><\/td>\n<td>Tension d'alimentation logique<\/td>\n<td>Vcc<\/td>\n<td>2.5<\/td>\n<td>2.8<\/td>\n<td>3.3<\/td>\n<td>V<\/td>\n<td>Borne VDD<\/td>\n<\/tr>\n<tr>\n<td><\/td>\n<td>Tension basse d'entr\u00e9e<\/td>\n<td>VIL<\/td>\n<td>-0.3<\/td>\n<td>\u2013<\/td>\n<td>0,2VDD<\/td>\n<td>V<\/td>\n<td>\u2013<\/td>\n<\/tr>\n<tr>\n<td><\/td>\n<td>Haute tension d'entr\u00e9e<\/td>\n<td>VIH<\/td>\n<td>0,8VCC<\/td>\n<td>\u2013<\/td>\n<td>VCC<\/td>\n<td>V<\/td>\n<td>\u2013<\/td>\n<\/tr>\n<tr>\n<td><\/td>\n<td>Tension directe de la LED<\/td>\n<td>Vf<\/td>\n<td>2.7<\/td>\n<td>3.2<\/td>\n<td>3.4<\/td>\n<td>V<\/td>\n<td>\u2013<\/td>\n<\/tr>\n<tr>\n<td><\/td>\n<td>Courant de la LED (typique)<\/td>\n<td>ILED<\/td>\n<td>\u2013<\/td>\n<td>15<\/td>\n<td>20<\/td>\n<td>mA<\/td>\n<td>Par LED<\/td>\n<\/tr>\n<tr>\n<td><strong>Optique<\/strong><\/td>\n<td>Luminosit\u00e9<\/td>\n<td>B<\/td>\n<td>200<\/td>\n<td>\u2013<\/td>\n<td>\u2013<\/td>\n<td>cd\/m\u00b2<\/td>\n<td>\u2013<\/td>\n<\/tr>\n<tr>\n<td><\/td>\n<td>Rapport de contraste<\/td>\n<td>CR<\/td>\n<td>\u2013<\/td>\n<td>300<\/td>\n<td>\u2013<\/td>\n<td>\u2013<\/td>\n<td>\u2013<\/td>\n<\/tr>\n<tr>\n<td><\/td>\n<td>Temps de r\u00e9ponse<\/td>\n<td>Tr+Tf<\/td>\n<td>\u2013<\/td>\n<td>25<\/td>\n<td>\u2013<\/td>\n<td>ms<\/td>\n<td>\u2013<\/td>\n<\/tr>\n<tr>\n<td><\/td>\n<td>Angle de vue (horizontal)<\/td>\n<td>\u03b8x\u00b1<\/td>\n<td>50<\/td>\n<td>60<\/td>\n<td>\u2013<\/td>\n<td>deg<\/td>\n<td>CR\u226510<\/td>\n<\/tr>\n<tr>\n<td><\/td>\n<td>Angle de vue (vertical)<\/td>\n<td>\u03b8y+<\/td>\n<td>45<\/td>\n<td>\u2013<\/td>\n<td>\u2013<\/td>\n<td>deg<\/td>\n<td>CR\u226510<\/td>\n<\/tr>\n<tr>\n<td><\/td>\n<td><\/td>\n<td>\u03b8y-<\/td>\n<td>60<\/td>\n<td>\u2013<\/td>\n<td>\u2013<\/td>\n<td>deg<\/td>\n<td>\u2013<\/td>\n<\/tr>\n<tr>\n<td><\/td>\n<td>Rapport NTSC<\/td>\n<td>\u2013<\/td>\n<td>\u2013<\/td>\n<td>55.3<\/td>\n<td>\u2013<\/td>\n<td>%<\/td>\n<td>\u2013<\/td>\n<\/tr>\n<tr>\n<td><strong>Fiabilit\u00e9<\/strong><\/td>\n<td>Fonctionnement \u00e0 haute temp\u00e9rature<\/td>\n<td>\u2013<\/td>\n<td>70\u00b0C, 96h, sous tension<\/td>\n<td>\u2013<\/td>\n<td>\u2013<\/td>\n<td>\u2013<\/td>\n<td>\u2013<\/td>\n<\/tr>\n<tr>\n<td><\/td>\n<td>Fonctionnement \u00e0 basse temp\u00e9rature<\/td>\n<td>\u2013<\/td>\n<td>-20\u00b0C, 96h, aliment\u00e9<\/td>\n<td>\u2013<\/td>\n<td>\u2013<\/td>\n<td>\u2013<\/td>\n<td>\u2013<\/td>\n<\/tr>\n<tr>\n<td><\/td>\n<td>Stockage \u00e0 haute temp\u00e9rature<\/td>\n<td>\u2013<\/td>\n<td>80\u00b0C, 96h, sans alimentation<\/td>\n<td>\u2013<\/td>\n<td>\u2013<\/td>\n<td>\u2013<\/td>\n<td>\u2013<\/td>\n<\/tr>\n<tr>\n<td><\/td>\n<td>Stockage \u00e0 basse temp\u00e9rature<\/td>\n<td>\u2013<\/td>\n<td>-30\u00b0C, 96h, non aliment\u00e9<\/td>\n<td>\u2013<\/td>\n<td>\u2013<\/td>\n<td>\u2013<\/td>\n<td>\u2013<\/td>\n<\/tr>\n<tr>\n<td><\/td>\n<td>Humidit\u00e9 Stockage<\/td>\n<td>\u2013<\/td>\n<td>60\u00b0C, 90%RH, 96h<\/td>\n<td>\u2013<\/td>\n<td>\u2013<\/td>\n<td>\u2013<\/td>\n<td>\u2013<\/td>\n<\/tr>\n<tr>\n<td><\/td>\n<td>Choc thermique<\/td>\n<td>\u2013<\/td>\n<td>-30\u00b0C \u2194 +80\u00b0C, 10 cycles<\/td>\n<td>\u2013<\/td>\n<td>\u2013<\/td>\n<td>\u2013<\/td>\n<td>\u2013<\/td>\n<\/tr>\n<tr>\n<td><\/td>\n<td>Essai de vibration<\/td>\n<td>\u2013<\/td>\n<td>10-55Hz, 1.5mm, XYZ 2h chaque<\/td>\n<td>\u2013<\/td>\n<td>\u2013<\/td>\n<td>\u2013<\/td>\n<td>\u2013<\/td>\n<\/tr>\n<tr>\n<td><\/td>\n<td>Protection contre les d\u00e9charges \u00e9lectrostatiques (ESD)<\/td>\n<td>\u2013<\/td>\n<td>Air : \u00b14kV ; Contact : \u00b12kV<\/td>\n<td>\u2013<\/td>\n<td>\u2013<\/td>\n<td>\u2013<\/td>\n<td>\u2013<\/td>\n<\/tr>\n<tr>\n<td><strong>Qualit\u00e9<\/strong><\/td>\n<td>NQA (d\u00e9fauts majeurs)<\/td>\n<td>\u2013<\/td>\n<td>\u2013<\/td>\n<td>0.65<\/td>\n<td>\u2013<\/td>\n<td>\u2013<\/td>\n<td>MIL-STD-105E Niveau II<\/td>\n<\/tr>\n<tr>\n<td><\/td>\n<td>NQA (d\u00e9fauts mineurs)<\/td>\n<td>\u2013<\/td>\n<td>\u2013<\/td>\n<td>2.5<\/td>\n<td>\u2013<\/td>\n<td>\u2013<\/td>\n<td>\u2013<\/td>\n<\/tr>\n<tr>\n<td><\/td>\n<td>MTBF<\/td>\n<td>\u2013<\/td>\n<td>\u2013<\/td>\n<td>50 000 heures<\/td>\n<td>\u2013<\/td>\n<td>\u2013<\/td>\n<td>Dans des conditions normales<\/td>\n<\/tr>\n<\/tbody>\n<\/table>\n<\/div>\n<hr \/>\n<h2><strong>Brochage de l'interface<\/strong><\/h2>\n<div class=\"ds-scroll-area _1210dd7 c03cafe9\">\n<div class=\"ds-scroll-area__gutters\">\n<div class=\"ds-scroll-area__horizontal-gutter\"><\/div>\n<div class=\"ds-scroll-area__vertical-gutter\"><\/div>\n<\/div>\n<table>\n<thead>\n<tr>\n<th>\u00c9pingle<\/th>\n<th>Symbole<\/th>\n<th>Description<\/th>\n<\/tr>\n<\/thead>\n<tbody>\n<tr>\n<td>1<\/td>\n<td>GND<\/td>\n<td>Sol<\/td>\n<\/tr>\n<tr>\n<td>2<\/td>\n<td>VCC<\/td>\n<td>Alimentation (2,8V)<\/td>\n<\/tr>\n<tr>\n<td>3<\/td>\n<td>SCL<\/td>\n<td>Horloge s\u00e9rie (SPI)<\/td>\n<\/tr>\n<tr>\n<td>4<\/td>\n<td>SDI\/SDA<\/td>\n<td>Entr\u00e9e de donn\u00e9es en s\u00e9rie (SPI)<\/td>\n<\/tr>\n<tr>\n<td>5<\/td>\n<td>RES<\/td>\n<td>R\u00e9initialisation (active basse)<\/td>\n<\/tr>\n<tr>\n<td>6<\/td>\n<td>DC(NC)<\/td>\n<td>Pas de connexion<\/td>\n<\/tr>\n<tr>\n<td>7<\/td>\n<td>CS<\/td>\n<td>S\u00e9lection de la puce<\/td>\n<\/tr>\n<tr>\n<td>8<\/td>\n<td>DC(NC)<\/td>\n<td>Pas de connexion<\/td>\n<\/tr>\n<tr>\n<td>9<\/td>\n<td>LEDA<\/td>\n<td>Anode LED (r\u00e9tro\u00e9clairage)<\/td>\n<\/tr>\n<tr>\n<td>10<\/td>\n<td>LEDK<\/td>\n<td>Cathode de la LED (r\u00e9tro\u00e9clairage)<\/td>\n<\/tr>\n<\/tbody>\n<\/table>\n<\/div>\n<hr \/>\n<h2><strong>Applications<\/strong><\/h2>\n<ul>\n<li>\n<p class=\"ds-markdown-paragraph\">T\u00e9l\u00e9phones mobiles et appareils de communication portables<\/p>\n<\/li>\n<li>\n<p class=\"ds-markdown-paragraph\">Consoles de jeux portables (PSP)<\/p>\n<\/li>\n<li>\n<p class=\"ds-markdown-paragraph\">Assistants num\u00e9riques personnels (PDA)<\/p>\n<\/li>\n<li>\n<p class=\"ds-markdown-paragraph\">Syst\u00e8mes de navigation GPS<\/p>\n<\/li>\n<li>\n<p class=\"ds-markdown-paragraph\">Panneaux de contr\u00f4le industriels<\/p>\n<\/li>\n<li>\n<p class=\"ds-markdown-paragraph\">\u00c9quipements m\u00e9dicaux et d'essai portables<\/p>\n<\/li>\n<li>\n<p class=\"ds-markdown-paragraph\">\u00c9crans pour l'\u00e9lectronique grand public<\/p>\n<\/li>\n<\/ul>\n<hr \/>\n<h2><strong>Fiabilit\u00e9 et assurance qualit\u00e9<\/strong><\/h2>\n<ul>\n<li>\n<p class=\"ds-markdown-paragraph\">Tests environnementaux et de durabilit\u00e9 complets<\/p>\n<\/li>\n<li>\n<p class=\"ds-markdown-paragraph\">Inspection de haut niveau selon MIL-STD-105E<\/p>\n<\/li>\n<li>\n<p class=\"ds-markdown-paragraph\">MTBF de 50 000 heures dans des conditions normales d'utilisation<\/p>\n<\/li>\n<li>\n<p class=\"ds-markdown-paragraph\">Classification rigoureuse des d\u00e9fauts et contr\u00f4le du NQA<\/p>\n<\/li>\n<\/ul>\n<hr \/>\n<h2><strong>Notes sur l'emballage et la manutention<\/strong><\/h2>\n<ul>\n<li>\n<p class=\"ds-markdown-paragraph\">Les modules sont emball\u00e9s dans des plateaux et des bo\u00eetes antistatiques.<\/p>\n<\/li>\n<li>\n<p class=\"ds-markdown-paragraph\">Stockage recommand\u00e9 : 25\u00b110\u00b0C, 50\u00b110% RH, \u00e0 l'abri de la lumi\u00e8re directe.<\/p>\n<\/li>\n<li>\n<p class=\"ds-markdown-paragraph\">Une protection ESD est n\u00e9cessaire lors de la manipulation et de l'assemblage.<\/p>\n<\/li>\n<li>\n<p class=\"ds-markdown-paragraph\">La temp\u00e9rature de soudure ne doit pas d\u00e9passer 280\u00b0C pendant \u22643 secondes.<\/p>\n<\/li>\n<\/ul>\n<hr \/>\n<h2><strong>Pourquoi choisir JicTech ?<\/strong><\/h2>\n<p class=\"ds-markdown-paragraph\">JicTech fournit des modules LCD TFT fiables, lumineux et faciles \u00e0 int\u00e9grer, soutenus par des contr\u00f4les de qualit\u00e9 rigoureux et une validation de fiabilit\u00e9 \u00e9tendue. Avec des sp\u00e9cifications optiques claires, un fonctionnement \u00e0 large temp\u00e9rature et une interface SPI simple, le RT018T2T-C04 est un choix fiable pour les applications d'affichage portables et embarqu\u00e9es.<\/p>\n<hr \/>\n<p>&nbsp;<\/p>\n<p class=\"ds-markdown-paragraph\"><strong>Pr\u00eat \u00e0 int\u00e9grer un \u00e9cran lumineux et compact dans votre projet ? Contactez-nous d\u00e8s aujourd'hui pour obtenir des \u00e9chantillons, des prix et une assistance technique !<\/strong><\/p>\n<p>&nbsp;<\/p>\n<h2>T\u00e9l\u00e9charger les documents techniques<\/h2>\n<p>Cliquez ici pour t\u00e9l\u00e9charger ce document\uff1a<a href=\"https:\/\/jiclcd.com\/wp-content\/uploads\/2025\/12\/FULL-SPEC-RT018T2T-C04.pdf\">FULL SPEC-RT018T2T-C04<\/a><\/p>","protected":false},"excerpt":{"rendered":"<p>Le module LCD TFT de 1,77\u2033 de JicTech se caract\u00e9rise par un affichage 128\u00d7160 avec des couleurs vives et la prise en charge des interfaces SPI ou MCU. Parfait pour les appareils portables compacts, l'\u00e9lectronique embarqu\u00e9e et les applications portables.<\/p>","protected":false},"featured_media":27154,"comment_status":"open","ping_status":"closed","template":"","meta":{"_monsterinsights_skip_tracking":false,"_monsterinsights_sitenote_active":false,"_monsterinsights_sitenote_note":"","_monsterinsights_sitenote_category":0},"product_brand":[],"product_cat":[35],"product_tag":[89,163,169,150,173,145],"class_list":{"0":"post-27152","1":"product","2":"type-product","3":"status-publish","4":"has-post-thumbnail","6":"product_cat-tft-lcd-module","7":"product_tag-1-77inch-highbrightness-tft-lcd-module","8":"product_tag-display-type-a-si-tft","9":"product_tag-interface-spi","10":"product_tag-lcd-hsd","11":"product_tag-pixel-128x160","12":"product_tag-viewing-angle-12","14":"first","15":"instock","16":"shipping-taxable","17":"product-type-simple"},"yoast_head":"<!-- This site is optimized with the Yoast SEO plugin v26.4 - https:\/\/yoast.com\/wordpress\/plugins\/seo\/ -->\n<title>1.77-inch TFT LCD Module \u2013 128\u00d7160 Display - Jictech<\/title>\n<meta name=\"description\" content=\"High-quality 1.77\u2033 TFT LCD Module (128\u00d7160) with vivid color and SPI\/MCU interface options. Ideal for wearables, handheld electronics, and embedded systems. Request a quote or datasheet now!\" \/>\n<meta name=\"robots\" content=\"index, follow, max-snippet:-1, max-image-preview:large, max-video-preview:-1\" \/>\n<link rel=\"canonical\" href=\"https:\/\/jiclcd.com\/fr\/produit\/1-77-inch-tft-lcd-module\/\" \/>\n<meta property=\"og:locale\" content=\"fr_FR\" \/>\n<meta property=\"og:type\" content=\"article\" \/>\n<meta property=\"og:title\" content=\"1.77-inch TFT LCD Module \u2013 128\u00d7160 Display - Jictech\" \/>\n<meta property=\"og:description\" content=\"High-quality 1.77\u2033 TFT LCD Module (128\u00d7160) with vivid color and SPI\/MCU interface options. Ideal for wearables, handheld electronics, and embedded systems. Request a quote or datasheet now!\" \/>\n<meta property=\"og:url\" content=\"https:\/\/jiclcd.com\/fr\/produit\/1-77-inch-tft-lcd-module\/\" \/>\n<meta property=\"og:site_name\" content=\"Jictech\" \/>\n<meta property=\"article:modified_time\" content=\"2026-03-25T07:29:33+00:00\" \/>\n<meta property=\"og:image\" content=\"https:\/\/jiclcd.com\/wp-content\/uploads\/2025\/12\/TFT-11-1.png\" \/>\n\t<meta property=\"og:image:width\" content=\"800\" \/>\n\t<meta property=\"og:image:height\" content=\"800\" \/>\n\t<meta property=\"og:image:type\" content=\"image\/png\" \/>\n<meta name=\"twitter:card\" content=\"summary_large_image\" \/>\n<meta name=\"twitter:label1\" content=\"Dur\u00e9e de lecture estim\u00e9e\" \/>\n\t<meta name=\"twitter:data1\" content=\"3 minutes\" \/>\n<script type=\"application\/ld+json\" class=\"yoast-schema-graph\">{\"@context\":\"https:\/\/schema.org\",\"@graph\":[{\"@type\":\"WebPage\",\"@id\":\"https:\/\/jiclcd.com\/product\/1-77-inch-tft-lcd-module\/\",\"url\":\"https:\/\/jiclcd.com\/product\/1-77-inch-tft-lcd-module\/\",\"name\":\"1.77-inch TFT LCD Module \u2013 128\u00d7160 Display - Jictech\",\"isPartOf\":{\"@id\":\"https:\/\/jiclcd.com\/#website\"},\"primaryImageOfPage\":{\"@id\":\"https:\/\/jiclcd.com\/product\/1-77-inch-tft-lcd-module\/#primaryimage\"},\"image\":{\"@id\":\"https:\/\/jiclcd.com\/product\/1-77-inch-tft-lcd-module\/#primaryimage\"},\"thumbnailUrl\":\"https:\/\/jiclcd.com\/wp-content\/uploads\/2025\/12\/TFT-11-1.png\",\"datePublished\":\"2025-12-17T07:32:44+00:00\",\"dateModified\":\"2026-03-25T07:29:33+00:00\",\"description\":\"High-quality 1.77\u2033 TFT LCD Module (128\u00d7160) with vivid color and SPI\/MCU interface options. Ideal for wearables, handheld electronics, and embedded systems. Request a quote or datasheet now!\",\"breadcrumb\":{\"@id\":\"https:\/\/jiclcd.com\/product\/1-77-inch-tft-lcd-module\/#breadcrumb\"},\"inLanguage\":\"fr-FR\",\"potentialAction\":[{\"@type\":\"ReadAction\",\"target\":[\"https:\/\/jiclcd.com\/product\/1-77-inch-tft-lcd-module\/\"]}]},{\"@type\":\"ImageObject\",\"inLanguage\":\"fr-FR\",\"@id\":\"https:\/\/jiclcd.com\/product\/1-77-inch-tft-lcd-module\/#primaryimage\",\"url\":\"https:\/\/jiclcd.com\/wp-content\/uploads\/2025\/12\/TFT-11-1.png\",\"contentUrl\":\"https:\/\/jiclcd.com\/wp-content\/uploads\/2025\/12\/TFT-11-1.png\",\"width\":800,\"height\":800,\"caption\":\"1.77 inch TFT LCD module 128x160 display SPI MCU\"},{\"@type\":\"BreadcrumbList\",\"@id\":\"https:\/\/jiclcd.com\/product\/1-77-inch-tft-lcd-module\/#breadcrumb\",\"itemListElement\":[{\"@type\":\"ListItem\",\"position\":1,\"name\":\"Home\",\"item\":\"https:\/\/jiclcd.com\/\"},{\"@type\":\"ListItem\",\"position\":2,\"name\":\"Shop\",\"item\":\"https:\/\/jiclcd.com\/?page_id=29487\"},{\"@type\":\"ListItem\",\"position\":3,\"name\":\"1.77-inch TFT LCD Module \u2013 128\u00d7160 Display\"}]},{\"@type\":\"WebSite\",\"@id\":\"https:\/\/jiclcd.com\/#website\",\"url\":\"https:\/\/jiclcd.com\/\",\"name\":\"Industrial Display Manufacturer | TFT LCD, OLED, E-Paper Modules | JicTech\",\"description\":\"High-definition display module manufacturer\",\"publisher\":{\"@id\":\"https:\/\/jiclcd.com\/#organization\"},\"potentialAction\":[{\"@type\":\"SearchAction\",\"target\":{\"@type\":\"EntryPoint\",\"urlTemplate\":\"https:\/\/jiclcd.com\/?s={search_term_string}\"},\"query-input\":{\"@type\":\"PropertyValueSpecification\",\"valueRequired\":true,\"valueName\":\"search_term_string\"}}],\"inLanguage\":\"fr-FR\"},{\"@type\":\"Organization\",\"@id\":\"https:\/\/jiclcd.com\/#organization\",\"name\":\"Shenzhen JicTech LCD Co., Ltd.\",\"url\":\"https:\/\/jiclcd.com\/\",\"logo\":{\"@type\":\"ImageObject\",\"inLanguage\":\"fr-FR\",\"@id\":\"https:\/\/jiclcd.com\/#\/schema\/logo\/image\/\",\"url\":\"https:\/\/jiclcd.com\/wp-content\/uploads\/2025\/11\/JicTech-LCD-display-logo_85.png.webp\",\"contentUrl\":\"https:\/\/jiclcd.com\/wp-content\/uploads\/2025\/11\/JicTech-LCD-display-logo_85.png.webp\",\"width\":85,\"height\":86,\"caption\":\"Shenzhen JicTech LCD Co., Ltd.\"},\"image\":{\"@id\":\"https:\/\/jiclcd.com\/#\/schema\/logo\/image\/\"}}]}<\/script>\n<!-- \/ Yoast SEO plugin. -->","yoast_head_json":{"title":"Module LCD TFT de 1,77 pouce - Affichage 128\u00d7160 - Jictech","description":"Module LCD TFT de haute qualit\u00e9 de 1,77\u2033 (128\u00d7160) avec des couleurs vives et des options d'interface SPI\/MCU. Id\u00e9al pour les wearables, l'\u00e9lectronique de poche et les syst\u00e8mes embarqu\u00e9s. Demandez un devis ou une fiche technique maintenant !","robots":{"index":"index","follow":"follow","max-snippet":"max-snippet:-1","max-image-preview":"max-image-preview:large","max-video-preview":"max-video-preview:-1"},"canonical":"https:\/\/jiclcd.com\/fr\/produit\/1-77-inch-tft-lcd-module\/","og_locale":"fr_FR","og_type":"article","og_title":"1.77-inch TFT LCD Module \u2013 128\u00d7160 Display - Jictech","og_description":"High-quality 1.77\u2033 TFT LCD Module (128\u00d7160) with vivid color and SPI\/MCU interface options. Ideal for wearables, handheld electronics, and embedded systems. Request a quote or datasheet now!","og_url":"https:\/\/jiclcd.com\/fr\/produit\/1-77-inch-tft-lcd-module\/","og_site_name":"Jictech","article_modified_time":"2026-03-25T07:29:33+00:00","og_image":[{"width":800,"height":800,"url":"https:\/\/jiclcd.com\/wp-content\/uploads\/2025\/12\/TFT-11-1.png","type":"image\/png"}],"twitter_card":"summary_large_image","twitter_misc":{"Dur\u00e9e de lecture estim\u00e9e":"3 minutes"},"schema":{"@context":"https:\/\/schema.org","@graph":[{"@type":"WebPage","@id":"https:\/\/jiclcd.com\/product\/1-77-inch-tft-lcd-module\/","url":"https:\/\/jiclcd.com\/product\/1-77-inch-tft-lcd-module\/","name":"Module LCD TFT de 1,77 pouce - Affichage 128\u00d7160 - Jictech","isPartOf":{"@id":"https:\/\/jiclcd.com\/#website"},"primaryImageOfPage":{"@id":"https:\/\/jiclcd.com\/product\/1-77-inch-tft-lcd-module\/#primaryimage"},"image":{"@id":"https:\/\/jiclcd.com\/product\/1-77-inch-tft-lcd-module\/#primaryimage"},"thumbnailUrl":"https:\/\/jiclcd.com\/wp-content\/uploads\/2025\/12\/TFT-11-1.png","datePublished":"2025-12-17T07:32:44+00:00","dateModified":"2026-03-25T07:29:33+00:00","description":"Module LCD TFT de haute qualit\u00e9 de 1,77\u2033 (128\u00d7160) avec des couleurs vives et des options d'interface SPI\/MCU. Id\u00e9al pour les wearables, l'\u00e9lectronique de poche et les syst\u00e8mes embarqu\u00e9s. Demandez un devis ou une fiche technique maintenant !","breadcrumb":{"@id":"https:\/\/jiclcd.com\/product\/1-77-inch-tft-lcd-module\/#breadcrumb"},"inLanguage":"fr-FR","potentialAction":[{"@type":"ReadAction","target":["https:\/\/jiclcd.com\/product\/1-77-inch-tft-lcd-module\/"]}]},{"@type":"ImageObject","inLanguage":"fr-FR","@id":"https:\/\/jiclcd.com\/product\/1-77-inch-tft-lcd-module\/#primaryimage","url":"https:\/\/jiclcd.com\/wp-content\/uploads\/2025\/12\/TFT-11-1.png","contentUrl":"https:\/\/jiclcd.com\/wp-content\/uploads\/2025\/12\/TFT-11-1.png","width":800,"height":800,"caption":"1.77 inch TFT LCD module 128x160 display SPI MCU"},{"@type":"BreadcrumbList","@id":"https:\/\/jiclcd.com\/product\/1-77-inch-tft-lcd-module\/#breadcrumb","itemListElement":[{"@type":"ListItem","position":1,"name":"Home","item":"https:\/\/jiclcd.com\/"},{"@type":"ListItem","position":2,"name":"Shop","item":"https:\/\/jiclcd.com\/?page_id=29487"},{"@type":"ListItem","position":3,"name":"1.77-inch TFT LCD Module \u2013 128\u00d7160 Display"}]},{"@type":"WebSite","@id":"https:\/\/jiclcd.com\/#website","url":"https:\/\/jiclcd.com\/","name":"Fabricant d'\u00e9crans industriels | Modules TFT LCD, OLED, E-Paper | JicTech","description":"Fabricant de modules d'affichage haute d\u00e9finition","publisher":{"@id":"https:\/\/jiclcd.com\/#organization"},"potentialAction":[{"@type":"SearchAction","target":{"@type":"EntryPoint","urlTemplate":"https:\/\/jiclcd.com\/?s={search_term_string}"},"query-input":{"@type":"PropertyValueSpecification","valueRequired":true,"valueName":"search_term_string"}}],"inLanguage":"fr-FR"},{"@type":"Organization","@id":"https:\/\/jiclcd.com\/#organization","name":"Shenzhen JicTech LCD Co, Ltd.","url":"https:\/\/jiclcd.com\/","logo":{"@type":"ImageObject","inLanguage":"fr-FR","@id":"https:\/\/jiclcd.com\/#\/schema\/logo\/image\/","url":"https:\/\/jiclcd.com\/wp-content\/uploads\/2025\/11\/JicTech-LCD-display-logo_85.png.webp","contentUrl":"https:\/\/jiclcd.com\/wp-content\/uploads\/2025\/11\/JicTech-LCD-display-logo_85.png.webp","width":85,"height":86,"caption":"Shenzhen JicTech LCD Co., Ltd."},"image":{"@id":"https:\/\/jiclcd.com\/#\/schema\/logo\/image\/"}}]}},"_links":{"self":[{"href":"https:\/\/jiclcd.com\/fr\/wp-json\/wp\/v2\/product\/27152","targetHints":{"allow":["GET"]}}],"collection":[{"href":"https:\/\/jiclcd.com\/fr\/wp-json\/wp\/v2\/product"}],"about":[{"href":"https:\/\/jiclcd.com\/fr\/wp-json\/wp\/v2\/types\/product"}],"replies":[{"embeddable":true,"href":"https:\/\/jiclcd.com\/fr\/wp-json\/wp\/v2\/comments?post=27152"}],"wp:featuredmedia":[{"embeddable":true,"href":"https:\/\/jiclcd.com\/fr\/wp-json\/wp\/v2\/media\/27154"}],"wp:attachment":[{"href":"https:\/\/jiclcd.com\/fr\/wp-json\/wp\/v2\/media?parent=27152"}],"wp:term":[{"taxonomy":"product_brand","embeddable":true,"href":"https:\/\/jiclcd.com\/fr\/wp-json\/wp\/v2\/product_brand?post=27152"},{"taxonomy":"product_cat","embeddable":true,"href":"https:\/\/jiclcd.com\/fr\/wp-json\/wp\/v2\/product_cat?post=27152"},{"taxonomy":"product_tag","embeddable":true,"href":"https:\/\/jiclcd.com\/fr\/wp-json\/wp\/v2\/product_tag?post=27152"}],"curies":[{"name":"wp","href":"https:\/\/api.w.org\/{rel}","templated":true}]}}