{"id":26012,"date":"2025-11-19T08:10:23","date_gmt":"2025-11-19T08:10:23","guid":{"rendered":"https:\/\/jiclcd.com\/?post_type=product&#038;p=26012"},"modified":"2026-03-25T08:21:21","modified_gmt":"2026-03-25T08:21:21","slug":"12-1-inch-tft-lcd-module","status":"publish","type":"product","link":"https:\/\/jiclcd.com\/fr\/produit\/12-1-inch-tft-lcd-module\/","title":{"rendered":"Module LCD TFT de 12,1 pouces - \u00e9cran IPS 1280\u00d7800 WXGA"},"content":{"rendered":"<h2>Dessins de conception<\/h2>\n<figure id=\"attachment_26013\" aria-describedby=\"caption-attachment-26013\" style=\"width: 1290px\" class=\"wp-caption alignnone\"><img fetchpriority=\"high\" decoding=\"async\" class=\"wp-image-26013 size-large\" src=\"https:\/\/jiclcd.com\/wp-content\/uploads\/2025\/11\/Mechanical-Drawing_Drawing-Attachment-Landscape-Front-View.png-1300x1024.webp\" alt=\"Module LCD TFT de 12,1 pouces 1280x800 WXGA \u00e9cran IPS\" width=\"1290\" height=\"1016\" srcset=\"https:\/\/jiclcd.com\/wp-content\/uploads\/2025\/11\/Mechanical-Drawing_Drawing-Attachment-Landscape-Front-View.png-1300x1024.webp 1300w, https:\/\/jiclcd.com\/wp-content\/uploads\/2025\/11\/Mechanical-Drawing_Drawing-Attachment-Landscape-Front-View.png-600x473.webp 600w, https:\/\/jiclcd.com\/wp-content\/uploads\/2025\/11\/Mechanical-Drawing_Drawing-Attachment-Landscape-Front-View.png-500x394.webp 500w, https:\/\/jiclcd.com\/wp-content\/uploads\/2025\/11\/Mechanical-Drawing_Drawing-Attachment-Landscape-Front-View.png-300x236.webp 300w, https:\/\/jiclcd.com\/wp-content\/uploads\/2025\/11\/Mechanical-Drawing_Drawing-Attachment-Landscape-Front-View.png-150x118.webp 150w, https:\/\/jiclcd.com\/wp-content\/uploads\/2025\/11\/Mechanical-Drawing_Drawing-Attachment-Landscape-Front-View.png-768x605.webp 768w, https:\/\/jiclcd.com\/wp-content\/uploads\/2025\/11\/Mechanical-Drawing_Drawing-Attachment-Landscape-Front-View.png-1536x1210.webp 1536w, https:\/\/jiclcd.com\/wp-content\/uploads\/2025\/11\/Mechanical-Drawing_Drawing-Attachment-Landscape-Front-View.png.webp 1569w\" sizes=\"(max-width: 1290px) 100vw, 1290px\" \/><figcaption id=\"caption-attachment-26013\" class=\"wp-caption-text\">Module LCD TFT 1280\u00d7800 WXGA IPS de 12,1 pouces<\/figcaption><\/figure>\n<h2><strong>Module d'affichage LCD WXGA TFT de 12,1 pouces \u00e0 haute luminosit\u00e9<\/strong><\/h2>\n<p class=\"ds-markdown-paragraph\"><strong>Vue d'ensemble<\/strong><\/p>\n<p class=\"ds-markdown-paragraph\">Le JicTech EV121WXM-N12 est un module d'affichage LCD TFT de 12,1 pouces robuste et performant, con\u00e7u pour les applications exigeant clart\u00e9 et fiabilit\u00e9. Dot\u00e9 d'une r\u00e9solution WXGA (1280\u00d7800) et capable d'afficher 16,7 millions de couleurs, il fournit des images nettes et \u00e9clatantes. Dot\u00e9 de la technologie TFT au silicium amorphe dans un mode d'affichage transmissif normalement noir, ce module excelle dans les environnements exigeant une grande visibilit\u00e9. Sa luminosit\u00e9 typique \u00e9lev\u00e9e de 500 cd\/m\u00b2, son rapport de contraste exceptionnel de 1200:1 et ses angles de vision de 85\u00b0 dans toutes les directions en font un excellent choix pour les applications industrielles, commerciales et professionnelles o\u00f9 les performances visuelles sont essentielles.<\/p>\n<hr \/>\n<h3><strong>Caract\u00e9ristiques principales<\/strong><\/h3>\n<ul>\n<li>\n<p class=\"ds-markdown-paragraph\"><strong>Performance optique sup\u00e9rieure :<\/strong>\u00a0Une luminosit\u00e9 typique \u00e9lev\u00e9e de 500 cd\/m\u00b2 et un rapport de contraste \u00e9lev\u00e9 de 1200:1 garantissent une excellente lisibilit\u00e9, m\u00eame dans des conditions de forte luminosit\u00e9.<\/p>\n<\/li>\n<li>\n<p class=\"ds-markdown-paragraph\"><strong>Grand angle de vision :<\/strong>\u00a0Qualit\u00e9 d'image constante sur des angles de vue larges de 85\u00b0 (haut\/bas\/gauche\/droite, CR&gt;10).<\/p>\n<\/li>\n<li>\n<p class=\"ds-markdown-paragraph\"><strong>Reproduction de couleurs vives :<\/strong>\u00a0Affiche 16,7 millions de couleurs avec une gamme de couleurs typique de 72% NTSC, offrant une repr\u00e9sentation riche et pr\u00e9cise des couleurs.<\/p>\n<\/li>\n<li>\n<p class=\"ds-markdown-paragraph\"><strong>Interface flexible :<\/strong>\u00a0Prise en charge de la s\u00e9lection de l'entr\u00e9e de donn\u00e9es LVDS 6 bits ou 8 bits via une broche d\u00e9di\u00e9e, offrant une compatibilit\u00e9 avec diverses cartes de contr\u00f4leurs.<\/p>\n<\/li>\n<li>\n<p class=\"ds-markdown-paragraph\"><strong>Conception robuste et fiable :<\/strong>\u00a0Construit avec du verre simple de 0,5T pour un profil mince, il a \u00e9t\u00e9 soumis \u00e0 des tests de fiabilit\u00e9 environnementale approfondis, y compris \u00e0 des temp\u00e9ratures \u00e9lev\u00e9es.<\/p>\n<\/li>\n<li>\n<p class=\"ds-markdown-paragraph\"><strong>Durabilit\u00e9 de niveau industriel :<\/strong>\u00a0Con\u00e7u pour une plage de temp\u00e9rature de fonctionnement de -20\u00b0C \u00e0 +70\u00b0C, il convient aux environnements exigeants.<\/p>\n<\/li>\n<li>\n<p class=\"ds-markdown-paragraph\"><strong>Conscience \u00e9cologique :<\/strong>\u00a0Conforme aux normes environnementales RoHS.<\/p>\n<\/li>\n<\/ul>\n<hr \/>\n<h3><strong>Sp\u00e9cifications d\u00e9taill\u00e9es<\/strong><\/h3>\n<p class=\"ds-markdown-paragraph\"><strong>Sp\u00e9cifications g\u00e9n\u00e9rales<\/strong><\/p>\n<div class=\"ds-scroll-area _1210dd7 c03cafe9\">\n<table>\n<thead>\n<tr>\n<th>Param\u00e8tres<\/th>\n<th>Sp\u00e9cifications<\/th>\n<\/tr>\n<\/thead>\n<tbody>\n<tr>\n<td><strong>Num\u00e9ro de mod\u00e8le<\/strong><\/td>\n<td>EV121WXM-N12<\/td>\n<\/tr>\n<tr>\n<td><strong>Zone active<\/strong><\/td>\n<td>261,12 (H) \u00d7 163,20 (V) mm<\/td>\n<\/tr>\n<tr>\n<td><strong>Nombre de pixels<\/strong><\/td>\n<td>1280 (H) \u00d7 800 (V) pixels<\/td>\n<\/tr>\n<tr>\n<td><strong>Hauteur du pixel<\/strong><\/td>\n<td>0,204 (H) \u00d7 0,068 (V) mm<\/td>\n<\/tr>\n<tr>\n<td><strong>Couleurs d'affichage<\/strong><\/td>\n<td>16,7 millions (6 bits + Hi-FRC)<\/td>\n<\/tr>\n<tr>\n<td><strong>Mode d'affichage<\/strong><\/td>\n<td>Normalement noir, transmissif<\/td>\n<\/tr>\n<tr>\n<td><strong>Traitement de surface<\/strong><\/td>\n<td>Anti-\u00e9blouissement (AG25)<\/td>\n<\/tr>\n<tr>\n<td><strong>Dimensions g\u00e9n\u00e9rales<\/strong><\/td>\n<td>277,7 (L) \u00d7 180,6 (H) \u00d7 8,7 (P) mm<\/td>\n<\/tr>\n<tr>\n<td><strong>Poids typique<\/strong><\/td>\n<td>548 g<\/td>\n<\/tr>\n<\/tbody>\n<\/table>\n<\/div>\n<p class=\"ds-markdown-paragraph\"><strong>Sp\u00e9cifications \u00e9lectriques<\/strong> (@ Ta=25\u00b0C, VDD=3,3V)<\/p>\n<div class=\"ds-scroll-area _1210dd7 c03cafe9\">\n<table>\n<thead>\n<tr>\n<th>Param\u00e8tres<\/th>\n<th>Min.<\/th>\n<th>Typ.<\/th>\n<th>Max.<\/th>\n<th>Unit\u00e9<\/th>\n<\/tr>\n<\/thead>\n<tbody>\n<tr>\n<td><strong>Tension d'alimentation logique (VDD)<\/strong><\/td>\n<td>3.0<\/td>\n<td>3.3<\/td>\n<td>3.6<\/td>\n<td>V<\/td>\n<\/tr>\n<tr>\n<td><strong>Courant d'alimentation logique (IDD)<\/strong><\/td>\n<td>150<\/td>\n<td>180<\/td>\n<td>200<\/td>\n<td>mA<\/td>\n<\/tr>\n<tr>\n<td><strong>Tension d'alimentation du r\u00e9tro\u00e9clairage (VBLU)<\/strong><\/td>\n<td>10.8<\/td>\n<td>12.0<\/td>\n<td>13.2<\/td>\n<td>V<\/td>\n<\/tr>\n<tr>\n<td><strong>Courant de r\u00e9tro\u00e9clairage (IBLU)<\/strong><\/td>\n<td>-<\/td>\n<td>-<\/td>\n<td>620<\/td>\n<td>mA<\/td>\n<\/tr>\n<tr>\n<td><strong>Consommation \u00e9lectrique totale du module<\/strong><\/td>\n<td>-<\/td>\n<td>-<\/td>\n<td>8.11<\/td>\n<td>W<\/td>\n<\/tr>\n<\/tbody>\n<\/table>\n<\/div>\n<p class=\"ds-markdown-paragraph\"><strong>Sp\u00e9cifications optiques<\/strong> (@ Ta=25\u00b12\u00b0C)<\/p>\n<div class=\"ds-scroll-area _1210dd7 c03cafe9\">\n<table>\n<thead>\n<tr>\n<th>Param\u00e8tres<\/th>\n<th>Condition<\/th>\n<th>Min.<\/th>\n<th>Typ.<\/th>\n<th>Max.<\/th>\n<th>Unit\u00e9<\/th>\n<\/tr>\n<\/thead>\n<tbody>\n<tr>\n<td><strong>Luminance<\/strong><\/td>\n<td>Centre, blanc<\/td>\n<td>400<\/td>\n<td>500<\/td>\n<td>-<\/td>\n<td>cd\/m\u00b2<\/td>\n<\/tr>\n<tr>\n<td><strong>Luminosit\u00e9 Uniformit\u00e9<\/strong><\/td>\n<td>-<\/td>\n<td>70<\/td>\n<td>80<\/td>\n<td>-<\/td>\n<td>%<\/td>\n<\/tr>\n<tr>\n<td><strong>Rapport de contraste<\/strong><\/td>\n<td>Centre, \u0398=0\u00b0<\/td>\n<td>1000<\/td>\n<td>1200<\/td>\n<td>-<\/td>\n<td>-<\/td>\n<\/tr>\n<tr>\n<td><strong>Angle de vision (CR\u226510)<\/strong><\/td>\n<td>Horizontal (G\/D)<\/td>\n<td>80<\/td>\n<td>85<\/td>\n<td>-<\/td>\n<td>deg<\/td>\n<\/tr>\n<tr>\n<td><strong>Angle de vision (CR\u226510)<\/strong><\/td>\n<td>Vertical (U\/D)<\/td>\n<td>80<\/td>\n<td>85<\/td>\n<td>-<\/td>\n<td>deg<\/td>\n<\/tr>\n<tr>\n<td><strong>Temps de r\u00e9ponse (Tr+Tf)<\/strong><\/td>\n<td>-<\/td>\n<td>-<\/td>\n<td>30<\/td>\n<td>35<\/td>\n<td>ms<\/td>\n<\/tr>\n<tr>\n<td><strong>Gamme de couleurs (NTSC)<\/strong><\/td>\n<td>CIE1931<\/td>\n<td>68<\/td>\n<td>72<\/td>\n<td>-<\/td>\n<td>%<\/td>\n<\/tr>\n<\/tbody>\n<\/table>\n<\/div>\n<p class=\"ds-markdown-paragraph\"><strong>Interface et timing<\/strong><\/p>\n<div class=\"ds-scroll-area _1210dd7 c03cafe9\">\n<table>\n<thead>\n<tr>\n<th>Param\u00e8tres<\/th>\n<th>Sp\u00e9cifications<\/th>\n<\/tr>\n<\/thead>\n<tbody>\n<tr>\n<td><strong>Interface vid\u00e9o<\/strong><\/td>\n<td>LVDS (4 voies de donn\u00e9es + 1 voie d'horloge)<\/td>\n<\/tr>\n<tr>\n<td><strong>S\u00e9lection de la profondeur de bits<\/strong><\/td>\n<td>6 bits ou 8 bits via la broche HFRC_EN<\/td>\n<\/tr>\n<tr>\n<td><strong>Horloge pixel typique<\/strong><\/td>\n<td>72,4 MHz<\/td>\n<\/tr>\n<tr>\n<td><strong>Taux de rafra\u00eechissement typique<\/strong><\/td>\n<td>60 Hz<\/td>\n<\/tr>\n<tr>\n<td><strong>Connecteur LVDS<\/strong><\/td>\n<td>20 broches (DF19G-20P-1H ou \u00e9quivalent)<\/td>\n<\/tr>\n<tr>\n<td><strong>Connecteur de r\u00e9tro\u00e9clairage<\/strong><\/td>\n<td>6 broches (MSA24038P6 ou \u00e9quivalent)<\/td>\n<\/tr>\n<\/tbody>\n<\/table>\n<\/div>\n<p class=\"ds-markdown-paragraph\"><strong>Sp\u00e9cifications environnementales<\/strong><\/p>\n<div class=\"ds-scroll-area _1210dd7 c03cafe9\">\n<table>\n<thead>\n<tr>\n<th>Param\u00e8tres<\/th>\n<th>Sp\u00e9cifications<\/th>\n<\/tr>\n<\/thead>\n<tbody>\n<tr>\n<td><strong>Temp\u00e9rature de fonctionnement<\/strong><\/td>\n<td>De -20\u00b0C \u00e0 +70\u00b0C<\/td>\n<\/tr>\n<tr>\n<td><strong>Temp\u00e9rature de stockage<\/strong><\/td>\n<td>De -30\u00b0C \u00e0 +80\u00b0C<\/td>\n<\/tr>\n<tr>\n<td><strong>Tests de fiabilit\u00e9<\/strong><\/td>\n<td>HAST, stockage et fonctionnement \u00e0 haute\/basse temp\u00e9rature, chocs thermiques, vibrations, ESD<\/td>\n<\/tr>\n<\/tbody>\n<\/table>\n<\/div>\n<hr \/>\n<h3><strong>Champs d'application<\/strong><\/h3>\n<p class=\"ds-markdown-paragraph\">Ce module LCD TFT durable et \u00e0 haute luminosit\u00e9 convient parfaitement \u00e0 une large gamme d'applications professionnelles et industrielles :<\/p>\n<ul>\n<li>\n<p class=\"ds-markdown-paragraph\"><strong>Interfaces homme-machine industrielles (IHM)<\/strong>\u00a0et panneaux de contr\u00f4le<\/p>\n<\/li>\n<li>\n<p class=\"ds-markdown-paragraph\"><strong>\u00c9crans de surveillance m\u00e9dicale<\/strong>\u00a0et \u00e9quipement de diagnostic<\/p>\n<\/li>\n<li>\n<p class=\"ds-markdown-paragraph\"><strong>Syst\u00e8mes de s\u00e9curit\u00e9 et de surveillance<\/strong><\/p>\n<\/li>\n<li>\n<p class=\"ds-markdown-paragraph\"><strong>Terminaux de point de vente (TPV)<\/strong>\u00a0et kiosques<\/p>\n<\/li>\n<li>\n<p class=\"ds-markdown-paragraph\"><strong>Instruments de test et de mesure<\/strong><\/p>\n<\/li>\n<li>\n<p class=\"ds-markdown-paragraph\"><strong>Pr\u00e9sentoirs pour les transports et la marine<\/strong><\/p>\n<\/li>\n<\/ul>\n<hr \/>\n<p class=\"ds-markdown-paragraph\"><strong>Remarque :<\/strong>\u00a0JicTech offre un soutien flexible pour la personnalisation de petites s\u00e9ries et les exigences de projets sp\u00e9cifiques. Les sp\u00e9cifications sont bas\u00e9es sur la fiche technique du produit EV121WXM-N12 (Rev. 0). Pour obtenir des dessins m\u00e9caniques d\u00e9taill\u00e9s, des diagrammes de synchronisation des signaux ou des demandes de configuration personnalis\u00e9e, veuillez contacter notre \u00e9quipe technico-commerciale.<\/p>\n<h2>T\u00e9l\u00e9chargement du document technique<\/h2>\n<p>Cliquez ici pour t\u00e9l\u00e9charger ce document technique\uff1a<a href=\"https:\/\/jiclcd.com\/wp-content\/uploads\/2025\/11\/FULL-SPEC-RT012T4I-A1.pdf\">FULL SPEC-RT012T4I-A1<\/a><\/p>","protected":false},"excerpt":{"rendered":"<p>Le module LCD TFT 12,1\u2033 de JicTech est dot\u00e9 d'un panneau IPS 1280\u00d7800 WXGA haute r\u00e9solution avec des couleurs vives, des angles de vision larges et un support d'interface LVDS - id\u00e9al pour les syst\u00e8mes de contr\u00f4le industriels, l'\u00e9lectronique embarqu\u00e9e et les applications d'affichage \u00e0 haute performance.<\/p>","protected":false},"featured_media":26014,"comment_status":"open","ping_status":"closed","template":"","meta":{"_monsterinsights_skip_tracking":false,"_monsterinsights_sitenote_active":false,"_monsterinsights_sitenote_note":"","_monsterinsights_sitenote_category":0},"product_brand":[],"product_cat":[35],"product_tag":[175,143,158,180,64,148],"class_list":{"0":"post-26012","1":"product","2":"type-product","3":"status-publish","4":"has-post-thumbnail","6":"product_cat-tft-lcd-module","7":"product_tag-display-type-tft-transmissive","8":"product_tag-interface-lvds","9":"product_tag-lcd-boe","10":"product_tag-pixel-1280x800","11":"product_tag-tft-lcd-module","12":"product_tag-viewing-angle-all","14":"first","15":"instock","16":"shipping-taxable","17":"product-type-simple"},"yoast_head":"<!-- This site is optimized with the Yoast SEO plugin v26.4 - https:\/\/yoast.com\/wordpress\/plugins\/seo\/ -->\n<title>12.1\u2011inch TFT LCD Module \u2013 1280\u00d7800 WXGA IPS Display - Jictech<\/title>\n<meta name=\"description\" content=\"High\u2011quality 12.1\u2033 TFT LCD Module with crisp 1280\u00d7800 WXGA IPS display and wide viewing angles. LVDS interface and rugged design ideal for industrial HMI, embedded systems, and control panels. Request a quote or datasheet today!\" \/>\n<meta name=\"robots\" content=\"index, follow, max-snippet:-1, max-image-preview:large, max-video-preview:-1\" \/>\n<link rel=\"canonical\" href=\"https:\/\/jiclcd.com\/fr\/produit\/12-1-inch-tft-lcd-module\/\" \/>\n<meta property=\"og:locale\" content=\"fr_FR\" \/>\n<meta property=\"og:type\" content=\"article\" \/>\n<meta property=\"og:title\" content=\"12.1\u2011inch TFT LCD Module \u2013 1280\u00d7800 WXGA IPS Display - Jictech\" \/>\n<meta property=\"og:description\" content=\"High\u2011quality 12.1\u2033 TFT LCD Module with crisp 1280\u00d7800 WXGA IPS display and wide viewing angles. LVDS interface and rugged design ideal for industrial HMI, embedded systems, and control panels. Request a quote or datasheet today!\" \/>\n<meta property=\"og:url\" content=\"https:\/\/jiclcd.com\/fr\/produit\/12-1-inch-tft-lcd-module\/\" \/>\n<meta property=\"og:site_name\" content=\"Jictech\" \/>\n<meta property=\"article:modified_time\" content=\"2026-03-25T08:21:21+00:00\" \/>\n<meta property=\"og:image\" content=\"https:\/\/jiclcd.com\/wp-content\/uploads\/2025\/11\/12.1-inch-automotive-TFT-LCD.png.webp\" \/>\n\t<meta property=\"og:image:width\" content=\"800\" \/>\n\t<meta property=\"og:image:height\" content=\"800\" \/>\n\t<meta property=\"og:image:type\" content=\"image\/webp\" \/>\n<meta name=\"twitter:card\" content=\"summary_large_image\" \/>\n<meta name=\"twitter:label1\" content=\"Dur\u00e9e de lecture estim\u00e9e\" \/>\n\t<meta name=\"twitter:data1\" content=\"3 minutes\" \/>\n<script type=\"application\/ld+json\" class=\"yoast-schema-graph\">{\"@context\":\"https:\/\/schema.org\",\"@graph\":[{\"@type\":\"WebPage\",\"@id\":\"https:\/\/jiclcd.com\/product\/12-1-inch-tft-lcd-module\/\",\"url\":\"https:\/\/jiclcd.com\/product\/12-1-inch-tft-lcd-module\/\",\"name\":\"12.1\u2011inch TFT LCD Module \u2013 1280\u00d7800 WXGA IPS Display - Jictech\",\"isPartOf\":{\"@id\":\"https:\/\/jiclcd.com\/#website\"},\"primaryImageOfPage\":{\"@id\":\"https:\/\/jiclcd.com\/product\/12-1-inch-tft-lcd-module\/#primaryimage\"},\"image\":{\"@id\":\"https:\/\/jiclcd.com\/product\/12-1-inch-tft-lcd-module\/#primaryimage\"},\"thumbnailUrl\":\"https:\/\/jiclcd.com\/wp-content\/uploads\/2025\/11\/12.1-inch-automotive-TFT-LCD.png.webp\",\"datePublished\":\"2025-11-19T08:10:23+00:00\",\"dateModified\":\"2026-03-25T08:21:21+00:00\",\"description\":\"High\u2011quality 12.1\u2033 TFT LCD Module with crisp 1280\u00d7800 WXGA IPS display and wide viewing angles. LVDS interface and rugged design ideal for industrial HMI, embedded systems, and control panels. Request a quote or datasheet today!\",\"breadcrumb\":{\"@id\":\"https:\/\/jiclcd.com\/product\/12-1-inch-tft-lcd-module\/#breadcrumb\"},\"inLanguage\":\"fr-FR\",\"potentialAction\":[{\"@type\":\"ReadAction\",\"target\":[\"https:\/\/jiclcd.com\/product\/12-1-inch-tft-lcd-module\/\"]}]},{\"@type\":\"ImageObject\",\"inLanguage\":\"fr-FR\",\"@id\":\"https:\/\/jiclcd.com\/product\/12-1-inch-tft-lcd-module\/#primaryimage\",\"url\":\"https:\/\/jiclcd.com\/wp-content\/uploads\/2025\/11\/12.1-inch-automotive-TFT-LCD.png.webp\",\"contentUrl\":\"https:\/\/jiclcd.com\/wp-content\/uploads\/2025\/11\/12.1-inch-automotive-TFT-LCD.png.webp\",\"width\":800,\"height\":800},{\"@type\":\"BreadcrumbList\",\"@id\":\"https:\/\/jiclcd.com\/product\/12-1-inch-tft-lcd-module\/#breadcrumb\",\"itemListElement\":[{\"@type\":\"ListItem\",\"position\":1,\"name\":\"Home\",\"item\":\"https:\/\/jiclcd.com\/\"},{\"@type\":\"ListItem\",\"position\":2,\"name\":\"Shop\",\"item\":\"https:\/\/jiclcd.com\/shop\/\"},{\"@type\":\"ListItem\",\"position\":3,\"name\":\"12.1\u2011inch TFT LCD Module \u2013 1280\u00d7800 WXGA IPS Display\"}]},{\"@type\":\"WebSite\",\"@id\":\"https:\/\/jiclcd.com\/#website\",\"url\":\"https:\/\/jiclcd.com\/\",\"name\":\"Industrial Display Manufacturer | TFT LCD, OLED, E-Paper Modules | JicTech\",\"description\":\"High-definition display module manufacturer\",\"publisher\":{\"@id\":\"https:\/\/jiclcd.com\/#organization\"},\"potentialAction\":[{\"@type\":\"SearchAction\",\"target\":{\"@type\":\"EntryPoint\",\"urlTemplate\":\"https:\/\/jiclcd.com\/?s={search_term_string}\"},\"query-input\":{\"@type\":\"PropertyValueSpecification\",\"valueRequired\":true,\"valueName\":\"search_term_string\"}}],\"inLanguage\":\"fr-FR\"},{\"@type\":\"Organization\",\"@id\":\"https:\/\/jiclcd.com\/#organization\",\"name\":\"Shenzhen JicTech LCD Co., Ltd.\",\"url\":\"https:\/\/jiclcd.com\/\",\"logo\":{\"@type\":\"ImageObject\",\"inLanguage\":\"fr-FR\",\"@id\":\"https:\/\/jiclcd.com\/#\/schema\/logo\/image\/\",\"url\":\"https:\/\/jiclcd.com\/wp-content\/uploads\/2025\/11\/JicTech-LCD-display-logo_85.png.webp\",\"contentUrl\":\"https:\/\/jiclcd.com\/wp-content\/uploads\/2025\/11\/JicTech-LCD-display-logo_85.png.webp\",\"width\":85,\"height\":86,\"caption\":\"Shenzhen JicTech LCD Co., Ltd.\"},\"image\":{\"@id\":\"https:\/\/jiclcd.com\/#\/schema\/logo\/image\/\"}}]}<\/script>\n<!-- \/ Yoast SEO plugin. -->","yoast_head_json":{"title":"Module LCD TFT 12,1 pouces - 1280\u00d7800 WXGA IPS Display - Jictech","description":"Module LCD TFT 12,1\u2033 de haute qualit\u00e9 avec affichage IPS 1280\u00d7800 WXGA et grands angles de vision. L'interface LVDS et la conception robuste sont id\u00e9ales pour les IHM industrielles, les syst\u00e8mes embarqu\u00e9s et les panneaux de contr\u00f4le. Demandez un devis ou une fiche technique d\u00e8s aujourd'hui !","robots":{"index":"index","follow":"follow","max-snippet":"max-snippet:-1","max-image-preview":"max-image-preview:large","max-video-preview":"max-video-preview:-1"},"canonical":"https:\/\/jiclcd.com\/fr\/produit\/12-1-inch-tft-lcd-module\/","og_locale":"fr_FR","og_type":"article","og_title":"12.1\u2011inch TFT LCD Module \u2013 1280\u00d7800 WXGA IPS Display - Jictech","og_description":"High\u2011quality 12.1\u2033 TFT LCD Module with crisp 1280\u00d7800 WXGA IPS display and wide viewing angles. LVDS interface and rugged design ideal for industrial HMI, embedded systems, and control panels. Request a quote or datasheet today!","og_url":"https:\/\/jiclcd.com\/fr\/produit\/12-1-inch-tft-lcd-module\/","og_site_name":"Jictech","article_modified_time":"2026-03-25T08:21:21+00:00","og_image":[{"width":800,"height":800,"url":"https:\/\/jiclcd.com\/wp-content\/uploads\/2025\/11\/12.1-inch-automotive-TFT-LCD.png.webp","type":"image\/webp"}],"twitter_card":"summary_large_image","twitter_misc":{"Dur\u00e9e de lecture estim\u00e9e":"3 minutes"},"schema":{"@context":"https:\/\/schema.org","@graph":[{"@type":"WebPage","@id":"https:\/\/jiclcd.com\/product\/12-1-inch-tft-lcd-module\/","url":"https:\/\/jiclcd.com\/product\/12-1-inch-tft-lcd-module\/","name":"Module LCD TFT 12,1 pouces - 1280\u00d7800 WXGA IPS Display - Jictech","isPartOf":{"@id":"https:\/\/jiclcd.com\/#website"},"primaryImageOfPage":{"@id":"https:\/\/jiclcd.com\/product\/12-1-inch-tft-lcd-module\/#primaryimage"},"image":{"@id":"https:\/\/jiclcd.com\/product\/12-1-inch-tft-lcd-module\/#primaryimage"},"thumbnailUrl":"https:\/\/jiclcd.com\/wp-content\/uploads\/2025\/11\/12.1-inch-automotive-TFT-LCD.png.webp","datePublished":"2025-11-19T08:10:23+00:00","dateModified":"2026-03-25T08:21:21+00:00","description":"Module LCD TFT 12,1\u2033 de haute qualit\u00e9 avec affichage IPS 1280\u00d7800 WXGA et grands angles de vision. L'interface LVDS et la conception robuste sont id\u00e9ales pour les IHM industrielles, les syst\u00e8mes embarqu\u00e9s et les panneaux de contr\u00f4le. Demandez un devis ou une fiche technique d\u00e8s aujourd'hui !","breadcrumb":{"@id":"https:\/\/jiclcd.com\/product\/12-1-inch-tft-lcd-module\/#breadcrumb"},"inLanguage":"fr-FR","potentialAction":[{"@type":"ReadAction","target":["https:\/\/jiclcd.com\/product\/12-1-inch-tft-lcd-module\/"]}]},{"@type":"ImageObject","inLanguage":"fr-FR","@id":"https:\/\/jiclcd.com\/product\/12-1-inch-tft-lcd-module\/#primaryimage","url":"https:\/\/jiclcd.com\/wp-content\/uploads\/2025\/11\/12.1-inch-automotive-TFT-LCD.png.webp","contentUrl":"https:\/\/jiclcd.com\/wp-content\/uploads\/2025\/11\/12.1-inch-automotive-TFT-LCD.png.webp","width":800,"height":800},{"@type":"BreadcrumbList","@id":"https:\/\/jiclcd.com\/product\/12-1-inch-tft-lcd-module\/#breadcrumb","itemListElement":[{"@type":"ListItem","position":1,"name":"Home","item":"https:\/\/jiclcd.com\/"},{"@type":"ListItem","position":2,"name":"Shop","item":"https:\/\/jiclcd.com\/shop\/"},{"@type":"ListItem","position":3,"name":"12.1\u2011inch TFT LCD Module \u2013 1280\u00d7800 WXGA IPS Display"}]},{"@type":"WebSite","@id":"https:\/\/jiclcd.com\/#website","url":"https:\/\/jiclcd.com\/","name":"Fabricant d'\u00e9crans industriels | Modules TFT LCD, OLED, E-Paper | JicTech","description":"Fabricant de modules d'affichage haute d\u00e9finition","publisher":{"@id":"https:\/\/jiclcd.com\/#organization"},"potentialAction":[{"@type":"SearchAction","target":{"@type":"EntryPoint","urlTemplate":"https:\/\/jiclcd.com\/?s={search_term_string}"},"query-input":{"@type":"PropertyValueSpecification","valueRequired":true,"valueName":"search_term_string"}}],"inLanguage":"fr-FR"},{"@type":"Organization","@id":"https:\/\/jiclcd.com\/#organization","name":"Shenzhen JicTech LCD Co, Ltd.","url":"https:\/\/jiclcd.com\/","logo":{"@type":"ImageObject","inLanguage":"fr-FR","@id":"https:\/\/jiclcd.com\/#\/schema\/logo\/image\/","url":"https:\/\/jiclcd.com\/wp-content\/uploads\/2025\/11\/JicTech-LCD-display-logo_85.png.webp","contentUrl":"https:\/\/jiclcd.com\/wp-content\/uploads\/2025\/11\/JicTech-LCD-display-logo_85.png.webp","width":85,"height":86,"caption":"Shenzhen JicTech LCD Co., Ltd."},"image":{"@id":"https:\/\/jiclcd.com\/#\/schema\/logo\/image\/"}}]}},"_links":{"self":[{"href":"https:\/\/jiclcd.com\/fr\/wp-json\/wp\/v2\/product\/26012","targetHints":{"allow":["GET"]}}],"collection":[{"href":"https:\/\/jiclcd.com\/fr\/wp-json\/wp\/v2\/product"}],"about":[{"href":"https:\/\/jiclcd.com\/fr\/wp-json\/wp\/v2\/types\/product"}],"replies":[{"embeddable":true,"href":"https:\/\/jiclcd.com\/fr\/wp-json\/wp\/v2\/comments?post=26012"}],"wp:featuredmedia":[{"embeddable":true,"href":"https:\/\/jiclcd.com\/fr\/wp-json\/wp\/v2\/media\/26014"}],"wp:attachment":[{"href":"https:\/\/jiclcd.com\/fr\/wp-json\/wp\/v2\/media?parent=26012"}],"wp:term":[{"taxonomy":"product_brand","embeddable":true,"href":"https:\/\/jiclcd.com\/fr\/wp-json\/wp\/v2\/product_brand?post=26012"},{"taxonomy":"product_cat","embeddable":true,"href":"https:\/\/jiclcd.com\/fr\/wp-json\/wp\/v2\/product_cat?post=26012"},{"taxonomy":"product_tag","embeddable":true,"href":"https:\/\/jiclcd.com\/fr\/wp-json\/wp\/v2\/product_tag?post=26012"}],"curies":[{"name":"wp","href":"https:\/\/api.w.org\/{rel}","templated":true}]}}