{"id":3,"date":"2025-11-12T01:33:21","date_gmt":"2025-11-12T01:33:21","guid":{"rendered":"https:\/\/jiclcd.com\/?page_id=3"},"modified":"2026-03-17T07:47:29","modified_gmt":"2026-03-17T07:47:29","slug":"privacy-policy","status":"publish","type":"page","link":"https:\/\/jiclcd.com\/fr\/privacy-policy\/","title":{"rendered":"Politique de confidentialit\u00e9"},"content":{"rendered":"<div data-elementor-type=\"wp-page\" data-elementor-id=\"3\" class=\"elementor elementor-3\" data-elementor-settings=\"{&quot;ha_cmc_init_switcher&quot;:&quot;no&quot;}\" data-elementor-post-type=\"page\">\n\t\t\t\t\t\t<section class=\"elementor-section elementor-top-section elementor-element elementor-element-5a88f89b elementor-section-boxed elementor-section-height-default elementor-section-height-default\" data-id=\"5a88f89b\" data-element_type=\"section\" data-settings=\"{&quot;background_background&quot;:&quot;classic&quot;,&quot;_ha_eqh_enable&quot;:false}\">\n\t\t\t\t\t\t\t<div class=\"elementor-background-overlay\"><\/div>\n\t\t\t\t\t\t\t<div class=\"elementor-container elementor-column-gap-default\">\n\t\t\t\t\t<div class=\"elementor-column elementor-col-100 elementor-top-column elementor-element elementor-element-52e82a5f\" data-id=\"52e82a5f\" data-element_type=\"column\">\n\t\t\t<div class=\"elementor-widget-wrap elementor-element-populated\">\n\t\t\t\t\t\t<div class=\"elementor-element elementor-element-1da6ca4c elementor-widget elementor-widget-heading\" data-id=\"1da6ca4c\" data-element_type=\"widget\" data-widget_type=\"heading.default\">\n\t\t\t\t<div class=\"elementor-widget-container\">\n\t\t\t\t\t<h1 class=\"elementor-heading-title elementor-size-default\">Politique de confidentialit\u00e9<\/h1>\t\t\t\t<\/div>\n\t\t\t\t<\/div>\n\t\t\t\t\t<\/div>\n\t\t<\/div>\n\t\t\t\t\t<\/div>\n\t\t<\/section>\n\t\t<div class=\"elementor-element elementor-element-1aef8e95 e-flex e-con-boxed e-con e-parent\" data-id=\"1aef8e95\" data-element_type=\"container\" data-settings=\"{&quot;_ha_eqh_enable&quot;:false}\">\n\t\t\t\t\t<div class=\"e-con-inner\">\n\t\t\t\t<div class=\"elementor-element elementor-element-165bfbd0 elementor-widget elementor-widget-text-editor\" data-id=\"165bfbd0\" data-element_type=\"widget\" data-widget_type=\"text-editor.default\">\n\t\t\t\t<div class=\"elementor-widget-container\">\n\t\t\t\t\t\t\t\t\t<h2 class=\"ds-markdown-paragraph\"><strong>Politique de confidentialit\u00e9 de Shenzhen JicTech LCD Co.<\/strong><\/h2>\n<h2>\u00a0<\/h2>\n<h2 class=\"ds-markdown-paragraph\"><strong>Qui sommes-nous ?<\/strong><\/h2>\n<p class=\"ds-markdown-paragraph\">L'adresse de notre site web est la suivante : <a href=\"https:\/\/jiclcd.com\/fr\/\" target=\"_blank\" rel=\"noopener noreferrer\">https:\/\/jiclcd.com<\/a>. Nous sommes le fabricant Shenzhen JicTech LCD Co. sp\u00e9cialis\u00e9 dans les solutions d'affichage industriel.<\/p>\n<p>\u00a0<\/p>\n<h2 class=\"ds-markdown-paragraph\"><strong>Donn\u00e9es collect\u00e9es et utilisation qui en est faite<\/strong><\/h2>\n<ul>\n<li>\n<p class=\"ds-markdown-paragraph\"><strong>Donn\u00e9es de contact<\/strong>: Lorsque vous utilisez notre formulaire de contact, nous recueillons votre nom, votre adresse \u00e9lectronique, votre entreprise et votre message afin de r\u00e9pondre \u00e0 votre demande.<\/p>\n<\/li>\n<li>\n<p class=\"ds-markdown-paragraph\"><strong>Donn\u00e9es techniques et de navigation<\/strong>: Nous collectons automatiquement des donn\u00e9es non personnelles telles que l'adresse IP, le type de navigateur et les pages visit\u00e9es afin d'analyser les performances du site et d'am\u00e9liorer nos services. Ces donn\u00e9es sont g\u00e9n\u00e9ralement agr\u00e9g\u00e9es et anonymis\u00e9es.<\/p>\n<\/li>\n<\/ul>\n<p>\u00a0<\/p>\n<h2 class=\"ds-markdown-paragraph\"><strong>Cookies<\/strong><\/h2>\n<p class=\"ds-markdown-paragraph\">Notre site web utilise des cookies pour assurer une fonctionnalit\u00e9 de base et pour analyser le trafic (par exemple, par le biais de Google Analytics). Vous pouvez contr\u00f4ler les param\u00e8tres des cookies par l'interm\u00e9diaire de votre navigateur. Les cookies essentiels ne peuvent pas \u00eatre d\u00e9sactiv\u00e9s car ils sont n\u00e9cessaires au fonctionnement du site.<\/p>\n<p>\u00a0<\/p>\n<h2 class=\"ds-markdown-paragraph\"><strong>Contenu int\u00e9gr\u00e9<\/strong><\/h2>\n<p class=\"ds-markdown-paragraph\">Les pages de ce site peuvent inclure du contenu int\u00e9gr\u00e9 (par exemple, des vid\u00e9os YouTube). Ce contenu se comporte comme si vous visitiez le site tiers, qui peut collecter des donn\u00e9es vous concernant, utiliser des cookies et recourir \u00e0 un suivi suppl\u00e9mentaire.<\/p>\n<p>\u00a0<\/p>\n<h2 class=\"ds-markdown-paragraph\"><strong>Avec qui partageons-nous vos donn\u00e9es ?<\/strong><\/h2>\n<p class=\"ds-markdown-paragraph\">Nous ne vendons pas vos donn\u00e9es personnelles. Nous pouvons les partager uniquement avec des fournisseurs de services tiers de confiance qui nous assistent dans l'exploitation du site web (par exemple, h\u00e9bergement, analyse), dans le cadre d'accords de confidentialit\u00e9 stricts. Nous pouvons \u00e9galement divulguer des donn\u00e9es si la loi l'exige.<\/p>\n<p>\u00a0<\/p>\n<h2 class=\"ds-markdown-paragraph\"><strong>Conservation des donn\u00e9es<\/strong><\/h2>\n<p class=\"ds-markdown-paragraph\">Nous conservons les donn\u00e9es relatives aux demandes de renseignements aussi longtemps que n\u00e9cessaire pour r\u00e9pondre \u00e0 votre demande et \u00e0 des fins commerciales l\u00e9gitimes (par exemple, correspondance future). Vous pouvez demander la suppression de ces donn\u00e9es \u00e0 tout moment (voir Vos droits).<\/p>\n<p>\u00a0<\/p>\n<h2 class=\"ds-markdown-paragraph\"><strong>Vos droits en mati\u00e8re de protection des donn\u00e9es<\/strong><\/h2>\n<p class=\"ds-markdown-paragraph\">Vous avez le droit de demander l'acc\u00e8s, la correction ou la suppression des donn\u00e9es personnelles que nous d\u00e9tenons \u00e0 votre sujet. Pour exercer ces droits, veuillez nous contacter en utilisant les coordonn\u00e9es ci-dessous.<\/p>\n<p>\u00a0<\/p>\n<h2 class=\"ds-markdown-paragraph\"><strong>Transferts internationaux de donn\u00e9es<\/strong><\/h2>\n<p class=\"ds-markdown-paragraph\">Si nos fournisseurs de services op\u00e8rent dans d'autres pays, vos donn\u00e9es peuvent \u00eatre transf\u00e9r\u00e9es et trait\u00e9es dans ces pays, avec des garanties appropri\u00e9es.<\/p>\n<p>\u00a0<\/p>\n<h2 class=\"ds-markdown-paragraph\"><strong>Nous contacter<\/strong><\/h2>\n<p class=\"ds-markdown-paragraph\">Pour toute question ou demande relative \u00e0 la protection de la vie priv\u00e9e, veuillez nous contacter \u00e0 l'adresse suivante : bill@jictechlcd.cn<\/p>\n<p>\u00a0<\/p>\n<h2 class=\"ds-markdown-paragraph\"><strong>\u00a0Modifications de la pr\u00e9sente politique<\/strong><\/h2>\n<p class=\"ds-markdown-paragraph\">Nous pouvons mettre \u00e0 jour cette politique p\u00e9riodiquement. La derni\u00e8re version sera toujours affich\u00e9e sur cette page avec une date de r\u00e9vision actualis\u00e9e.<\/p>\n<p class=\"ds-markdown-paragraph\">Date de mise \u00e0 jour : 2025-12-23<\/p>\t\t\t\t\t\t\t\t<\/div>\n\t\t\t\t<\/div>\n\t\t\t\t\t<\/div>\n\t\t\t\t<\/div>\n\t\t\t\t<\/div>","protected":false},"excerpt":{"rendered":"<p>Privacy Policy Privacy Policy of Shenzhen JicTech LCD Co., Ltd. \u00a0 Who We Are Our website address is: https:\/\/jiclcd.com. We are Shenzhen JicTech LCD Co., Ltd., a manufacturer specializing in industrial display solutions. \u00a0 Data We Collect and How We Use It Contact Data: When you use our contact form, we collect your name, email [&hellip;]<\/p>\n","protected":false},"author":1,"featured_media":0,"parent":0,"menu_order":0,"comment_status":"closed","ping_status":"open","template":"elementor_header_footer","meta":{"_monsterinsights_skip_tracking":false,"_monsterinsights_sitenote_active":false,"_monsterinsights_sitenote_note":"","_monsterinsights_sitenote_category":0,"footnotes":""},"class_list":["post-3","page","type-page","status-publish","hentry"],"blocksy_meta":[],"yoast_head":"<!-- This site is optimized with the Yoast SEO plugin v26.4 - https:\/\/yoast.com\/wordpress\/plugins\/seo\/ -->\n<title>Privacy Policy - Jictech<\/title>\n<meta name=\"robots\" content=\"index, follow, max-snippet:-1, max-image-preview:large, max-video-preview:-1\" \/>\n<link rel=\"canonical\" href=\"https:\/\/jiclcd.com\/fr\/privacy-policy\/\" \/>\n<meta property=\"og:locale\" content=\"fr_FR\" \/>\n<meta property=\"og:type\" content=\"article\" \/>\n<meta property=\"og:title\" content=\"Privacy Policy - Jictech\" \/>\n<meta property=\"og:description\" content=\"Privacy Policy Privacy Policy of Shenzhen JicTech LCD Co., Ltd. \u00a0 Who We Are Our website address is: https:\/\/jiclcd.com. We are Shenzhen JicTech LCD Co., Ltd., a manufacturer specializing in industrial display solutions. \u00a0 Data We Collect and How We Use It Contact Data: When you use our contact form, we collect your name, email [&hellip;]\" \/>\n<meta property=\"og:url\" content=\"https:\/\/jiclcd.com\/fr\/privacy-policy\/\" \/>\n<meta property=\"og:site_name\" content=\"Jictech\" \/>\n<meta property=\"article:modified_time\" content=\"2026-03-17T07:47:29+00:00\" \/>\n<meta name=\"twitter:card\" content=\"summary_large_image\" \/>\n<meta name=\"twitter:label1\" content=\"Dur\u00e9e de lecture estim\u00e9e\" \/>\n\t<meta name=\"twitter:data1\" content=\"2 minutes\" \/>\n<script type=\"application\/ld+json\" class=\"yoast-schema-graph\">{\"@context\":\"https:\/\/schema.org\",\"@graph\":[{\"@type\":\"WebPage\",\"@id\":\"https:\/\/jiclcd.com\/privacy-policy\/\",\"url\":\"https:\/\/jiclcd.com\/privacy-policy\/\",\"name\":\"Privacy Policy - Jictech\",\"isPartOf\":{\"@id\":\"https:\/\/jiclcd.com\/#website\"},\"datePublished\":\"2025-11-12T01:33:21+00:00\",\"dateModified\":\"2026-03-17T07:47:29+00:00\",\"breadcrumb\":{\"@id\":\"https:\/\/jiclcd.com\/privacy-policy\/#breadcrumb\"},\"inLanguage\":\"fr-FR\",\"potentialAction\":[{\"@type\":\"ReadAction\",\"target\":[\"https:\/\/jiclcd.com\/privacy-policy\/\"]}]},{\"@type\":\"BreadcrumbList\",\"@id\":\"https:\/\/jiclcd.com\/privacy-policy\/#breadcrumb\",\"itemListElement\":[{\"@type\":\"ListItem\",\"position\":1,\"name\":\"Home\",\"item\":\"https:\/\/jiclcd.com\/\"},{\"@type\":\"ListItem\",\"position\":2,\"name\":\"Privacy Policy\"}]},{\"@type\":\"WebSite\",\"@id\":\"https:\/\/jiclcd.com\/#website\",\"url\":\"https:\/\/jiclcd.com\/\",\"name\":\"Industrial Display Manufacturer | TFT LCD, OLED, E-Paper Modules | JicTech\",\"description\":\"High-definition display module manufacturer\",\"publisher\":{\"@id\":\"https:\/\/jiclcd.com\/#organization\"},\"potentialAction\":[{\"@type\":\"SearchAction\",\"target\":{\"@type\":\"EntryPoint\",\"urlTemplate\":\"https:\/\/jiclcd.com\/?s={search_term_string}\"},\"query-input\":{\"@type\":\"PropertyValueSpecification\",\"valueRequired\":true,\"valueName\":\"search_term_string\"}}],\"inLanguage\":\"fr-FR\"},{\"@type\":\"Organization\",\"@id\":\"https:\/\/jiclcd.com\/#organization\",\"name\":\"Shenzhen JicTech LCD Co., Ltd.\",\"url\":\"https:\/\/jiclcd.com\/\",\"logo\":{\"@type\":\"ImageObject\",\"inLanguage\":\"fr-FR\",\"@id\":\"https:\/\/jiclcd.com\/#\/schema\/logo\/image\/\",\"url\":\"https:\/\/jiclcd.com\/wp-content\/uploads\/2025\/11\/JicTech-LCD-display-logo_85.png.webp\",\"contentUrl\":\"https:\/\/jiclcd.com\/wp-content\/uploads\/2025\/11\/JicTech-LCD-display-logo_85.png.webp\",\"width\":85,\"height\":86,\"caption\":\"Shenzhen JicTech LCD Co., Ltd.\"},\"image\":{\"@id\":\"https:\/\/jiclcd.com\/#\/schema\/logo\/image\/\"}}]}<\/script>\n<!-- \/ Yoast SEO plugin. -->","yoast_head_json":{"title":"Politique de confidentialit\u00e9 - Jictech","robots":{"index":"index","follow":"follow","max-snippet":"max-snippet:-1","max-image-preview":"max-image-preview:large","max-video-preview":"max-video-preview:-1"},"canonical":"https:\/\/jiclcd.com\/fr\/privacy-policy\/","og_locale":"fr_FR","og_type":"article","og_title":"Privacy Policy - Jictech","og_description":"Privacy Policy Privacy Policy of Shenzhen JicTech LCD Co., Ltd. \u00a0 Who We Are Our website address is: https:\/\/jiclcd.com. We are Shenzhen JicTech LCD Co., Ltd., a manufacturer specializing in industrial display solutions. \u00a0 Data We Collect and How We Use It Contact Data: When you use our contact form, we collect your name, email [&hellip;]","og_url":"https:\/\/jiclcd.com\/fr\/privacy-policy\/","og_site_name":"Jictech","article_modified_time":"2026-03-17T07:47:29+00:00","twitter_card":"summary_large_image","twitter_misc":{"Dur\u00e9e de lecture estim\u00e9e":"2 minutes"},"schema":{"@context":"https:\/\/schema.org","@graph":[{"@type":"WebPage","@id":"https:\/\/jiclcd.com\/privacy-policy\/","url":"https:\/\/jiclcd.com\/privacy-policy\/","name":"Politique de confidentialit\u00e9 - Jictech","isPartOf":{"@id":"https:\/\/jiclcd.com\/#website"},"datePublished":"2025-11-12T01:33:21+00:00","dateModified":"2026-03-17T07:47:29+00:00","breadcrumb":{"@id":"https:\/\/jiclcd.com\/privacy-policy\/#breadcrumb"},"inLanguage":"fr-FR","potentialAction":[{"@type":"ReadAction","target":["https:\/\/jiclcd.com\/privacy-policy\/"]}]},{"@type":"BreadcrumbList","@id":"https:\/\/jiclcd.com\/privacy-policy\/#breadcrumb","itemListElement":[{"@type":"ListItem","position":1,"name":"Home","item":"https:\/\/jiclcd.com\/"},{"@type":"ListItem","position":2,"name":"Privacy Policy"}]},{"@type":"WebSite","@id":"https:\/\/jiclcd.com\/#website","url":"https:\/\/jiclcd.com\/","name":"Fabricant d'\u00e9crans industriels | Modules TFT LCD, OLED, E-Paper | JicTech","description":"Fabricant de modules d'affichage haute d\u00e9finition","publisher":{"@id":"https:\/\/jiclcd.com\/#organization"},"potentialAction":[{"@type":"SearchAction","target":{"@type":"EntryPoint","urlTemplate":"https:\/\/jiclcd.com\/?s={search_term_string}"},"query-input":{"@type":"PropertyValueSpecification","valueRequired":true,"valueName":"search_term_string"}}],"inLanguage":"fr-FR"},{"@type":"Organization","@id":"https:\/\/jiclcd.com\/#organization","name":"Shenzhen JicTech LCD Co, Ltd.","url":"https:\/\/jiclcd.com\/","logo":{"@type":"ImageObject","inLanguage":"fr-FR","@id":"https:\/\/jiclcd.com\/#\/schema\/logo\/image\/","url":"https:\/\/jiclcd.com\/wp-content\/uploads\/2025\/11\/JicTech-LCD-display-logo_85.png.webp","contentUrl":"https:\/\/jiclcd.com\/wp-content\/uploads\/2025\/11\/JicTech-LCD-display-logo_85.png.webp","width":85,"height":86,"caption":"Shenzhen JicTech LCD Co., Ltd."},"image":{"@id":"https:\/\/jiclcd.com\/#\/schema\/logo\/image\/"}}]}},"_hostinger_reach_plugin_has_subscription_block":false,"_hostinger_reach_plugin_is_elementor":false,"_links":{"self":[{"href":"https:\/\/jiclcd.com\/fr\/wp-json\/wp\/v2\/pages\/3","targetHints":{"allow":["GET"]}}],"collection":[{"href":"https:\/\/jiclcd.com\/fr\/wp-json\/wp\/v2\/pages"}],"about":[{"href":"https:\/\/jiclcd.com\/fr\/wp-json\/wp\/v2\/types\/page"}],"author":[{"embeddable":true,"href":"https:\/\/jiclcd.com\/fr\/wp-json\/wp\/v2\/users\/1"}],"replies":[{"embeddable":true,"href":"https:\/\/jiclcd.com\/fr\/wp-json\/wp\/v2\/comments?post=3"}],"version-history":[{"count":19,"href":"https:\/\/jiclcd.com\/fr\/wp-json\/wp\/v2\/pages\/3\/revisions"}],"predecessor-version":[{"id":29314,"href":"https:\/\/jiclcd.com\/fr\/wp-json\/wp\/v2\/pages\/3\/revisions\/29314"}],"wp:attachment":[{"href":"https:\/\/jiclcd.com\/fr\/wp-json\/wp\/v2\/media?parent=3"}],"curies":[{"name":"wp","href":"https:\/\/api.w.org\/{rel}","templated":true}]}}