{"id":27440,"date":"2025-12-24T04:00:14","date_gmt":"2025-12-24T04:00:14","guid":{"rendered":"https:\/\/jiclcd.com\/?page_id=27440"},"modified":"2026-03-17T07:51:06","modified_gmt":"2026-03-17T07:51:06","slug":"social-responsibility","status":"publish","type":"page","link":"https:\/\/jiclcd.com\/fr\/social-responsibility\/","title":{"rendered":"Responsabilit\u00e9 sociale"},"content":{"rendered":"<div data-elementor-type=\"wp-page\" data-elementor-id=\"27440\" class=\"elementor elementor-27440\" data-elementor-settings=\"{&quot;ha_cmc_init_switcher&quot;:&quot;no&quot;}\" data-elementor-post-type=\"page\">\n\t\t\t\t\t\t<section class=\"elementor-section elementor-top-section elementor-element elementor-element-341ad7a9 elementor-section-boxed elementor-section-height-default elementor-section-height-default\" data-id=\"341ad7a9\" data-element_type=\"section\" data-settings=\"{&quot;background_background&quot;:&quot;classic&quot;,&quot;_ha_eqh_enable&quot;:false}\">\n\t\t\t\t\t\t\t<div class=\"elementor-background-overlay\"><\/div>\n\t\t\t\t\t\t\t<div class=\"elementor-container elementor-column-gap-default\">\n\t\t\t\t\t<div class=\"elementor-column elementor-col-100 elementor-top-column elementor-element elementor-element-4925f1d0\" data-id=\"4925f1d0\" data-element_type=\"column\">\n\t\t\t<div class=\"elementor-widget-wrap elementor-element-populated\">\n\t\t\t\t\t\t<div class=\"elementor-element elementor-element-74d4ead2 elementor-widget elementor-widget-heading\" data-id=\"74d4ead2\" data-element_type=\"widget\" data-widget_type=\"heading.default\">\n\t\t\t\t<div class=\"elementor-widget-container\">\n\t\t\t\t\t<h1 class=\"elementor-heading-title elementor-size-default\">Responsabilit\u00e9 sociale<\/h1>\t\t\t\t<\/div>\n\t\t\t\t<\/div>\n\t\t\t\t\t<\/div>\n\t\t<\/div>\n\t\t\t\t\t<\/div>\n\t\t<\/section>\n\t\t<div class=\"elementor-element elementor-element-e2262d5 e-flex e-con-boxed e-con e-parent\" data-id=\"e2262d5\" data-element_type=\"container\" data-settings=\"{&quot;_ha_eqh_enable&quot;:false}\">\n\t\t\t\t\t<div class=\"e-con-inner\">\n\t\t\t\t<div class=\"elementor-element elementor-element-fe4ac18 elementor-widget elementor-widget-html\" data-id=\"fe4ac18\" data-element_type=\"widget\" data-widget_type=\"html.default\">\n\t\t\t\t<div class=\"elementor-widget-container\">\n\t\t\t\t\t<article class=\"csr-document\">\r\n    <div class=\"csr-header\">\r\n        <p class=\"csr-subtitle\">Construire un avenir durable gr\u00e2ce \u00e0 une fabrication responsable<\/p>\r\n    <\/div>\r\n\r\n    <section class=\"csr-preamble\">\r\n        <p>Au <strong>Shenzhen JicTech LCD Co, Ltd.<\/strong>, Nous sommes convaincus que notre responsabilit\u00e9 va au-del\u00e0 de la fourniture de solutions d'affichage industriel de haute qualit\u00e9. Nous nous engageons \u00e0 mener nos activit\u00e9s de mani\u00e8re \u00e9thique, \u00e0 soutenir notre personnel, \u00e0 minimiser notre empreinte environnementale et \u00e0 apporter une contribution positive aux communaut\u00e9s et aux industries que nous servons. Cet engagement fait partie int\u00e9grante de notre mission, qui est de devenir un leader en mati\u00e8re de solutions d'affichage automobile et industriel.<\/p>\r\n    <\/section>\r\n\r\n    <section class=\"csr-pillar\">\r\n        <h2>1. Notre engagement envers les personnes et le lieu de travail<\/h2>\r\n        <p>Notre \u00e9quipe est notre plus grand atout. Nous favorisons un environnement s\u00fbr, respectueux et inclusif o\u00f9 chaque employ\u00e9 peut se d\u00e9velopper.<\/p>\r\n        <ul>\r\n            <li><strong>Bien-\u00eatre et s\u00e9curit\u00e9 des employ\u00e9s :<\/strong> Nous appliquons des protocoles stricts en mati\u00e8re de sant\u00e9 et de s\u00e9curit\u00e9 sur nos lignes de production int\u00e9gr\u00e9es verticalement, afin de garantir un environnement de travail s\u00fbr et conforme \u00e0 toutes les r\u00e9glementations.<\/li>\r\n            <li><strong>D\u00e9veloppement professionnel :<\/strong> Nous investissons dans la formation continue et le d\u00e9veloppement des comp\u00e9tences, ce qui permet \u00e0 nos employ\u00e9s d'exceller dans les domaines de la recherche et du d\u00e9veloppement, de la fabrication et du service \u00e0 la client\u00e8le.<\/li>\r\n            <li><strong>Pratiques de travail \u00e9thiques :<\/strong> Nous respectons des pratiques de travail \u00e9quitables, interdisons le travail des enfants ou le travail forc\u00e9 et garantissons des salaires et des heures de travail \u00e9quitables, conform\u00e9ment \u00e0 notre politique de d\u00e9veloppement durable. <strong>ISO 9001<\/strong> et <strong>IATF 16949<\/strong> des syst\u00e8mes de gestion certifi\u00e9s.<\/li>\r\n        <\/ul>\r\n    <\/section>\r\n\r\n    <section class=\"csr-pillar\">\r\n        <h2>2. Gestion de l'environnement<\/h2>\r\n        <p>En tant que fabricant, nous sommes conscients de notre impact sur l'environnement et nous nous effor\u00e7ons activement de mettre en \u0153uvre des pratiques durables.<\/p>\r\n        <ul>\r\n            <li><strong>Des op\u00e9rations respectueuses de l'environnement :<\/strong> Notre <strong>ISO 14001<\/strong> Le syst\u00e8me de gestion de l'environnement nous guide dans la r\u00e9duction des d\u00e9chets, la pr\u00e9servation des ressources et la gestion de la consommation d'\u00e9nergie dans le cadre de nos activit\u00e9s.<\/li>\r\n            <li><strong>Responsabilit\u00e9 du produit :<\/strong> Nous concevons nos modules LCD, OLED et EPD dans une optique de durabilit\u00e9 et de long\u00e9vit\u00e9, en respectant le principe \u201cr\u00e9duire et r\u00e9utiliser\u201d. Nous adh\u00e9rons \u00e0 la directive RoHS et \u00e0 d'autres directives pertinentes visant \u00e0 limiter les substances dangereuses.<\/li>\r\n            <li><strong>Engagement de la cha\u00eene d'approvisionnement :<\/strong> Nous encourageons nos fournisseurs \u00e0 adopter des pratiques responsables sur le plan environnemental et social, afin de promouvoir la durabilit\u00e9 tout au long de notre cha\u00eene de valeur.<\/li>\r\n        <\/ul>\r\n    <\/section>\r\n\r\n    <section class=\"csr-pillar\">\r\n        <h2>3. Int\u00e9grit\u00e9 dans les affaires et excellence des produits<\/h2>\r\n        <p>La confiance est le fondement de notre principe \u201cle client d'abord\u201d. Nous la construisons gr\u00e2ce \u00e0 une int\u00e9grit\u00e9 et une qualit\u00e9 in\u00e9branlables.<\/p>\r\n        <ul>\r\n            <li><strong>Qualit\u00e9 et fiabilit\u00e9 :<\/strong> Nos syst\u00e8mes de gestion de la qualit\u00e9 certifi\u00e9s garantissent que chaque module d'affichage r\u00e9pond \u00e0 des normes strictes en mati\u00e8re de performance et de fiabilit\u00e9, ce qui est crucial pour nos clients dans les domaines m\u00e9dical, automobile et de l'automatisation industrielle.<\/li>\r\n            <li><strong>Conduite \u00e9thique :<\/strong> Nous pratiquons une concurrence loyale, interdisons la corruption sous toutes ses formes et prot\u00e9geons la propri\u00e9t\u00e9 intellectuelle et les informations confidentielles.<\/li>\r\n            <li><strong>L'innovation responsable :<\/strong> Notre R&amp;D se concentre sur la cr\u00e9ation de solutions qui am\u00e9liorent l'efficacit\u00e9 et la s\u00e9curit\u00e9 des applications des utilisateurs finaux, des appareils m\u00e9dicaux aux syst\u00e8mes \u00e9nerg\u00e9tiques intelligents.<\/li>\r\n        <\/ul>\r\n    <\/section>\r\n\r\n    <section class=\"csr-pillar\">\r\n        <h2>4. Contribuer \u00e0 l'industrie et \u00e0 la communaut\u00e9<\/h2>\r\n        <p>Nous voulons \u00eatre une force positive dans les domaines sp\u00e9cialis\u00e9s dans lesquels nous op\u00e9rons et dans la communaut\u00e9 au sens large.<\/p>\r\n        <ul>\r\n            <li><strong>Favoriser la r\u00e9ussite des clients :<\/strong> En fournissant des solutions d'affichage fiables et personnalis\u00e9es, nous aidons nos clients \u00e0 accro\u00eetre la valeur de leurs produits, contribuant ainsi au progr\u00e8s technologique dans de nombreux secteurs.<\/li>\r\n            <li><strong>Engagement communautaire :<\/strong> Nous soutenons des initiatives locales \u00e0 Shenzhen et nous nous attachons \u00e0 partager notre expertise technique pour inspirer les futurs ing\u00e9nieurs et fabricants.<\/li>\r\n        <\/ul>\r\n    <\/section>\r\n\r\n    <section class=\"csr-commitment\">\r\n        <h2>Notre voyage en cours<\/h2>\r\n        <p>La responsabilit\u00e9 sociale est un processus d'am\u00e9lioration continue. Nous nous engageons \u00e0 r\u00e9examiner r\u00e9guli\u00e8rement nos pratiques, \u00e0 fixer des objectifs clairs et \u00e0 communiquer nos progr\u00e8s de mani\u00e8re transparente. Nous int\u00e9grons ces consid\u00e9rations dans nos strat\u00e9gies fondamentales de service, de technologie, de qualit\u00e9, d'efficacit\u00e9 et de co\u00fbt.<\/p>\r\n        <p>Nous invitons nos clients, partenaires et fournisseurs \u00e0 nous rejoindre dans cet engagement. En travaillant ensemble, nous pouvons non seulement r\u00e9ussir sur le plan commercial, mais aussi cr\u00e9er un \u00e9cosyst\u00e8me de fabrication plus durable et plus responsable.<\/p>\r\n    <\/section>\r\n\r\n    <div class=\"csr-contact\">\r\n        <p>Pour plus d'informations sur nos pratiques en mati\u00e8re de responsabilit\u00e9 sociale, veuillez nous contacter :<\/p>\r\n        <address>\r\n            <strong>Shenzhen JicTech LCD Co. Ltd<\/strong><br>\r\n            Salle 309, Bloc A, Weidonglong Business Building,<br>\r\n            194 Meilong Avenue, Longhua District,<br>\r\n            Shenzhen City, Guangdong Province, 518000, Chine<br>\r\n            <strong>Courriel :<\/strong> jiesheng13025100842@gmail.com<br>\r\n            <strong>Site web :<\/strong> <a href=\"https:\/\/jiclcd.com\/fr\/\">https:\/\/jiclcd.com<\/a>\r\n        <\/address>\r\n    <\/div>\r\n<\/article>\t\t\t\t<\/div>\n\t\t\t\t<\/div>\n\t\t\t\t\t<\/div>\n\t\t\t\t<\/div>\n\t\t\t\t<\/div>","protected":false},"excerpt":{"rendered":"<p>Social Responsibility Building a Sustainable Future Through Responsible Manufacturing At Shenzhen JicTech LCD Co., Ltd., we believe that our responsibility extends beyond supplying high-quality industrial display solutions. We are committed to conducting our business ethically, supporting our people, minimizing our environmental footprint, and contributing positively to the communities and industries we serve. This commitment is [&hellip;]<\/p>\n","protected":false},"author":1,"featured_media":0,"parent":0,"menu_order":0,"comment_status":"closed","ping_status":"closed","template":"elementor_header_footer","meta":{"_monsterinsights_skip_tracking":false,"_monsterinsights_sitenote_active":false,"_monsterinsights_sitenote_note":"","_monsterinsights_sitenote_category":0,"footnotes":""},"class_list":["post-27440","page","type-page","status-publish","hentry"],"blocksy_meta":[],"yoast_head":"<!-- This site is optimized with the Yoast SEO plugin v26.4 - https:\/\/yoast.com\/wordpress\/plugins\/seo\/ -->\n<title>Social Responsibility - Jictech<\/title>\n<meta name=\"robots\" content=\"index, follow, max-snippet:-1, max-image-preview:large, max-video-preview:-1\" \/>\n<link rel=\"canonical\" href=\"https:\/\/jiclcd.com\/fr\/social-responsibility\/\" \/>\n<meta property=\"og:locale\" content=\"fr_FR\" \/>\n<meta property=\"og:type\" content=\"article\" \/>\n<meta property=\"og:title\" content=\"Social Responsibility - Jictech\" \/>\n<meta property=\"og:description\" content=\"Social Responsibility Building a Sustainable Future Through Responsible Manufacturing At Shenzhen JicTech LCD Co., Ltd., we believe that our responsibility extends beyond supplying high-quality industrial display solutions. We are committed to conducting our business ethically, supporting our people, minimizing our environmental footprint, and contributing positively to the communities and industries we serve. This commitment is [&hellip;]\" \/>\n<meta property=\"og:url\" content=\"https:\/\/jiclcd.com\/fr\/social-responsibility\/\" \/>\n<meta property=\"og:site_name\" content=\"Jictech\" \/>\n<meta property=\"article:modified_time\" content=\"2026-03-17T07:51:06+00:00\" \/>\n<meta name=\"twitter:card\" content=\"summary_large_image\" \/>\n<meta name=\"twitter:label1\" content=\"Dur\u00e9e de lecture estim\u00e9e\" \/>\n\t<meta name=\"twitter:data1\" content=\"3 minutes\" \/>\n<script type=\"application\/ld+json\" class=\"yoast-schema-graph\">{\"@context\":\"https:\/\/schema.org\",\"@graph\":[{\"@type\":\"WebPage\",\"@id\":\"https:\/\/jiclcd.com\/social-responsibility\/\",\"url\":\"https:\/\/jiclcd.com\/social-responsibility\/\",\"name\":\"Social Responsibility - Jictech\",\"isPartOf\":{\"@id\":\"https:\/\/jiclcd.com\/#website\"},\"datePublished\":\"2025-12-24T04:00:14+00:00\",\"dateModified\":\"2026-03-17T07:51:06+00:00\",\"breadcrumb\":{\"@id\":\"https:\/\/jiclcd.com\/social-responsibility\/#breadcrumb\"},\"inLanguage\":\"fr-FR\",\"potentialAction\":[{\"@type\":\"ReadAction\",\"target\":[\"https:\/\/jiclcd.com\/social-responsibility\/\"]}]},{\"@type\":\"BreadcrumbList\",\"@id\":\"https:\/\/jiclcd.com\/social-responsibility\/#breadcrumb\",\"itemListElement\":[{\"@type\":\"ListItem\",\"position\":1,\"name\":\"Home\",\"item\":\"https:\/\/jiclcd.com\/\"},{\"@type\":\"ListItem\",\"position\":2,\"name\":\"Social Responsibility\"}]},{\"@type\":\"WebSite\",\"@id\":\"https:\/\/jiclcd.com\/#website\",\"url\":\"https:\/\/jiclcd.com\/\",\"name\":\"Industrial Display Manufacturer | TFT LCD, OLED, E-Paper Modules | JicTech\",\"description\":\"High-definition display module manufacturer\",\"publisher\":{\"@id\":\"https:\/\/jiclcd.com\/#organization\"},\"potentialAction\":[{\"@type\":\"SearchAction\",\"target\":{\"@type\":\"EntryPoint\",\"urlTemplate\":\"https:\/\/jiclcd.com\/?s={search_term_string}\"},\"query-input\":{\"@type\":\"PropertyValueSpecification\",\"valueRequired\":true,\"valueName\":\"search_term_string\"}}],\"inLanguage\":\"fr-FR\"},{\"@type\":\"Organization\",\"@id\":\"https:\/\/jiclcd.com\/#organization\",\"name\":\"Shenzhen JicTech LCD Co., Ltd.\",\"url\":\"https:\/\/jiclcd.com\/\",\"logo\":{\"@type\":\"ImageObject\",\"inLanguage\":\"fr-FR\",\"@id\":\"https:\/\/jiclcd.com\/#\/schema\/logo\/image\/\",\"url\":\"https:\/\/jiclcd.com\/wp-content\/uploads\/2025\/11\/JicTech-LCD-display-logo_85.png.webp\",\"contentUrl\":\"https:\/\/jiclcd.com\/wp-content\/uploads\/2025\/11\/JicTech-LCD-display-logo_85.png.webp\",\"width\":85,\"height\":86,\"caption\":\"Shenzhen JicTech LCD Co., Ltd.\"},\"image\":{\"@id\":\"https:\/\/jiclcd.com\/#\/schema\/logo\/image\/\"}}]}<\/script>\n<!-- \/ Yoast SEO plugin. -->","yoast_head_json":{"title":"Responsabilit\u00e9 sociale - Jictech","robots":{"index":"index","follow":"follow","max-snippet":"max-snippet:-1","max-image-preview":"max-image-preview:large","max-video-preview":"max-video-preview:-1"},"canonical":"https:\/\/jiclcd.com\/fr\/social-responsibility\/","og_locale":"fr_FR","og_type":"article","og_title":"Social Responsibility - Jictech","og_description":"Social Responsibility Building a Sustainable Future Through Responsible Manufacturing At Shenzhen JicTech LCD Co., Ltd., we believe that our responsibility extends beyond supplying high-quality industrial display solutions. We are committed to conducting our business ethically, supporting our people, minimizing our environmental footprint, and contributing positively to the communities and industries we serve. This commitment is [&hellip;]","og_url":"https:\/\/jiclcd.com\/fr\/social-responsibility\/","og_site_name":"Jictech","article_modified_time":"2026-03-17T07:51:06+00:00","twitter_card":"summary_large_image","twitter_misc":{"Dur\u00e9e de lecture estim\u00e9e":"3 minutes"},"schema":{"@context":"https:\/\/schema.org","@graph":[{"@type":"WebPage","@id":"https:\/\/jiclcd.com\/social-responsibility\/","url":"https:\/\/jiclcd.com\/social-responsibility\/","name":"Responsabilit\u00e9 sociale - Jictech","isPartOf":{"@id":"https:\/\/jiclcd.com\/#website"},"datePublished":"2025-12-24T04:00:14+00:00","dateModified":"2026-03-17T07:51:06+00:00","breadcrumb":{"@id":"https:\/\/jiclcd.com\/social-responsibility\/#breadcrumb"},"inLanguage":"fr-FR","potentialAction":[{"@type":"ReadAction","target":["https:\/\/jiclcd.com\/social-responsibility\/"]}]},{"@type":"BreadcrumbList","@id":"https:\/\/jiclcd.com\/social-responsibility\/#breadcrumb","itemListElement":[{"@type":"ListItem","position":1,"name":"Home","item":"https:\/\/jiclcd.com\/"},{"@type":"ListItem","position":2,"name":"Social Responsibility"}]},{"@type":"WebSite","@id":"https:\/\/jiclcd.com\/#website","url":"https:\/\/jiclcd.com\/","name":"Fabricant d'\u00e9crans industriels | Modules TFT LCD, OLED, E-Paper | JicTech","description":"Fabricant de modules d'affichage haute d\u00e9finition","publisher":{"@id":"https:\/\/jiclcd.com\/#organization"},"potentialAction":[{"@type":"SearchAction","target":{"@type":"EntryPoint","urlTemplate":"https:\/\/jiclcd.com\/?s={search_term_string}"},"query-input":{"@type":"PropertyValueSpecification","valueRequired":true,"valueName":"search_term_string"}}],"inLanguage":"fr-FR"},{"@type":"Organization","@id":"https:\/\/jiclcd.com\/#organization","name":"Shenzhen JicTech LCD Co, Ltd.","url":"https:\/\/jiclcd.com\/","logo":{"@type":"ImageObject","inLanguage":"fr-FR","@id":"https:\/\/jiclcd.com\/#\/schema\/logo\/image\/","url":"https:\/\/jiclcd.com\/wp-content\/uploads\/2025\/11\/JicTech-LCD-display-logo_85.png.webp","contentUrl":"https:\/\/jiclcd.com\/wp-content\/uploads\/2025\/11\/JicTech-LCD-display-logo_85.png.webp","width":85,"height":86,"caption":"Shenzhen JicTech LCD Co., Ltd."},"image":{"@id":"https:\/\/jiclcd.com\/#\/schema\/logo\/image\/"}}]}},"_hostinger_reach_plugin_has_subscription_block":false,"_hostinger_reach_plugin_is_elementor":false,"_links":{"self":[{"href":"https:\/\/jiclcd.com\/fr\/wp-json\/wp\/v2\/pages\/27440","targetHints":{"allow":["GET"]}}],"collection":[{"href":"https:\/\/jiclcd.com\/fr\/wp-json\/wp\/v2\/pages"}],"about":[{"href":"https:\/\/jiclcd.com\/fr\/wp-json\/wp\/v2\/types\/page"}],"author":[{"embeddable":true,"href":"https:\/\/jiclcd.com\/fr\/wp-json\/wp\/v2\/users\/1"}],"replies":[{"embeddable":true,"href":"https:\/\/jiclcd.com\/fr\/wp-json\/wp\/v2\/comments?post=27440"}],"version-history":[{"count":10,"href":"https:\/\/jiclcd.com\/fr\/wp-json\/wp\/v2\/pages\/27440\/revisions"}],"predecessor-version":[{"id":29320,"href":"https:\/\/jiclcd.com\/fr\/wp-json\/wp\/v2\/pages\/27440\/revisions\/29320"}],"wp:attachment":[{"href":"https:\/\/jiclcd.com\/fr\/wp-json\/wp\/v2\/media?parent=27440"}],"curies":[{"name":"wp","href":"https:\/\/api.w.org\/{rel}","templated":true}]}}