{"id":27393,"date":"2025-12-24T02:34:03","date_gmt":"2025-12-24T02:34:03","guid":{"rendered":"https:\/\/jiclcd.com\/?page_id=27393"},"modified":"2026-03-17T07:44:34","modified_gmt":"2026-03-17T07:44:34","slug":"cookies-policy","status":"publish","type":"page","link":"https:\/\/jiclcd.com\/fr\/cookies-policy\/","title":{"rendered":"Politique en mati\u00e8re de cookies"},"content":{"rendered":"<div data-elementor-type=\"wp-page\" data-elementor-id=\"27393\" class=\"elementor elementor-27393\" data-elementor-settings=\"{&quot;ha_cmc_init_switcher&quot;:&quot;no&quot;}\" data-elementor-post-type=\"page\">\n\t\t\t\t\t\t<section class=\"elementor-section elementor-top-section elementor-element elementor-element-10c758e5 elementor-section-boxed elementor-section-height-default elementor-section-height-default\" data-id=\"10c758e5\" data-element_type=\"section\" data-settings=\"{&quot;background_background&quot;:&quot;classic&quot;,&quot;_ha_eqh_enable&quot;:false}\">\n\t\t\t\t\t\t\t<div class=\"elementor-background-overlay\"><\/div>\n\t\t\t\t\t\t\t<div class=\"elementor-container elementor-column-gap-default\">\n\t\t\t\t\t<div class=\"elementor-column elementor-col-100 elementor-top-column elementor-element elementor-element-4f68a672\" data-id=\"4f68a672\" data-element_type=\"column\">\n\t\t\t<div class=\"elementor-widget-wrap elementor-element-populated\">\n\t\t\t\t\t\t<div class=\"elementor-element elementor-element-3ee620d6 elementor-widget elementor-widget-heading\" data-id=\"3ee620d6\" data-element_type=\"widget\" data-widget_type=\"heading.default\">\n\t\t\t\t<div class=\"elementor-widget-container\">\n\t\t\t\t\t<h1 class=\"elementor-heading-title elementor-size-default\">Politique en mati\u00e8re de cookies<\/h1>\t\t\t\t<\/div>\n\t\t\t\t<\/div>\n\t\t\t\t\t<\/div>\n\t\t<\/div>\n\t\t\t\t\t<\/div>\n\t\t<\/section>\n\t\t<div class=\"elementor-element elementor-element-439e8a8 e-flex e-con-boxed e-con e-parent\" data-id=\"439e8a8\" data-element_type=\"container\" data-settings=\"{&quot;_ha_eqh_enable&quot;:false}\">\n\t\t\t\t\t<div class=\"e-con-inner\">\n\t\t\t\t<div class=\"elementor-element elementor-element-1b7f150 elementor-widget elementor-widget-html\" data-id=\"1b7f150\" data-element_type=\"widget\" data-widget_type=\"html.default\">\n\t\t\t\t<div class=\"elementor-widget-container\">\n\t\t\t\t\t<h2 class=\"privacy-policy-h1\"><span>Derni\u00e8re mise \u00e0 jour le 24-Dec-2025<\/span>\r\n<br><span>Date d'entr\u00e9e en vigueur 24-Dec-2025<\/span>\r\n<\/h2>\r\n\r\n<p class=\"privacy-policy-p\">\r\n    La pr\u00e9sente politique de confidentialit\u00e9 d\u00e9crit les politiques de\r\n\r\n    Shenzhen JicTech LCD Co, Ltd,\r\n    Room 309, Block A, Weidonglong Business Building, 194 Meilong Avenue, Longhua District, Shenzhen City, Guangdong Province, China,\r\n    Shenzhen City, Guangdong Province\r\n    518000,\r\n    Chine,\r\n    email: jiesheng13025100842@gmail.com,\r\n    t\u00e9l\u00e9phone : +8613025100842\r\n\r\n    sur la collecte, l'utilisation et la divulgation des informations que nous recueillons,\r\n    l'utilisation et la divulgation des informations que nous recueillons\r\n    lorsque vous utilisez notre site web ( https:\/\/jiclcd.com ).\r\n    (le \u201cservice\u201d). En acc\u00e9dant ou en utilisant\r\n    service, vous consentez \u00e0 la collecte, \u00e0 l'utilisation et \u00e0 la divulgation des informations vous concernant.\r\n    service, vous consentez \u00e0 la collecte, \u00e0 l'utilisation et \u00e0 la divulgation de vos informations conform\u00e9ment aux pr\u00e9sentes dispositions.\r\n    la collecte, l'utilisation et la divulgation de vos informations conform\u00e9ment \u00e0 la pr\u00e9sente politique de confidentialit\u00e9.\r\n    politique de confidentialit\u00e9. Si vous n'y consentez pas, veuillez ne pas acc\u00e9der au service ni l'utiliser,\r\n    veuillez ne pas acc\u00e9der au service ni l'utiliser.\r\n<\/p>\r\n\r\n<p class=\"privacy-policy-p\">\r\n    Nous pouvons modifier la pr\u00e9sente politique de confidentialit\u00e9 \u00e0 tout moment sans pr\u00e9avis.\r\n    sans pr\u00e9avis et publierons la version r\u00e9vis\u00e9e de la politique de\r\n    Politique de confidentialit\u00e9 r\u00e9vis\u00e9e sur le Service. La politique r\u00e9vis\u00e9e\r\n    sera effective 180 jours apr\u00e8s la publication de la\r\n    de la publication de la politique r\u00e9vis\u00e9e sur le service et votre\r\n    l'acc\u00e8s ou l'utilisation du service apr\u00e8s cette date\r\n    service apr\u00e8s cette date vaudra acceptation de la politique de confidentialit\u00e9 r\u00e9vis\u00e9e.\r\n    r\u00e9vis\u00e9e. Nous vous recommandons donc de consulter r\u00e9guli\u00e8rement cette page.\r\n    p\u00e9riodiquement cette page.\r\n<\/p>\r\n\r\n<ol class=\"privacy-policy-ol\">\r\n    \r\n    \r\n\r\n    \r\n    \r\n\r\n    \r\n    <li>\r\n        <h2 class=\"privacy-policy-h2\">\r\n            Vos droits :\r\n        <\/h2>\r\n        <p class=\"privacy-policy-p\">\r\n            En fonction de la loi applicable, vous pouvez avoir\r\n            un droit d'acc\u00e8s et de rectification ou d'effacement de vos\r\n            donn\u00e9es \u00e0 caract\u00e8re personnel ou d'en recevoir une copie, de\r\n            de restreindre ou de vous opposer au traitement actif de vos donn\u00e9es, de nous demander de partager (portage) vos donn\u00e9es personnelles.\r\n            traitement actif de vos donn\u00e9es, de nous demander de partager (portage)\r\n            de partager (portage) vos donn\u00e9es \u00e0 caract\u00e8re personnel avec une autre entit\u00e9\r\n            retirer tout consentement que vous nous avez donn\u00e9 pour\r\n            traitement de vos donn\u00e9es, le droit d'introduire une r\u00e9clamation\r\n            aupr\u00e8s d'une autorit\u00e9 statutaire et tout autre droit\r\n            et tout autre droit pertinent en vertu des lois applicables. Pour exercer ces droits, vous pouvez \u00e9crire \u00e0\r\n            exercer ces droits, vous pouvez nous \u00e9crire \u00e0 l'adresse suivante\r\n            jiesheng13025100842@gmail.com.\r\n            Nous r\u00e9pondrons \u00e0 votre\r\n            \u00e0 votre demande conform\u00e9ment \u00e0 la loi applicable.\r\n        <\/p>\r\n\r\n        \r\n        <p class=\"privacy-policy-p\">\r\n            Veuillez noter que si vous ne nous autorisez pas \u00e0 collecter\r\n            ou de traiter les informations personnelles requises ou\r\n            retirer le consentement au traitement de ces informations aux fins requises, vous ne pourrez pas acc\u00e9der \u00e0 vos donn\u00e9es personnelles.\r\n            aux fins requises, il se peut que vous ne puissiez pas acc\u00e9der\r\n            ou d'utiliser les services pour lesquels vos informations\r\n            ont \u00e9t\u00e9 demand\u00e9es.\r\n        <\/p>\r\n    <\/li>\r\n        <li>\r\n        <h2 class=\"privacy-policy-h2\">\r\n            Cookies Etc.\r\n        <\/h2>\r\n        <p class=\"privacy-policy-p\">\r\n\r\n            \r\n            Pour en savoir plus sur la fa\u00e7on dont nous utilisons ces\r\n            et les choix qui s'offrent \u00e0 vous en ce qui concerne ces\r\n            technologies de suivi, veuillez vous r\u00e9f\u00e9rer \u00e0 notre\r\n            <a href=\"https:\/\/jiclcd.com\/fr\/cookies-policy\/\">Politique en mati\u00e8re de cookies.<\/a>\r\n        <\/p>\r\n    <\/li>\r\n    \r\n    <li>\r\n        <h2 class=\"privacy-policy-h2\">\r\n            La s\u00e9curit\u00e9 :\r\n        <\/h2>\r\n        <p class=\"privacy-policy-p\">\r\n            La s\u00e9curit\u00e9 de vos informations est importante pour nous.\r\n            et nous utiliserons des mesures de s\u00e9curit\u00e9 raisonnables\r\n            pour emp\u00eacher la perte, l'utilisation abusive ou la\r\n            modification non autoris\u00e9e des informations\r\n            sous notre contr\u00f4le. Toutefois, compte tenu des risques inh\u00e9rents, nous\r\n            ne pouvons pas garantir une s\u00e9curit\u00e9 absolue et\r\n            et, par cons\u00e9quent, nous ne pouvons pas assurer ou garantir la\r\n            la s\u00e9curit\u00e9 des informations que vous nous transmettez\r\n            et vous le faites \u00e0 vos propres risques.\r\n        <\/p>\r\n    <\/li>\r\n\r\n    \r\n    <li>\r\n        <h2 class=\"privacy-policy-h2\">\r\n            D\u00e9l\u00e9gu\u00e9 aux plaintes et \u00e0 la protection des donn\u00e9es :\r\n        <\/h2>\r\n        <p class=\"privacy-policy-p\">\r\n            Si vous avez des questions ou des pr\u00e9occupations concernant le\r\n            traitement de vos informations disponibles chez nous\r\n            vous pouvez envoyer un courriel \u00e0 notre responsable des griefs \u00e0 l'adresse suivante\r\n            Shenzhen JicTech LCD Co,\r\n            Room 309, Block A, Weidonglong Business Building, 194 Meilong Avenue, Longhua District, Shenzhen City, Guangdong Province, China,\r\n            email: jiesheng13025100842@gmail.com.\r\n            Nous r\u00e9pondrons \u00e0 vos pr\u00e9occupations conform\u00e9ment \u00e0 la l\u00e9gislation applicable.\r\n        <\/p>\r\n    <\/li>\r\n<\/ol>\r\n<p class=\"privacy-policy-p\">\r\n    Politique de confidentialit\u00e9 g\u00e9n\u00e9r\u00e9e avec  <a target=\"_blank\" href=\"https:\/\/www.cookieyes.com\/?utm_source=PP&utm_medium=footer&utm_campaign=UW\">CookieOui<\/a>.\r\n<\/p>\t\t\t\t<\/div>\n\t\t\t\t<\/div>\n\t\t\t\t\t<\/div>\n\t\t\t\t<\/div>\n\t\t\t\t<\/div>","protected":false},"excerpt":{"rendered":"<p>Cookies Policy Last Updated On 24-Dec-2025 Effective Date 24-Dec-2025 This Privacy Policy describes the policies of Shenzhen JicTech LCD Co., Ltd, Room 309, Block A, Weidonglong Business Building, 194 Meilong Avenue, Longhua District, Shenzhen City, Guangdong Province, China, Shenzhen City, Guangdong Province 518000, China, email: jiesheng13025100842@gmail.com, phone: +8613025100842 on the collection, use and disclosure of [&hellip;]<\/p>\n","protected":false},"author":1,"featured_media":0,"parent":0,"menu_order":0,"comment_status":"closed","ping_status":"closed","template":"elementor_header_footer","meta":{"_monsterinsights_skip_tracking":false,"_monsterinsights_sitenote_active":false,"_monsterinsights_sitenote_note":"","_monsterinsights_sitenote_category":0,"footnotes":""},"class_list":["post-27393","page","type-page","status-publish","hentry"],"blocksy_meta":[],"yoast_head":"<!-- This site is optimized with the Yoast SEO plugin v26.4 - https:\/\/yoast.com\/wordpress\/plugins\/seo\/ -->\n<title>Cookies Policy - Jictech<\/title>\n<meta name=\"robots\" content=\"index, follow, max-snippet:-1, max-image-preview:large, max-video-preview:-1\" \/>\n<link rel=\"canonical\" href=\"https:\/\/jiclcd.com\/fr\/cookies-policy\/\" \/>\n<meta property=\"og:locale\" content=\"fr_FR\" \/>\n<meta property=\"og:type\" content=\"article\" \/>\n<meta property=\"og:title\" content=\"Cookies Policy - Jictech\" \/>\n<meta property=\"og:description\" content=\"Cookies Policy Last Updated On 24-Dec-2025 Effective Date 24-Dec-2025 This Privacy Policy describes the policies of Shenzhen JicTech LCD Co., Ltd, Room 309, Block A, Weidonglong Business Building, 194 Meilong Avenue, Longhua District, Shenzhen City, Guangdong Province, China, Shenzhen City, Guangdong Province 518000, China, email: jiesheng13025100842@gmail.com, phone: +8613025100842 on the collection, use and disclosure of [&hellip;]\" \/>\n<meta property=\"og:url\" content=\"https:\/\/jiclcd.com\/fr\/cookies-policy\/\" \/>\n<meta property=\"og:site_name\" content=\"Jictech\" \/>\n<meta property=\"article:modified_time\" content=\"2026-03-17T07:44:34+00:00\" \/>\n<meta name=\"twitter:card\" content=\"summary_large_image\" \/>\n<meta name=\"twitter:label1\" content=\"Dur\u00e9e de lecture estim\u00e9e\" \/>\n\t<meta name=\"twitter:data1\" content=\"3 minutes\" \/>\n<script type=\"application\/ld+json\" class=\"yoast-schema-graph\">{\"@context\":\"https:\/\/schema.org\",\"@graph\":[{\"@type\":\"WebPage\",\"@id\":\"https:\/\/jiclcd.com\/cookies-policy\/\",\"url\":\"https:\/\/jiclcd.com\/cookies-policy\/\",\"name\":\"Cookies Policy - Jictech\",\"isPartOf\":{\"@id\":\"https:\/\/jiclcd.com\/#website\"},\"datePublished\":\"2025-12-24T02:34:03+00:00\",\"dateModified\":\"2026-03-17T07:44:34+00:00\",\"breadcrumb\":{\"@id\":\"https:\/\/jiclcd.com\/cookies-policy\/#breadcrumb\"},\"inLanguage\":\"fr-FR\",\"potentialAction\":[{\"@type\":\"ReadAction\",\"target\":[\"https:\/\/jiclcd.com\/cookies-policy\/\"]}]},{\"@type\":\"BreadcrumbList\",\"@id\":\"https:\/\/jiclcd.com\/cookies-policy\/#breadcrumb\",\"itemListElement\":[{\"@type\":\"ListItem\",\"position\":1,\"name\":\"Home\",\"item\":\"https:\/\/jiclcd.com\/\"},{\"@type\":\"ListItem\",\"position\":2,\"name\":\"Cookies Policy\"}]},{\"@type\":\"WebSite\",\"@id\":\"https:\/\/jiclcd.com\/#website\",\"url\":\"https:\/\/jiclcd.com\/\",\"name\":\"Industrial Display Manufacturer | TFT LCD, OLED, E-Paper Modules | JicTech\",\"description\":\"High-definition display module manufacturer\",\"publisher\":{\"@id\":\"https:\/\/jiclcd.com\/#organization\"},\"potentialAction\":[{\"@type\":\"SearchAction\",\"target\":{\"@type\":\"EntryPoint\",\"urlTemplate\":\"https:\/\/jiclcd.com\/?s={search_term_string}\"},\"query-input\":{\"@type\":\"PropertyValueSpecification\",\"valueRequired\":true,\"valueName\":\"search_term_string\"}}],\"inLanguage\":\"fr-FR\"},{\"@type\":\"Organization\",\"@id\":\"https:\/\/jiclcd.com\/#organization\",\"name\":\"Shenzhen JicTech LCD Co., Ltd.\",\"url\":\"https:\/\/jiclcd.com\/\",\"logo\":{\"@type\":\"ImageObject\",\"inLanguage\":\"fr-FR\",\"@id\":\"https:\/\/jiclcd.com\/#\/schema\/logo\/image\/\",\"url\":\"https:\/\/jiclcd.com\/wp-content\/uploads\/2025\/11\/JicTech-LCD-display-logo_85.png.webp\",\"contentUrl\":\"https:\/\/jiclcd.com\/wp-content\/uploads\/2025\/11\/JicTech-LCD-display-logo_85.png.webp\",\"width\":85,\"height\":86,\"caption\":\"Shenzhen JicTech LCD Co., Ltd.\"},\"image\":{\"@id\":\"https:\/\/jiclcd.com\/#\/schema\/logo\/image\/\"}}]}<\/script>\n<!-- \/ Yoast SEO plugin. -->","yoast_head_json":{"title":"Politique en mati\u00e8re de cookies - Jictech","robots":{"index":"index","follow":"follow","max-snippet":"max-snippet:-1","max-image-preview":"max-image-preview:large","max-video-preview":"max-video-preview:-1"},"canonical":"https:\/\/jiclcd.com\/fr\/cookies-policy\/","og_locale":"fr_FR","og_type":"article","og_title":"Cookies Policy - Jictech","og_description":"Cookies Policy Last Updated On 24-Dec-2025 Effective Date 24-Dec-2025 This Privacy Policy describes the policies of Shenzhen JicTech LCD Co., Ltd, Room 309, Block A, Weidonglong Business Building, 194 Meilong Avenue, Longhua District, Shenzhen City, Guangdong Province, China, Shenzhen City, Guangdong Province 518000, China, email: jiesheng13025100842@gmail.com, phone: +8613025100842 on the collection, use and disclosure of [&hellip;]","og_url":"https:\/\/jiclcd.com\/fr\/cookies-policy\/","og_site_name":"Jictech","article_modified_time":"2026-03-17T07:44:34+00:00","twitter_card":"summary_large_image","twitter_misc":{"Dur\u00e9e de lecture estim\u00e9e":"3 minutes"},"schema":{"@context":"https:\/\/schema.org","@graph":[{"@type":"WebPage","@id":"https:\/\/jiclcd.com\/cookies-policy\/","url":"https:\/\/jiclcd.com\/cookies-policy\/","name":"Politique en mati\u00e8re de cookies - Jictech","isPartOf":{"@id":"https:\/\/jiclcd.com\/#website"},"datePublished":"2025-12-24T02:34:03+00:00","dateModified":"2026-03-17T07:44:34+00:00","breadcrumb":{"@id":"https:\/\/jiclcd.com\/cookies-policy\/#breadcrumb"},"inLanguage":"fr-FR","potentialAction":[{"@type":"ReadAction","target":["https:\/\/jiclcd.com\/cookies-policy\/"]}]},{"@type":"BreadcrumbList","@id":"https:\/\/jiclcd.com\/cookies-policy\/#breadcrumb","itemListElement":[{"@type":"ListItem","position":1,"name":"Home","item":"https:\/\/jiclcd.com\/"},{"@type":"ListItem","position":2,"name":"Cookies Policy"}]},{"@type":"WebSite","@id":"https:\/\/jiclcd.com\/#website","url":"https:\/\/jiclcd.com\/","name":"Fabricant d'\u00e9crans industriels | Modules TFT LCD, OLED, E-Paper | JicTech","description":"Fabricant de modules d'affichage haute d\u00e9finition","publisher":{"@id":"https:\/\/jiclcd.com\/#organization"},"potentialAction":[{"@type":"SearchAction","target":{"@type":"EntryPoint","urlTemplate":"https:\/\/jiclcd.com\/?s={search_term_string}"},"query-input":{"@type":"PropertyValueSpecification","valueRequired":true,"valueName":"search_term_string"}}],"inLanguage":"fr-FR"},{"@type":"Organization","@id":"https:\/\/jiclcd.com\/#organization","name":"Shenzhen JicTech LCD Co, Ltd.","url":"https:\/\/jiclcd.com\/","logo":{"@type":"ImageObject","inLanguage":"fr-FR","@id":"https:\/\/jiclcd.com\/#\/schema\/logo\/image\/","url":"https:\/\/jiclcd.com\/wp-content\/uploads\/2025\/11\/JicTech-LCD-display-logo_85.png.webp","contentUrl":"https:\/\/jiclcd.com\/wp-content\/uploads\/2025\/11\/JicTech-LCD-display-logo_85.png.webp","width":85,"height":86,"caption":"Shenzhen JicTech LCD Co., Ltd."},"image":{"@id":"https:\/\/jiclcd.com\/#\/schema\/logo\/image\/"}}]}},"_hostinger_reach_plugin_has_subscription_block":false,"_hostinger_reach_plugin_is_elementor":false,"_links":{"self":[{"href":"https:\/\/jiclcd.com\/fr\/wp-json\/wp\/v2\/pages\/27393","targetHints":{"allow":["GET"]}}],"collection":[{"href":"https:\/\/jiclcd.com\/fr\/wp-json\/wp\/v2\/pages"}],"about":[{"href":"https:\/\/jiclcd.com\/fr\/wp-json\/wp\/v2\/types\/page"}],"author":[{"embeddable":true,"href":"https:\/\/jiclcd.com\/fr\/wp-json\/wp\/v2\/users\/1"}],"replies":[{"embeddable":true,"href":"https:\/\/jiclcd.com\/fr\/wp-json\/wp\/v2\/comments?post=27393"}],"version-history":[{"count":15,"href":"https:\/\/jiclcd.com\/fr\/wp-json\/wp\/v2\/pages\/27393\/revisions"}],"predecessor-version":[{"id":29311,"href":"https:\/\/jiclcd.com\/fr\/wp-json\/wp\/v2\/pages\/27393\/revisions\/29311"}],"wp:attachment":[{"href":"https:\/\/jiclcd.com\/fr\/wp-json\/wp\/v2\/media?parent=27393"}],"curies":[{"name":"wp","href":"https:\/\/api.w.org\/{rel}","templated":true}]}}