{"id":27224,"date":"2025-12-18T05:53:06","date_gmt":"2025-12-18T05:53:06","guid":{"rendered":"https:\/\/jiclcd.com\/?post_type=product&#038;p=27224"},"modified":"2026-03-25T06:53:35","modified_gmt":"2026-03-25T06:53:35","slug":"6-86-inch-tft-lcd-module","status":"publish","type":"product","link":"https:\/\/jiclcd.com\/de\/produkt\/6-86-inch-tft-lcd-module\/","title":{"rendered":"6,86-Zoll-TFT-LCD-Modul - 480\u00d71280 Anzeige"},"content":{"rendered":"<h2><strong>Produkt-Details: JicTech 6,86-Zoll-TFT-LCD-Modul<\/strong><\/h2>\n<h3><strong>\u00dcbersicht<\/strong><\/h3>\n<p class=\"ds-markdown-paragraph\">Das RS68616BWN-1A ist ein hochaufl\u00f6sendes, farbintensives TFT-LCD-Modul, das f\u00fcr Anwendungen entwickelt wurde, die eine hervorragende Bildqualit\u00e4t und zuverl\u00e4ssige Leistung in einem kompakten Formfaktor erfordern. Durch die Verwendung eines IPS-Panels (In-Plane Switching) bietet es eine konsistente Farbwiedergabe und gro\u00dfe Betrachtungswinkel. Das Modul verf\u00fcgt \u00fcber einen leistungsstarken NV3051F-Treiber-IC, unterst\u00fctzt 24-Bit-RGB-Daten und ist mit einem effizienten LED-Backlight-System ausgestattet. Durch sein schlankes Design und seine robusten elektrischen Eigenschaften eignet es sich f\u00fcr Anwendungen mit begrenztem Platzangebot und schwierigen Umweltbedingungen.<\/p>\n<hr \/>\n<h3><strong>Wesentliche Merkmale<\/strong><\/h3>\n<ul>\n<li>\n<p class=\"ds-markdown-paragraph\"><strong>Hohe Aufl\u00f6sung:<\/strong>\u00a0480 (RGB) \u00d7 1280 Pixel f\u00fcr scharfe Texte, Grafiken und Videos.<\/p>\n<\/li>\n<li>\n<p class=\"ds-markdown-paragraph\"><strong>IPS-Technologie:<\/strong>\u00a0Gro\u00dfer Betrachtungswinkel (typisch 80\u00b0 in alle Richtungen) mit ausgezeichneter Farbkonsistenz.<\/p>\n<\/li>\n<li>\n<p class=\"ds-markdown-paragraph\"><strong>Unterst\u00fctzung von True Color:<\/strong>\u00a016,7 Millionen Farben (24-Bit-RGB) f\u00fcr lebendige, realistische Bilder.<\/p>\n<\/li>\n<li>\n<p class=\"ds-markdown-paragraph\"><strong>Hochgeschwindigkeitsschnittstelle:<\/strong>\u00a0MIPI DSI 4-Lane-Schnittstelle f\u00fcr effiziente Daten\u00fcbertragung.<\/p>\n<\/li>\n<li>\n<p class=\"ds-markdown-paragraph\"><strong>Ultra-schlankes Design:<\/strong>\u00a0Modulst\u00e4rke von nur 4,40 mm.<\/p>\n<\/li>\n<li>\n<p class=\"ds-markdown-paragraph\"><strong>Breiter Temperaturbereich:<\/strong>\u00a0Betrieb von -20\u00b0C bis +70\u00b0C, Lagerung von -30\u00b0C bis +80\u00b0C.<\/p>\n<\/li>\n<li>\n<p class=\"ds-markdown-paragraph\"><strong>RoHS-konform:<\/strong>\u00a0Hergestellt aus umweltfreundlichen Materialien.<\/p>\n<\/li>\n<\/ul>\n<hr \/>\n<h3><strong>Anwendungen<\/strong><\/h3>\n<ul>\n<li>\n<p class=\"ds-markdown-paragraph\">Tragbare medizinische Displays und Diagnoseger\u00e4te<\/p>\n<\/li>\n<li>\n<p class=\"ds-markdown-paragraph\">Industrielle Mensch-Maschine-Schnittstellen (HMIs)<\/p>\n<\/li>\n<li>\n<p class=\"ds-markdown-paragraph\">Zentrale Anzeigen und Kombiinstrumente f\u00fcr Kraftfahrzeuge<\/p>\n<\/li>\n<li>\n<p class=\"ds-markdown-paragraph\">Handheld-Terminals und tragbare Scanner<\/p>\n<\/li>\n<li>\n<p class=\"ds-markdown-paragraph\">Unterhaltungselektronik und intelligente Haushaltsger\u00e4te<\/p>\n<\/li>\n<\/ul>\n<hr \/>\n<h3><strong>Technische Daten<\/strong><\/h3>\n<div class=\"ds-scroll-area _1210dd7 c03cafe9\">\n<div class=\"ds-scroll-area__gutters\">\n<div class=\"ds-scroll-area__horizontal-gutter\"><\/div>\n<div class=\"ds-scroll-area__vertical-gutter\"><\/div>\n<\/div>\n<table>\n<thead>\n<tr>\n<th><strong>Kategorie<\/strong><\/th>\n<th><strong>Parameter<\/strong><\/th>\n<th><strong>Spezifikation<\/strong><\/th>\n<th><strong>Einheit<\/strong><\/th>\n<th><strong>Bedingungen \/ Anmerkungen<\/strong><\/th>\n<\/tr>\n<\/thead>\n<tbody>\n<tr>\n<td><strong>Allgemein<\/strong><\/td>\n<td>Name des Modells<\/td>\n<td>RS68616BWN-1A<\/td>\n<td>\u2013<\/td>\n<td>\u2013<\/td>\n<\/tr>\n<tr>\n<td><\/td>\n<td>Anzeige Typ<\/td>\n<td>IPS-TFT-LCD<\/td>\n<td>\u2013<\/td>\n<td>\u2013<\/td>\n<\/tr>\n<tr>\n<td><\/td>\n<td>Bildschirmgr\u00f6\u00dfe<\/td>\n<td>6.86<\/td>\n<td>Zoll<\/td>\n<td>\u2013<\/td>\n<\/tr>\n<tr>\n<td><\/td>\n<td>Aufl\u00f6sung<\/td>\n<td>480 (RGB) \u00d7 1280<\/td>\n<td>Dots<\/td>\n<td>\u2013<\/td>\n<\/tr>\n<tr>\n<td><\/td>\n<td>Aktiver Bereich<\/td>\n<td>60.192 \u00d7 160.512<\/td>\n<td>mm<\/td>\n<td>\u2013<\/td>\n<\/tr>\n<tr>\n<td><\/td>\n<td>Pixel-Teilung<\/td>\n<td>125.4 \u00d7 125.4<\/td>\n<td>\u00b5m<\/td>\n<td>\u2013<\/td>\n<\/tr>\n<tr>\n<td><\/td>\n<td>Umriss Abmessungen<\/td>\n<td>66,60 (H) \u00d7 181,00 (V) \u00d7 4,40 (T)<\/td>\n<td>mm<\/td>\n<td>\u2013<\/td>\n<\/tr>\n<tr>\n<td><\/td>\n<td>Ansicht Richtung<\/td>\n<td>Alle (voller Betrachtungswinkel)<\/td>\n<td>\u2013<\/td>\n<td>\u2013<\/td>\n<\/tr>\n<tr>\n<td><\/td>\n<td>Farben anzeigen<\/td>\n<td>16.7M<\/td>\n<td>\u2013<\/td>\n<td>24-Bit-RGB<\/td>\n<\/tr>\n<tr>\n<td><\/td>\n<td>Treiber-IC<\/td>\n<td>NV3051F<\/td>\n<td>\u2013<\/td>\n<td>\u2013<\/td>\n<\/tr>\n<tr>\n<td><strong>Elektrisch<\/strong><\/td>\n<td>Logik-Versorgungsspannung (IOVCC)<\/td>\n<td>1,65 - 3,3 (Typ. 1,8\/2,8)<\/td>\n<td>V<\/td>\n<td>W\u00e4hlbar<\/td>\n<\/tr>\n<tr>\n<td><\/td>\n<td>Analoge Versorgungsspannung (VCC\/VCI)<\/td>\n<td>2,5 - 3,3 (Typ. 2,8)<\/td>\n<td>V<\/td>\n<td>\u2013<\/td>\n<\/tr>\n<tr>\n<td><\/td>\n<td>Eingangs-Hochpegel (VIH)<\/td>\n<td>0,7 \u00d7 IOVCC bis IOVCC<\/td>\n<td>V<\/td>\n<td>\u2013<\/td>\n<\/tr>\n<tr>\n<td><\/td>\n<td>Niedriger Eingangspegel (VIL)<\/td>\n<td>0 bis 0,3 \u00d7 IOVCC<\/td>\n<td>V<\/td>\n<td>\u2013<\/td>\n<\/tr>\n<tr>\n<td><\/td>\n<td>Hoher Ausgangspegel (VOH)<\/td>\n<td>0,8 \u00d7 IOVCC bis IOVCC<\/td>\n<td>V<\/td>\n<td>\u2013<\/td>\n<\/tr>\n<tr>\n<td><\/td>\n<td>Ausgang Low Level (VOL)<\/td>\n<td>0 bis 0,2 \u00d7 IOVCC<\/td>\n<td>V<\/td>\n<td>\u2013<\/td>\n<\/tr>\n<tr>\n<td><strong>Hintergrundbeleuchtung<\/strong><\/td>\n<td>Leuchtdichte<\/td>\n<td>Min. 400<\/td>\n<td>cd\/m\u00b2<\/td>\n<td>@ If=120mA, T=25\u00b0C<\/td>\n<\/tr>\n<tr>\n<td><\/td>\n<td>Einheitlichkeit<\/td>\n<td>min. 80%<\/td>\n<td>%<\/td>\n<td>\u2013<\/td>\n<\/tr>\n<tr>\n<td><\/td>\n<td>Farbkoordinate (CIE x, y)<\/td>\n<td>x: 0,25-0,32, y: 0.25-0.32<\/td>\n<td>\u2013<\/td>\n<td>\u2013<\/td>\n<\/tr>\n<tr>\n<td><\/td>\n<td>Vorw\u00e4rtsspannung (Vf)<\/td>\n<td>8,8 - 10,5 (Typ. 9,0)<\/td>\n<td>V<\/td>\n<td>\u2013<\/td>\n<\/tr>\n<tr>\n<td><\/td>\n<td>Vorw\u00e4rtsstrom (If)<\/td>\n<td>120 - 160<\/td>\n<td>mA<\/td>\n<td>\u2013<\/td>\n<\/tr>\n<tr>\n<td><strong>Optisch<\/strong><\/td>\n<td>Kontrastverh\u00e4ltnis<\/td>\n<td>Min. 1000, Typ. 1500<\/td>\n<td>\u2013<\/td>\n<td>@ Normalwinkel (\u03c6=0\u00b0)<\/td>\n<\/tr>\n<tr>\n<td><\/td>\n<td>Betrachtungswinkel (CR&gt;10)<\/td>\n<td>Typ. 80\u00b0 (alle Richtungen)<\/td>\n<td>Grad<\/td>\n<td>\u03c6 = 0\u00b0, 90\u00b0, 180\u00b0, 270\u00b0<\/td>\n<\/tr>\n<tr>\n<td><\/td>\n<td>Reaktionszeit (Tr+Tf)<\/td>\n<td>Typ. 30, Max. 40<\/td>\n<td>ms<\/td>\n<td>\u2013<\/td>\n<\/tr>\n<tr>\n<td><strong>Schnittstelle<\/strong><\/td>\n<td>Display-Schnittstelle<\/td>\n<td>MIPI DSI 4-Spur<\/td>\n<td>\u2013<\/td>\n<td>\u2013<\/td>\n<\/tr>\n<tr>\n<td><\/td>\n<td>Anschluss<\/td>\n<td>40-Pin-FPC<\/td>\n<td>\u2013<\/td>\n<td>\u2013<\/td>\n<\/tr>\n<tr>\n<td><strong>Umwelt<\/strong><\/td>\n<td>Betriebstemperatur<\/td>\n<td>-20 bis +70<\/td>\n<td>\u00b0C<\/td>\n<td>\u2013<\/td>\n<\/tr>\n<tr>\n<td><\/td>\n<td>Lagertemperatur<\/td>\n<td>-30 bis +80<\/td>\n<td>\u00b0C<\/td>\n<td>\u2013<\/td>\n<\/tr>\n<tr>\n<td><\/td>\n<td>Luftfeuchtigkeit im Betrieb<\/td>\n<td>Bis zu 90% RH (max. 60\u00b0C)<\/td>\n<td>%RH<\/td>\n<td>Nicht kondensierend<\/td>\n<\/tr>\n<\/tbody>\n<\/table>\n<\/div>\n<hr \/>\n<h3><strong>Pin-Belegung (40-poliger FPC)<\/strong><\/h3>\n<div class=\"ds-scroll-area _1210dd7 c03cafe9\">\n<div class=\"ds-scroll-area__gutters\">\n<div class=\"ds-scroll-area__horizontal-gutter\"><\/div>\n<div class=\"ds-scroll-area__vertical-gutter\"><\/div>\n<\/div>\n<table>\n<thead>\n<tr>\n<th>Stift<\/th>\n<th>Symbol<\/th>\n<th>Funktion<\/th>\n<th>Stift<\/th>\n<th>Symbol<\/th>\n<th>Funktion<\/th>\n<\/tr>\n<\/thead>\n<tbody>\n<tr>\n<td>1<\/td>\n<td>GND<\/td>\n<td>Boden<\/td>\n<td>21<\/td>\n<td>NC<\/td>\n<td>Keine Verbindung<\/td>\n<\/tr>\n<tr>\n<td>2<\/td>\n<td>D0P<\/td>\n<td>MIPI Daten0+<\/td>\n<td>22<\/td>\n<td>NC<\/td>\n<td>Keine Verbindung<\/td>\n<\/tr>\n<tr>\n<td>3<\/td>\n<td>D0N<\/td>\n<td>MIPI Daten0-<\/td>\n<td>23<\/td>\n<td>NC<\/td>\n<td>Keine Verbindung<\/td>\n<\/tr>\n<tr>\n<td>4<\/td>\n<td>GND<\/td>\n<td>Boden<\/td>\n<td>24<\/td>\n<td>RESET<\/td>\n<td>Reset-Signal<\/td>\n<\/tr>\n<tr>\n<td>5<\/td>\n<td>D1P<\/td>\n<td>MIPI-Daten1+<\/td>\n<td>25<\/td>\n<td>STBYB<\/td>\n<td>Standby-Steuerung (Normalerweise High)<\/td>\n<\/tr>\n<tr>\n<td>6<\/td>\n<td>D1N<\/td>\n<td>MIPI Daten1-<\/td>\n<td>26<\/td>\n<td>NC<\/td>\n<td>Keine Verbindung<\/td>\n<\/tr>\n<tr>\n<td>7<\/td>\n<td>GND<\/td>\n<td>Boden<\/td>\n<td>27<\/td>\n<td>GND<\/td>\n<td>Boden<\/td>\n<\/tr>\n<tr>\n<td>8<\/td>\n<td>CLKP<\/td>\n<td>MIPI-Takt+<\/td>\n<td>28<\/td>\n<td>LEDK<\/td>\n<td>LED-Kathode<\/td>\n<\/tr>\n<tr>\n<td>9<\/td>\n<td>CLKN<\/td>\n<td>MIPI Clock-<\/td>\n<td>29<\/td>\n<td>LEDK<\/td>\n<td>LED-Kathode<\/td>\n<\/tr>\n<tr>\n<td>10<\/td>\n<td>GND<\/td>\n<td>Boden<\/td>\n<td>30<\/td>\n<td>GND<\/td>\n<td>Boden<\/td>\n<\/tr>\n<tr>\n<td>11<\/td>\n<td>D2P<\/td>\n<td>MIPI-Daten2+<\/td>\n<td>31<\/td>\n<td>NC<\/td>\n<td>Keine Verbindung<\/td>\n<\/tr>\n<tr>\n<td>12<\/td>\n<td>D2N<\/td>\n<td>MIPI Daten2-<\/td>\n<td>32<\/td>\n<td>GND<\/td>\n<td>Boden<\/td>\n<\/tr>\n<tr>\n<td>13<\/td>\n<td>GND<\/td>\n<td>Boden<\/td>\n<td>33<\/td>\n<td>GND<\/td>\n<td>Boden<\/td>\n<\/tr>\n<tr>\n<td>14<\/td>\n<td>D3P<\/td>\n<td>MIPI-Daten3+<\/td>\n<td>34<\/td>\n<td>NC<\/td>\n<td>Keine Verbindung<\/td>\n<\/tr>\n<tr>\n<td>15<\/td>\n<td>D3N<\/td>\n<td>MIPI-Daten3-<\/td>\n<td>35<\/td>\n<td>LEDA<\/td>\n<td>LED-Anode<\/td>\n<\/tr>\n<tr>\n<td>16<\/td>\n<td>GND<\/td>\n<td>Boden<\/td>\n<td>36<\/td>\n<td>LEDA<\/td>\n<td>LED-Anode<\/td>\n<\/tr>\n<tr>\n<td>17<\/td>\n<td>GND<\/td>\n<td>Boden<\/td>\n<td>37<\/td>\n<td>GND<\/td>\n<td>Boden<\/td>\n<\/tr>\n<tr>\n<td>18<\/td>\n<td>IOVCC<\/td>\n<td>E\/A-Leistung (1,8V\/2,8V)<\/td>\n<td>38<\/td>\n<td>VCC<\/td>\n<td>Analoge Stromversorgung (2,8 V)<\/td>\n<\/tr>\n<tr>\n<td>19<\/td>\n<td>IOVCC<\/td>\n<td>E\/A-Leistung (1,8V\/2,8V)<\/td>\n<td>39<\/td>\n<td>VCC<\/td>\n<td>Analoge Stromversorgung (2,8 V)<\/td>\n<\/tr>\n<tr>\n<td>20<\/td>\n<td>NC<\/td>\n<td>Keine Verbindung<\/td>\n<td>40<\/td>\n<td>NC<\/td>\n<td>Keine Verbindung<\/td>\n<\/tr>\n<\/tbody>\n<\/table>\n<\/div>\n<hr \/>\n<h3><strong>Zuverl\u00e4ssigkeitspr\u00fcfung<\/strong><\/h3>\n<ul>\n<li>\n<p class=\"ds-markdown-paragraph\"><strong>Betrieb bei hohen Temperaturen:<\/strong>\u00a070\u00b0C f\u00fcr 48 Stunden<\/p>\n<\/li>\n<li>\n<p class=\"ds-markdown-paragraph\"><strong>Betrieb bei niedrigen Temperaturen:<\/strong>\u00a0-20\u00b0C f\u00fcr 48 Stunden<\/p>\n<\/li>\n<li>\n<p class=\"ds-markdown-paragraph\"><strong>Lagerung bei hoher Luftfeuchtigkeit:<\/strong>\u00a040\u00b0C, 90% RH f\u00fcr 48 Stunden<\/p>\n<\/li>\n<li>\n<p class=\"ds-markdown-paragraph\"><strong>Temperaturzyklen:<\/strong>\u00a0-20\u00b0C \u2194 70\u00b0C (jeweils 30 min)<\/p>\n<\/li>\n<li>\n<p class=\"ds-markdown-paragraph\"><strong>Kriterien:<\/strong>\u00a0Keine kosmetischen oder funktionellen M\u00e4ngel; Stromverbrauch innerhalb des Doppelten des Ausgangswertes.<\/p>\n<\/li>\n<\/ul>\n<hr \/>\n<h3><strong>Qualit\u00e4ts- und Inspektionsstandards<\/strong><\/h3>\n<ul>\n<li>\n<p class=\"ds-markdown-paragraph\"><strong>Probenahmeplan:<\/strong>\u00a0MIL-STD-105E, Stufe II<\/p>\n<\/li>\n<li>\n<p class=\"ds-markdown-paragraph\"><strong>Annehmbare Qualit\u00e4tsstufe (AQL):<\/strong><\/p>\n<ul>\n<li>\n<p class=\"ds-markdown-paragraph\">Schwerwiegende M\u00e4ngel (MA): 0,65<\/p>\n<\/li>\n<li>\n<p class=\"ds-markdown-paragraph\">Geringf\u00fcgige M\u00e4ngel (MI): 1,0<\/p>\n<\/li>\n<\/ul>\n<\/li>\n<li>\n<p class=\"ds-markdown-paragraph\"><strong>Inspektionsbedingungen:<\/strong>\u00a030 cm Betrachtungsabstand, \u00b145\u00b0 Betrachtungswinkel, 5-10 Sekunden pro Einheit.<\/p>\n<\/li>\n<li>\n<p class=\"ds-markdown-paragraph\"><strong>Klassifizierung der Defekte:<\/strong>\u00a0Dazu geh\u00f6ren Display-Anomalien, Probleme mit der Hintergrundbeleuchtung, Punkt-\/Linienfehler, kosmetische M\u00e4ngel und Montageabweichungen.<\/p>\n<\/li>\n<\/ul>\n<hr \/>\n<h3><strong>Vorsichtsma\u00dfnahmen f\u00fcr Handhabung und Lagerung<\/strong><\/h3>\n<ul>\n<li>\n<p class=\"ds-markdown-paragraph\"><strong>Power Sequence:<\/strong>\u00a0Legen Sie die Stromversorgung (3,0 V \u00b10,5 V) vor den Eingangssignalen an; eine umgekehrte Reihenfolge kann das IC besch\u00e4digen.<\/p>\n<\/li>\n<li>\n<p class=\"ds-markdown-paragraph\"><strong>L\u00f6ten:<\/strong>\u00a0L\u00f6tkolbentemperatur 280\u00b110\u00b0C, L\u00f6tdauer &lt;3-4 Sekunden. Nicht mehr als 3 Mal l\u00f6ten.<\/p>\n<\/li>\n<li>\n<p class=\"ds-markdown-paragraph\"><strong>Lagerung:<\/strong>\u00a0In einem antistatischen Beutel bei -30\u00b0C bis +80\u00b0C an einem dunklen Ort aufbewahren. Vermeiden Sie Druck auf die Display-Oberfl\u00e4che.<\/p>\n<\/li>\n<li>\n<p class=\"ds-markdown-paragraph\"><strong>Reinigung:<\/strong>\u00a0Verwenden Sie ein weiches, trockenes Tuch; vermeiden Sie Chemikalien und Scheuermittel.<\/p>\n<\/li>\n<\/ul>\n<hr \/>\n<h3><strong>Das Paket enth\u00e4lt<\/strong><\/h3>\n<ul>\n<li>\n<p class=\"ds-markdown-paragraph\">6,86-Zoll-TFT-LCD-Modul (RS68616BWN-1A)<\/p>\n<\/li>\n<li>\n<p class=\"ds-markdown-paragraph\">40-poliges FPC-Kabel angeschlossen<\/p>\n<\/li>\n<li>\n<p class=\"ds-markdown-paragraph\">Grundlegende mechanische und Schnittstellen-Dokumentation<\/p>\n<\/li>\n<\/ul>\n<hr \/>\n<h3><strong>Bestellinformationen<\/strong><\/h3>\n<ul>\n<li>\n<p class=\"ds-markdown-paragraph\">Modell: RS68616BWN-1A<\/p>\n<\/li>\n<li>\n<p class=\"ds-markdown-paragraph\">\u00dcberarbeitung: 1.0<\/p>\n<\/li>\n<li>\n<p class=\"ds-markdown-paragraph\">Hintergrundbeleuchtung: Wei\u00dfe LED, Vf=9,0V typisch, If=120-160mA<\/p>\n<\/li>\n<li>\n<p class=\"ds-markdown-paragraph\">Konformit\u00e4t: RoHS<\/p>\n<\/li>\n<li>\n<p class=\"ds-markdown-paragraph\">Anpassungen: Erh\u00e4ltlich f\u00fcr Gro\u00dfauftr\u00e4ge (Schnittstelle, Hintergrundbeleuchtung, Montage)<\/p>\n<\/li>\n<\/ul>\n<hr \/>\n<blockquote>\n<p class=\"ds-markdown-paragraph\"><em>Hinweis: Die Spezifikationen basieren auf der Version 1.0 der Produktspezifikation und k\u00f6nnen ohne vorherige Ank\u00fcndigung ge\u00e4ndert werden. F\u00fcr kundenspezifische Anforderungen, Zuverl\u00e4ssigkeitstests oder Unterst\u00fctzung bei der Entwicklung wenden Sie sich bitte an den technischen Support von JicTech.<\/em><\/p>\n<\/blockquote>\n<p>&nbsp;<\/p>\n<h2>Technische Dokumente herunterladen<\/h2>\n<p>Klicken Sie hier, um dieses Dokument herunterzuladen\uff1a<a href=\"https:\/\/jiclcd.com\/wp-content\/uploads\/2025\/12\/SPEC-RS686I6BVN-1A.pdf\">SPEC-RS686I6BVN-1A<\/a><\/p>\n<p class=\"ds-markdown-paragraph\"><em>Alle Spezifikationen basieren auf dem offiziellen Produktdatenblatt (Ver: 01). Mechanische Zeichnungen, Signalzeitdiagramme und vollst\u00e4ndige Inspektionskriterien entnehmen Sie bitte dem Originaldokument.<\/em><\/p>","protected":false},"excerpt":{"rendered":"<p>Das 6,86\u2033 TFT-LCD-Modul von JicTech bietet ein hochaufl\u00f6sendes 480\u00d71280-Display mit lebendigen Farben und weiten Betrachtungswinkeln. Mit SPI- oder MIPI-Schnittstellenoptionen und kompaktem Design ist es ideal f\u00fcr Handheld-Ger\u00e4te, Embedded-Systeme, industrielle Steuerungen und IoT-Anwendungen.<\/p>","protected":false},"featured_media":27226,"comment_status":"open","ping_status":"closed","template":"","meta":{"_monsterinsights_skip_tracking":false,"_monsterinsights_sitenote_active":false,"_monsterinsights_sitenote_note":"","_monsterinsights_sitenote_category":0},"product_brand":[],"product_cat":[35],"product_tag":[102,160,156,157,148],"class_list":{"0":"post-27224","1":"product","2":"type-product","3":"status-publish","4":"has-post-thumbnail","6":"product_cat-tft-lcd-module","7":"product_tag-6-86inch-ultraslim-ips-tft-lcd-module","8":"product_tag-display-type-ips","9":"product_tag-interface-mipi","10":"product_tag-pixel-480x1280","11":"product_tag-viewing-angle-all","13":"first","14":"instock","15":"shipping-taxable","16":"product-type-simple"},"yoast_head":"<!-- This site is optimized with the Yoast SEO plugin v26.4 - https:\/\/yoast.com\/wordpress\/plugins\/seo\/ -->\n<title>6.86\u2011inch TFT LCD Module \u2013 480\u00d71280 Display - Jictech<\/title>\n<meta name=\"description\" content=\"High\u2011quality 6.86\u2033 TFT LCD Module with 480\u00d71280 resolution and vivid visuals. Compact, wide viewing design with SPI\/MIPI interfaces ideal for handheld devices, embedded systems, automation panels, and IoT displays. Request a quote or datasheet today!\" \/>\n<meta name=\"robots\" content=\"index, follow, max-snippet:-1, max-image-preview:large, max-video-preview:-1\" \/>\n<link rel=\"canonical\" href=\"https:\/\/jiclcd.com\/de\/produkt\/6-86-inch-tft-lcd-module\/\" \/>\n<meta property=\"og:locale\" content=\"de_DE\" \/>\n<meta property=\"og:type\" content=\"article\" \/>\n<meta property=\"og:title\" content=\"6.86\u2011inch TFT LCD Module \u2013 480\u00d71280 Display - Jictech\" \/>\n<meta property=\"og:description\" content=\"High\u2011quality 6.86\u2033 TFT LCD Module with 480\u00d71280 resolution and vivid visuals. Compact, wide viewing design with SPI\/MIPI interfaces ideal for handheld devices, embedded systems, automation panels, and IoT displays. Request a quote or datasheet today!\" \/>\n<meta property=\"og:url\" content=\"https:\/\/jiclcd.com\/de\/produkt\/6-86-inch-tft-lcd-module\/\" \/>\n<meta property=\"og:site_name\" content=\"Jictech\" \/>\n<meta property=\"article:modified_time\" content=\"2026-03-25T06:53:35+00:00\" \/>\n<meta property=\"og:image\" content=\"https:\/\/jiclcd.com\/wp-content\/uploads\/2025\/12\/TFT-48-1.png\" \/>\n\t<meta property=\"og:image:width\" content=\"800\" \/>\n\t<meta property=\"og:image:height\" content=\"800\" \/>\n\t<meta property=\"og:image:type\" content=\"image\/png\" \/>\n<meta name=\"twitter:card\" content=\"summary_large_image\" \/>\n<meta name=\"twitter:label1\" content=\"Gesch\u00e4tzte Lesezeit\" \/>\n\t<meta name=\"twitter:data1\" content=\"4\u00a0Minuten\" \/>\n<script type=\"application\/ld+json\" class=\"yoast-schema-graph\">{\"@context\":\"https:\/\/schema.org\",\"@graph\":[{\"@type\":\"WebPage\",\"@id\":\"https:\/\/jiclcd.com\/product\/6-86-inch-tft-lcd-module\/\",\"url\":\"https:\/\/jiclcd.com\/product\/6-86-inch-tft-lcd-module\/\",\"name\":\"6.86\u2011inch TFT LCD Module \u2013 480\u00d71280 Display - Jictech\",\"isPartOf\":{\"@id\":\"https:\/\/jiclcd.com\/#website\"},\"primaryImageOfPage\":{\"@id\":\"https:\/\/jiclcd.com\/product\/6-86-inch-tft-lcd-module\/#primaryimage\"},\"image\":{\"@id\":\"https:\/\/jiclcd.com\/product\/6-86-inch-tft-lcd-module\/#primaryimage\"},\"thumbnailUrl\":\"https:\/\/jiclcd.com\/wp-content\/uploads\/2025\/12\/TFT-48-1.png\",\"datePublished\":\"2025-12-18T05:53:06+00:00\",\"dateModified\":\"2026-03-25T06:53:35+00:00\",\"description\":\"High\u2011quality 6.86\u2033 TFT LCD Module with 480\u00d71280 resolution and vivid visuals. Compact, wide viewing design with SPI\/MIPI interfaces ideal for handheld devices, embedded systems, automation panels, and IoT displays. Request a quote or datasheet today!\",\"breadcrumb\":{\"@id\":\"https:\/\/jiclcd.com\/product\/6-86-inch-tft-lcd-module\/#breadcrumb\"},\"inLanguage\":\"de\",\"potentialAction\":[{\"@type\":\"ReadAction\",\"target\":[\"https:\/\/jiclcd.com\/product\/6-86-inch-tft-lcd-module\/\"]}]},{\"@type\":\"ImageObject\",\"inLanguage\":\"de\",\"@id\":\"https:\/\/jiclcd.com\/product\/6-86-inch-tft-lcd-module\/#primaryimage\",\"url\":\"https:\/\/jiclcd.com\/wp-content\/uploads\/2025\/12\/TFT-48-1.png\",\"contentUrl\":\"https:\/\/jiclcd.com\/wp-content\/uploads\/2025\/12\/TFT-48-1.png\",\"width\":800,\"height\":800,\"caption\":\"6.86 inch TFT LCD module 800x1280 display\"},{\"@type\":\"BreadcrumbList\",\"@id\":\"https:\/\/jiclcd.com\/product\/6-86-inch-tft-lcd-module\/#breadcrumb\",\"itemListElement\":[{\"@type\":\"ListItem\",\"position\":1,\"name\":\"Home\",\"item\":\"https:\/\/jiclcd.com\/\"},{\"@type\":\"ListItem\",\"position\":2,\"name\":\"Shop\",\"item\":\"https:\/\/jiclcd.com\/shop\/\"},{\"@type\":\"ListItem\",\"position\":3,\"name\":\"6.86\u2011inch TFT LCD Module \u2013 480\u00d71280 Display\"}]},{\"@type\":\"WebSite\",\"@id\":\"https:\/\/jiclcd.com\/#website\",\"url\":\"https:\/\/jiclcd.com\/\",\"name\":\"Industrial Display Manufacturer | TFT LCD, OLED, E-Paper Modules | JicTech\",\"description\":\"High-definition display module manufacturer\",\"publisher\":{\"@id\":\"https:\/\/jiclcd.com\/#organization\"},\"potentialAction\":[{\"@type\":\"SearchAction\",\"target\":{\"@type\":\"EntryPoint\",\"urlTemplate\":\"https:\/\/jiclcd.com\/?s={search_term_string}\"},\"query-input\":{\"@type\":\"PropertyValueSpecification\",\"valueRequired\":true,\"valueName\":\"search_term_string\"}}],\"inLanguage\":\"de\"},{\"@type\":\"Organization\",\"@id\":\"https:\/\/jiclcd.com\/#organization\",\"name\":\"Shenzhen JicTech LCD Co., Ltd.\",\"url\":\"https:\/\/jiclcd.com\/\",\"logo\":{\"@type\":\"ImageObject\",\"inLanguage\":\"de\",\"@id\":\"https:\/\/jiclcd.com\/#\/schema\/logo\/image\/\",\"url\":\"https:\/\/jiclcd.com\/wp-content\/uploads\/2025\/11\/JicTech-LCD-display-logo_85.png.webp\",\"contentUrl\":\"https:\/\/jiclcd.com\/wp-content\/uploads\/2025\/11\/JicTech-LCD-display-logo_85.png.webp\",\"width\":85,\"height\":86,\"caption\":\"Shenzhen JicTech LCD Co., Ltd.\"},\"image\":{\"@id\":\"https:\/\/jiclcd.com\/#\/schema\/logo\/image\/\"}}]}<\/script>\n<!-- \/ Yoast SEO plugin. -->","yoast_head_json":{"title":"6,86-Zoll-TFT-LCD-Modul - 480\u00d71280 Anzeige - Jictech","description":"Hochwertiges 6,86\u2033 TFT-LCD-Modul mit 480\u00d71280 Aufl\u00f6sung und lebendiger Darstellung. Kompaktes, weites Design mit SPI\/MIPI-Schnittstellen, ideal f\u00fcr Handheld-Ger\u00e4te, eingebettete Systeme, Automatisierungspanels und IoT-Displays. Fordern Sie noch heute ein Angebot oder Datenblatt an!","robots":{"index":"index","follow":"follow","max-snippet":"max-snippet:-1","max-image-preview":"max-image-preview:large","max-video-preview":"max-video-preview:-1"},"canonical":"https:\/\/jiclcd.com\/de\/produkt\/6-86-inch-tft-lcd-module\/","og_locale":"de_DE","og_type":"article","og_title":"6.86\u2011inch TFT LCD Module \u2013 480\u00d71280 Display - Jictech","og_description":"High\u2011quality 6.86\u2033 TFT LCD Module with 480\u00d71280 resolution and vivid visuals. Compact, wide viewing design with SPI\/MIPI interfaces ideal for handheld devices, embedded systems, automation panels, and IoT displays. Request a quote or datasheet today!","og_url":"https:\/\/jiclcd.com\/de\/produkt\/6-86-inch-tft-lcd-module\/","og_site_name":"Jictech","article_modified_time":"2026-03-25T06:53:35+00:00","og_image":[{"width":800,"height":800,"url":"https:\/\/jiclcd.com\/wp-content\/uploads\/2025\/12\/TFT-48-1.png","type":"image\/png"}],"twitter_card":"summary_large_image","twitter_misc":{"Gesch\u00e4tzte Lesezeit":"4\u00a0Minuten"},"schema":{"@context":"https:\/\/schema.org","@graph":[{"@type":"WebPage","@id":"https:\/\/jiclcd.com\/product\/6-86-inch-tft-lcd-module\/","url":"https:\/\/jiclcd.com\/product\/6-86-inch-tft-lcd-module\/","name":"6,86-Zoll-TFT-LCD-Modul - 480\u00d71280 Anzeige - Jictech","isPartOf":{"@id":"https:\/\/jiclcd.com\/#website"},"primaryImageOfPage":{"@id":"https:\/\/jiclcd.com\/product\/6-86-inch-tft-lcd-module\/#primaryimage"},"image":{"@id":"https:\/\/jiclcd.com\/product\/6-86-inch-tft-lcd-module\/#primaryimage"},"thumbnailUrl":"https:\/\/jiclcd.com\/wp-content\/uploads\/2025\/12\/TFT-48-1.png","datePublished":"2025-12-18T05:53:06+00:00","dateModified":"2026-03-25T06:53:35+00:00","description":"Hochwertiges 6,86\u2033 TFT-LCD-Modul mit 480\u00d71280 Aufl\u00f6sung und lebendiger Darstellung. Kompaktes, weites Design mit SPI\/MIPI-Schnittstellen, ideal f\u00fcr Handheld-Ger\u00e4te, eingebettete Systeme, Automatisierungspanels und IoT-Displays. Fordern Sie noch heute ein Angebot oder Datenblatt an!","breadcrumb":{"@id":"https:\/\/jiclcd.com\/product\/6-86-inch-tft-lcd-module\/#breadcrumb"},"inLanguage":"de","potentialAction":[{"@type":"ReadAction","target":["https:\/\/jiclcd.com\/product\/6-86-inch-tft-lcd-module\/"]}]},{"@type":"ImageObject","inLanguage":"de","@id":"https:\/\/jiclcd.com\/product\/6-86-inch-tft-lcd-module\/#primaryimage","url":"https:\/\/jiclcd.com\/wp-content\/uploads\/2025\/12\/TFT-48-1.png","contentUrl":"https:\/\/jiclcd.com\/wp-content\/uploads\/2025\/12\/TFT-48-1.png","width":800,"height":800,"caption":"6.86 inch TFT LCD module 800x1280 display"},{"@type":"BreadcrumbList","@id":"https:\/\/jiclcd.com\/product\/6-86-inch-tft-lcd-module\/#breadcrumb","itemListElement":[{"@type":"ListItem","position":1,"name":"Home","item":"https:\/\/jiclcd.com\/"},{"@type":"ListItem","position":2,"name":"Shop","item":"https:\/\/jiclcd.com\/shop\/"},{"@type":"ListItem","position":3,"name":"6.86\u2011inch TFT LCD Module \u2013 480\u00d71280 Display"}]},{"@type":"WebSite","@id":"https:\/\/jiclcd.com\/#website","url":"https:\/\/jiclcd.com\/","name":"Hersteller industrieller Displays | TFT LCD, OLED, E-Paper Module | JicTech","description":"Hersteller von hochaufl\u00f6senden Anzeigemodulen","publisher":{"@id":"https:\/\/jiclcd.com\/#organization"},"potentialAction":[{"@type":"SearchAction","target":{"@type":"EntryPoint","urlTemplate":"https:\/\/jiclcd.com\/?s={search_term_string}"},"query-input":{"@type":"PropertyValueSpecification","valueRequired":true,"valueName":"search_term_string"}}],"inLanguage":"de"},{"@type":"Organization","@id":"https:\/\/jiclcd.com\/#organization","name":"Shenzhen JicTech LCD Co., Ltd.","url":"https:\/\/jiclcd.com\/","logo":{"@type":"ImageObject","inLanguage":"de","@id":"https:\/\/jiclcd.com\/#\/schema\/logo\/image\/","url":"https:\/\/jiclcd.com\/wp-content\/uploads\/2025\/11\/JicTech-LCD-display-logo_85.png.webp","contentUrl":"https:\/\/jiclcd.com\/wp-content\/uploads\/2025\/11\/JicTech-LCD-display-logo_85.png.webp","width":85,"height":86,"caption":"Shenzhen JicTech LCD Co., Ltd."},"image":{"@id":"https:\/\/jiclcd.com\/#\/schema\/logo\/image\/"}}]}},"_links":{"self":[{"href":"https:\/\/jiclcd.com\/de\/wp-json\/wp\/v2\/product\/27224","targetHints":{"allow":["GET"]}}],"collection":[{"href":"https:\/\/jiclcd.com\/de\/wp-json\/wp\/v2\/product"}],"about":[{"href":"https:\/\/jiclcd.com\/de\/wp-json\/wp\/v2\/types\/product"}],"replies":[{"embeddable":true,"href":"https:\/\/jiclcd.com\/de\/wp-json\/wp\/v2\/comments?post=27224"}],"wp:featuredmedia":[{"embeddable":true,"href":"https:\/\/jiclcd.com\/de\/wp-json\/wp\/v2\/media\/27226"}],"wp:attachment":[{"href":"https:\/\/jiclcd.com\/de\/wp-json\/wp\/v2\/media?parent=27224"}],"wp:term":[{"taxonomy":"product_brand","embeddable":true,"href":"https:\/\/jiclcd.com\/de\/wp-json\/wp\/v2\/product_brand?post=27224"},{"taxonomy":"product_cat","embeddable":true,"href":"https:\/\/jiclcd.com\/de\/wp-json\/wp\/v2\/product_cat?post=27224"},{"taxonomy":"product_tag","embeddable":true,"href":"https:\/\/jiclcd.com\/de\/wp-json\/wp\/v2\/product_tag?post=27224"}],"curies":[{"name":"wp","href":"https:\/\/api.w.org\/{rel}","templated":true}]}}