{"id":26462,"date":"2025-11-26T03:50:33","date_gmt":"2025-11-26T03:50:33","guid":{"rendered":"https:\/\/jiclcd.com\/?post_type=product&#038;p=26462"},"modified":"2026-03-04T06:08:43","modified_gmt":"2026-03-04T06:08:43","slug":"e-paper-4-2-inch-display","status":"publish","type":"product","link":"https:\/\/jiclcd.com\/de\/product\/e-paper-4-2-inch-display\/","title":{"rendered":"4,2-Zoll-E-Paper-Display - Hochkontrast-E-Ink-Modul"},"content":{"rendered":"<figure id=\"attachment_26463\" aria-describedby=\"caption-attachment-26463\" style=\"width: 800px\" class=\"wp-caption alignnone\"><img fetchpriority=\"high\" decoding=\"async\" class=\"wp-image-26463 size-full\" src=\"https:\/\/jiclcd.com\/wp-content\/uploads\/2025\/11\/e-pater-custom-tft-display-2.webp\" alt=\"4,2-Zoll-E-Paper-Display mit kontrastreichem E-Ink-Bildschirm\" width=\"800\" height=\"800\" srcset=\"https:\/\/jiclcd.com\/wp-content\/uploads\/2025\/11\/e-pater-custom-tft-display-2.webp 800w, https:\/\/jiclcd.com\/wp-content\/uploads\/2025\/11\/e-pater-custom-tft-display-2-300x300.webp 300w, https:\/\/jiclcd.com\/wp-content\/uploads\/2025\/11\/e-pater-custom-tft-display-2-150x150.webp 150w, https:\/\/jiclcd.com\/wp-content\/uploads\/2025\/11\/e-pater-custom-tft-display-2-768x768.webp 768w, https:\/\/jiclcd.com\/wp-content\/uploads\/2025\/11\/e-pater-custom-tft-display-2-500x500.webp 500w, https:\/\/jiclcd.com\/wp-content\/uploads\/2025\/11\/e-pater-custom-tft-display-2-600x600.webp 600w, https:\/\/jiclcd.com\/wp-content\/uploads\/2025\/11\/e-pater-custom-tft-display-2-100x100.webp 100w\" sizes=\"(max-width: 800px) 100vw, 800px\" \/><figcaption id=\"caption-attachment-26463\" class=\"wp-caption-text\">4,2-Zoll-E-Paper-Display mit kontrastreichem E-Ink-Bildschirm<\/figcaption><\/figure>\n<h2 class=\"ds-markdown-paragraph\"><strong>JicTech 4,2-Zoll 3-Farb E-Paper Display Modul (Modell: JS0420MN11-TNG-A0)<\/strong><\/h2>\n<p class=\"ds-markdown-paragraph\"><strong>\u00dcbersicht<\/strong><br \/>\nDas JS0420MN11-TNG-A0 ist ein 4,2-Zoll-Aktivmatrix-Elektrophorese-Display-Modul (AMEPD), das die Farben Schwarz, Wei\u00df und Rot in einem bistabilen, reflektierenden Format unterst\u00fctzt. Mit seinem extrem niedrigen Stromverbrauch, einem integrierten Schnittstellencontroller und seiner robusten Umweltvertr\u00e4glichkeit ist es die ideale Wahl f\u00fcr elektronische Regaletiketten, digitale Beschilderung und batteriebetriebene Informationsanzeigen.<\/p>\n<p class=\"ds-markdown-paragraph\"><strong>Wesentliche Merkmale<\/strong><\/p>\n<ul>\n<li>\n<p class=\"ds-markdown-paragraph\"><strong>4,2-Zoll-3-Farb-E-Paper:<\/strong>\u00a0Schwarzes, wei\u00dfes und rotes Display mit hohem Reflexionsgrad (35% typisch)<\/p>\n<\/li>\n<li>\n<p class=\"ds-markdown-paragraph\"><strong>Ultra Low Power:<\/strong>\u00a0Stromverbrauch nur bei Aktualisierungen; Strom im Tiefschlaf \u2264 3\u00b5A<\/p>\n<\/li>\n<li>\n<p class=\"ds-markdown-paragraph\"><strong>Bi-stabiles Display:<\/strong>\u00a0Bild bleibt ohne Strom<\/p>\n<\/li>\n<li>\n<p class=\"ds-markdown-paragraph\"><strong>Mehrere SPI-Schnittstellen:<\/strong>\u00a0W\u00e4hlbare 3-Draht- oder 4-Draht-SPI \u00fcber BS1-Pin<\/p>\n<\/li>\n<li>\n<p class=\"ds-markdown-paragraph\"><strong>Integrierter Controller:<\/strong>\u00a0On-Chip-RAM, DC-DC, Temperatursensor und OTP f\u00fcr Wellenformen<\/p>\n<\/li>\n<li>\n<p class=\"ds-markdown-paragraph\"><strong>Weiter Betrachtungswinkel:<\/strong>\u00a0Nahezu 180\u00b0-Lesbarkeit<\/p>\n<\/li>\n<li>\n<p class=\"ds-markdown-paragraph\"><strong>Hartbeschichtung mit blendfreier Oberfl\u00e4che:<\/strong>\u00a0Bessere Sichtbarkeit im Freien<\/p>\n<\/li>\n<li>\n<p class=\"ds-markdown-paragraph\"><strong>Kompakt und leicht:<\/strong>\u00a091,0 mm \u00d7 77,0 mm \u00d7 1,12 mm, 15,5 g<\/p>\n<\/li>\n<li>\n<p class=\"ds-markdown-paragraph\"><strong>RoHS-konform<\/strong><\/p>\n<\/li>\n<\/ul>\n<p class=\"ds-markdown-paragraph\"><strong>Technische Daten<\/strong><\/p>\n<ul>\n<li>\n<p class=\"ds-markdown-paragraph\"><strong>Anzeigebereich:<\/strong>\u00a084,8 mm \u00d7 63,6 mm<\/p>\n<\/li>\n<li>\n<p class=\"ds-markdown-paragraph\"><strong>Aufl\u00f6sung:<\/strong>\u00a0400 \u00d7 300 Pixel (120 DPI)<\/p>\n<\/li>\n<li>\n<p class=\"ds-markdown-paragraph\"><strong>Pixel-Teilung:<\/strong>\u00a00,212 mm \u00d7 0,212 mm<\/p>\n<\/li>\n<li>\n<p class=\"ds-markdown-paragraph\"><strong>Farben:<\/strong>\u00a0Schwarz, Wei\u00df, Rot (1 Bit pro Farbe)<\/p>\n<\/li>\n<li>\n<p class=\"ds-markdown-paragraph\"><strong>Kontrastverh\u00e4ltnis:<\/strong>\u00a015:1 (Minimum)<\/p>\n<\/li>\n<li>\n<p class=\"ds-markdown-paragraph\"><strong>Reflexionsgrad (Wei\u00df):<\/strong>\u00a035% typisch<\/p>\n<\/li>\n<li>\n<p class=\"ds-markdown-paragraph\"><strong>Versorgungsspannung (VCI):<\/strong>\u00a02,3 V bis 3,7 V (3,0 V typisch)<\/p>\n<\/li>\n<li>\n<p class=\"ds-markdown-paragraph\"><strong>Schnittstelle:<\/strong>\u00a0SPI (3-Draht oder 4-Draht)<\/p>\n<\/li>\n<li>\n<p class=\"ds-markdown-paragraph\"><strong>Betriebstemperatur:<\/strong>\u00a00\u00b0C bis 40\u00b0C<\/p>\n<\/li>\n<li>\n<p class=\"ds-markdown-paragraph\"><strong>Lagertemperatur:<\/strong>\u00a00\u00b0C bis 40\u00b0C<\/p>\n<\/li>\n<li>\n<p class=\"ds-markdown-paragraph\"><strong>Aktualisierungszeit:<\/strong>\u00a0Abh\u00e4ngig von der Wellenform und der Temperatur<\/p>\n<\/li>\n<li>\n<p class=\"ds-markdown-paragraph\"><strong>Lebenszeit:<\/strong>\u00a05 Jahre unter bestimmten Bedingungen<\/p>\n<\/li>\n<\/ul>\n<p class=\"ds-markdown-paragraph\"><strong>Anwendungen<\/strong><\/p>\n<ul>\n<li>\n<p class=\"ds-markdown-paragraph\">Elektronische Regaletiketten (ESL) und Preisauszeichnungssysteme f\u00fcr den Einzelhandel<\/p>\n<\/li>\n<li>\n<p class=\"ds-markdown-paragraph\">Etikettierung in Industrie und Lager<\/p>\n<\/li>\n<li>\n<p class=\"ds-markdown-paragraph\">Tragbare medizinische Ger\u00e4te und Patientenarmb\u00e4nder<\/p>\n<\/li>\n<li>\n<p class=\"ds-markdown-paragraph\">Intelligente B\u00fcrobeschilderung und Displays f\u00fcr Besprechungsr\u00e4ume<\/p>\n<\/li>\n<li>\n<p class=\"ds-markdown-paragraph\">IoT-Sensoren und batteriebetriebene Anzeigen<\/p>\n<\/li>\n<li>\n<p class=\"ds-markdown-paragraph\">Nachhaltige Verpackungen und intelligente Etiketten<\/p>\n<\/li>\n<\/ul>\n<p class=\"ds-markdown-paragraph\"><strong>Anpassung &amp; Unterst\u00fctzung<\/strong><br \/>\nJicTech bietet ma\u00dfgeschneiderte L\u00f6sungen f\u00fcr kleine bis mittlere Chargen, einschlie\u00dflich:<\/p>\n<ul>\n<li>\n<p class=\"ds-markdown-paragraph\">Kundenspezifische Wellenformentwicklung f\u00fcr optimierte Aktualisierungsgeschwindigkeit und Kontrast<\/p>\n<\/li>\n<li>\n<p class=\"ds-markdown-paragraph\">Schnittstellenanpassung (Auswahl des SPI-Modus, Pin-Mapping)<\/p>\n<\/li>\n<li>\n<p class=\"ds-markdown-paragraph\">Integration von Temperatursensoren (intern\/extern)<\/p>\n<\/li>\n<li>\n<p class=\"ds-markdown-paragraph\">Mechanische \u00c4nderungen (FPC-L\u00e4nge, Steckertyp, Befestigungsl\u00f6cher)<\/p>\n<\/li>\n<li>\n<p class=\"ds-markdown-paragraph\">OTP-Programmierung f\u00fcr Modulidentifikation und -kalibrierung<\/p>\n<\/li>\n<li>\n<p class=\"ds-markdown-paragraph\">Umwelth\u00e4rtung f\u00fcr erweiterte Temperatur- oder Feuchtigkeitsbereiche<\/p>\n<\/li>\n<\/ul>\n<p class=\"ds-markdown-paragraph\"><strong>Zuverl\u00e4ssigkeit und Pr\u00fcfung<\/strong><br \/>\nDas Modul wird strengen Umwelt- und Zuverl\u00e4ssigkeitstests unterzogen:<\/p>\n<ul>\n<li>\n<p class=\"ds-markdown-paragraph\">Betrieb und Lagerung bei hohen\/niedrigen Temperaturen<\/p>\n<\/li>\n<li>\n<p class=\"ds-markdown-paragraph\">Temperaturwechsel (-25\u00b0C bis 60\u00b0C)<\/p>\n<\/li>\n<li>\n<p class=\"ds-markdown-paragraph\">Pr\u00fcfung auf hohe Luftfeuchtigkeit (90% RH)<\/p>\n<\/li>\n<li>\n<p class=\"ds-markdown-paragraph\">ESD-Schutz (HBM \u00b14kV Luft, \u00b12kV Kontakt)<\/p>\n<\/li>\n<li>\n<p class=\"ds-markdown-paragraph\">Vibration und Fallbelastung (verpackt)<\/p>\n<\/li>\n<\/ul>\n<p class=\"ds-markdown-paragraph\"><strong>Warum JicTech w\u00e4hlen?<\/strong><br \/>\nMit seinem Fachwissen im Bereich der reflektierenden Display-Technologie liefert JicTech zuverl\u00e4ssige, energieeffiziente E-Paper-Module, die von einem reaktionsschnellen technischen Support unterst\u00fctzt werden. Wir arbeiten eng mit unseren Kunden zusammen, um kundenspezifische Display-L\u00f6sungen zu entwickeln, die spezifische Anforderungen an Stromverbrauch, Schnittstellen und Umweltbedingungen erf\u00fcllen.<\/p>\n<p>&nbsp;<\/p>\n<h2>Laden Sie die technische Dokumentation und die Spezifikationen f\u00fcr dieses Produkt herunter.<\/h2>\n<p>Klicken Sie hier zum Herunterladen\uff1a<a href=\"https:\/\/jiclcd.com\/wp-content\/uploads\/2025\/11\/PULL-SPEC-JS0420MN11-A0_V0.1.pdf\">PULL-SPEC-JS0420MN11-A0_V0.1<\/a><\/p>\n<p>&nbsp;<\/p>","protected":false},"excerpt":{"rendered":"<p>Das 4,2\u2033 E-Paper-Display von JicTech verf\u00fcgt \u00fcber eine kontrastreiche E-Ink-Technologie mit extrem niedrigem Stromverbrauch und hervorragender Lesbarkeit bei hellem Sonnenlicht. Mit flexiblen Schnittstellen und kompaktem Design ist es ideal f\u00fcr Beschilderungen, Regaletiketten im Einzelhandel und IoT-Display-Anwendungen.<\/p>","protected":false},"featured_media":26464,"comment_status":"open","ping_status":"closed","template":"","meta":{"_monsterinsights_skip_tracking":false,"_monsterinsights_sitenote_active":false,"_monsterinsights_sitenote_note":"","_monsterinsights_sitenote_category":0},"product_brand":[],"product_cat":[38],"product_tag":[63],"class_list":{"0":"post-26462","1":"product","2":"type-product","3":"status-publish","4":"has-post-thumbnail","6":"product_cat-e-paper","7":"product_tag-e-paper-4-2-inch-display","9":"first","10":"instock","11":"shipping-taxable","12":"product-type-simple"},"yoast_head":"<!-- This site is optimized with the Yoast SEO plugin v26.4 - https:\/\/yoast.com\/wordpress\/plugins\/seo\/ -->\n<title>4.2-inch E-Paper Display \u2013 High Contrast E Ink Module - Jictech<\/title>\n<meta name=\"description\" content=\"High-contrast 4.2\u2033 E-Paper display with ultra-low power E Ink technology. Excellent readability even in bright sunlight for signage, retail tags, smart shelves, and IoT displays. Request a quote or datasheet today!\" \/>\n<meta name=\"robots\" content=\"index, follow, max-snippet:-1, max-image-preview:large, max-video-preview:-1\" \/>\n<link rel=\"canonical\" href=\"https:\/\/jiclcd.com\/de\/produkt\/e-paper-4-2-inch-display\/\" \/>\n<meta property=\"og:locale\" content=\"de_DE\" \/>\n<meta property=\"og:type\" content=\"article\" \/>\n<meta property=\"og:title\" content=\"4.2-inch E-Paper Display \u2013 High Contrast E Ink Module - Jictech\" \/>\n<meta property=\"og:description\" content=\"High-contrast 4.2\u2033 E-Paper display with ultra-low power E Ink technology. Excellent readability even in bright sunlight for signage, retail tags, smart shelves, and IoT displays. Request a quote or datasheet today!\" \/>\n<meta property=\"og:url\" content=\"https:\/\/jiclcd.com\/de\/produkt\/e-paper-4-2-inch-display\/\" \/>\n<meta property=\"og:site_name\" content=\"Jictech\" \/>\n<meta property=\"article:modified_time\" content=\"2026-03-04T06:08:43+00:00\" \/>\n<meta property=\"og:image\" content=\"https:\/\/jiclcd.com\/wp-content\/uploads\/2025\/11\/4.2-Inch-E-Paper-display-1.png\" \/>\n\t<meta property=\"og:image:width\" content=\"800\" \/>\n\t<meta property=\"og:image:height\" content=\"800\" \/>\n\t<meta property=\"og:image:type\" content=\"image\/png\" \/>\n<meta name=\"twitter:card\" content=\"summary_large_image\" \/>\n<meta name=\"twitter:label1\" content=\"Gesch\u00e4tzte Lesezeit\" \/>\n\t<meta name=\"twitter:data1\" content=\"3\u00a0Minuten\" \/>\n<script type=\"application\/ld+json\" class=\"yoast-schema-graph\">{\"@context\":\"https:\/\/schema.org\",\"@graph\":[{\"@type\":\"WebPage\",\"@id\":\"https:\/\/jiclcd.com\/product\/e-paper-4-2-inch-display\/\",\"url\":\"https:\/\/jiclcd.com\/product\/e-paper-4-2-inch-display\/\",\"name\":\"4.2-inch E-Paper Display \u2013 High Contrast E Ink Module - Jictech\",\"isPartOf\":{\"@id\":\"https:\/\/jiclcd.com\/#website\"},\"primaryImageOfPage\":{\"@id\":\"https:\/\/jiclcd.com\/product\/e-paper-4-2-inch-display\/#primaryimage\"},\"image\":{\"@id\":\"https:\/\/jiclcd.com\/product\/e-paper-4-2-inch-display\/#primaryimage\"},\"thumbnailUrl\":\"https:\/\/jiclcd.com\/wp-content\/uploads\/2025\/11\/4.2-Inch-E-Paper-display-1.png\",\"datePublished\":\"2025-11-26T03:50:33+00:00\",\"dateModified\":\"2026-03-04T06:08:43+00:00\",\"description\":\"High-contrast 4.2\u2033 E-Paper display with ultra-low power E Ink technology. Excellent readability even in bright sunlight for signage, retail tags, smart shelves, and IoT displays. Request a quote or datasheet today!\",\"breadcrumb\":{\"@id\":\"https:\/\/jiclcd.com\/product\/e-paper-4-2-inch-display\/#breadcrumb\"},\"inLanguage\":\"de\",\"potentialAction\":[{\"@type\":\"ReadAction\",\"target\":[\"https:\/\/jiclcd.com\/product\/e-paper-4-2-inch-display\/\"]}]},{\"@type\":\"ImageObject\",\"inLanguage\":\"de\",\"@id\":\"https:\/\/jiclcd.com\/product\/e-paper-4-2-inch-display\/#primaryimage\",\"url\":\"https:\/\/jiclcd.com\/wp-content\/uploads\/2025\/11\/4.2-Inch-E-Paper-display-1.png\",\"contentUrl\":\"https:\/\/jiclcd.com\/wp-content\/uploads\/2025\/11\/4.2-Inch-E-Paper-display-1.png\",\"width\":800,\"height\":800},{\"@type\":\"BreadcrumbList\",\"@id\":\"https:\/\/jiclcd.com\/product\/e-paper-4-2-inch-display\/#breadcrumb\",\"itemListElement\":[{\"@type\":\"ListItem\",\"position\":1,\"name\":\"Home\",\"item\":\"https:\/\/jiclcd.com\/\"},{\"@type\":\"ListItem\",\"position\":2,\"name\":\"Shop\",\"item\":\"https:\/\/jiclcd.com\/?page_id=29487\"},{\"@type\":\"ListItem\",\"position\":3,\"name\":\"4.2-inch E-Paper Display \u2013 High Contrast E Ink Module\"}]},{\"@type\":\"WebSite\",\"@id\":\"https:\/\/jiclcd.com\/#website\",\"url\":\"https:\/\/jiclcd.com\/\",\"name\":\"Industrial Display Manufacturer | TFT LCD, OLED, E-Paper Modules | JicTech\",\"description\":\"High-definition display module manufacturer\",\"publisher\":{\"@id\":\"https:\/\/jiclcd.com\/#organization\"},\"potentialAction\":[{\"@type\":\"SearchAction\",\"target\":{\"@type\":\"EntryPoint\",\"urlTemplate\":\"https:\/\/jiclcd.com\/?s={search_term_string}\"},\"query-input\":{\"@type\":\"PropertyValueSpecification\",\"valueRequired\":true,\"valueName\":\"search_term_string\"}}],\"inLanguage\":\"de\"},{\"@type\":\"Organization\",\"@id\":\"https:\/\/jiclcd.com\/#organization\",\"name\":\"Shenzhen JicTech LCD Co., Ltd.\",\"url\":\"https:\/\/jiclcd.com\/\",\"logo\":{\"@type\":\"ImageObject\",\"inLanguage\":\"de\",\"@id\":\"https:\/\/jiclcd.com\/#\/schema\/logo\/image\/\",\"url\":\"https:\/\/jiclcd.com\/wp-content\/uploads\/2025\/11\/JicTech-LCD-display-logo_85.png.webp\",\"contentUrl\":\"https:\/\/jiclcd.com\/wp-content\/uploads\/2025\/11\/JicTech-LCD-display-logo_85.png.webp\",\"width\":85,\"height\":86,\"caption\":\"Shenzhen JicTech LCD Co., Ltd.\"},\"image\":{\"@id\":\"https:\/\/jiclcd.com\/#\/schema\/logo\/image\/\"}}]}<\/script>\n<!-- \/ Yoast SEO plugin. -->","yoast_head_json":{"title":"4,2-Zoll-E-Paper-Display - Hochkontrast-E-Ink-Modul - Jictech","description":"Kontrastreiches 4,2\"-E-Paper-Display mit stromsparender E-Ink-Technologie. Hervorragende Lesbarkeit auch bei hellem Sonnenlicht f\u00fcr Beschilderungen, Einzelhandelsschilder, intelligente Regale und IoT-Displays. Fordern Sie noch heute ein Angebot oder Datenblatt an!","robots":{"index":"index","follow":"follow","max-snippet":"max-snippet:-1","max-image-preview":"max-image-preview:large","max-video-preview":"max-video-preview:-1"},"canonical":"https:\/\/jiclcd.com\/de\/produkt\/e-paper-4-2-inch-display\/","og_locale":"de_DE","og_type":"article","og_title":"4.2-inch E-Paper Display \u2013 High Contrast E Ink Module - Jictech","og_description":"High-contrast 4.2\u2033 E-Paper display with ultra-low power E Ink technology. Excellent readability even in bright sunlight for signage, retail tags, smart shelves, and IoT displays. Request a quote or datasheet today!","og_url":"https:\/\/jiclcd.com\/de\/produkt\/e-paper-4-2-inch-display\/","og_site_name":"Jictech","article_modified_time":"2026-03-04T06:08:43+00:00","og_image":[{"width":800,"height":800,"url":"https:\/\/jiclcd.com\/wp-content\/uploads\/2025\/11\/4.2-Inch-E-Paper-display-1.png","type":"image\/png"}],"twitter_card":"summary_large_image","twitter_misc":{"Gesch\u00e4tzte Lesezeit":"3\u00a0Minuten"},"schema":{"@context":"https:\/\/schema.org","@graph":[{"@type":"WebPage","@id":"https:\/\/jiclcd.com\/product\/e-paper-4-2-inch-display\/","url":"https:\/\/jiclcd.com\/product\/e-paper-4-2-inch-display\/","name":"4,2-Zoll-E-Paper-Display - Hochkontrast-E-Ink-Modul - Jictech","isPartOf":{"@id":"https:\/\/jiclcd.com\/#website"},"primaryImageOfPage":{"@id":"https:\/\/jiclcd.com\/product\/e-paper-4-2-inch-display\/#primaryimage"},"image":{"@id":"https:\/\/jiclcd.com\/product\/e-paper-4-2-inch-display\/#primaryimage"},"thumbnailUrl":"https:\/\/jiclcd.com\/wp-content\/uploads\/2025\/11\/4.2-Inch-E-Paper-display-1.png","datePublished":"2025-11-26T03:50:33+00:00","dateModified":"2026-03-04T06:08:43+00:00","description":"Kontrastreiches 4,2\"-E-Paper-Display mit stromsparender E-Ink-Technologie. Hervorragende Lesbarkeit auch bei hellem Sonnenlicht f\u00fcr Beschilderungen, Einzelhandelsschilder, intelligente Regale und IoT-Displays. Fordern Sie noch heute ein Angebot oder Datenblatt an!","breadcrumb":{"@id":"https:\/\/jiclcd.com\/product\/e-paper-4-2-inch-display\/#breadcrumb"},"inLanguage":"de","potentialAction":[{"@type":"ReadAction","target":["https:\/\/jiclcd.com\/product\/e-paper-4-2-inch-display\/"]}]},{"@type":"ImageObject","inLanguage":"de","@id":"https:\/\/jiclcd.com\/product\/e-paper-4-2-inch-display\/#primaryimage","url":"https:\/\/jiclcd.com\/wp-content\/uploads\/2025\/11\/4.2-Inch-E-Paper-display-1.png","contentUrl":"https:\/\/jiclcd.com\/wp-content\/uploads\/2025\/11\/4.2-Inch-E-Paper-display-1.png","width":800,"height":800},{"@type":"BreadcrumbList","@id":"https:\/\/jiclcd.com\/product\/e-paper-4-2-inch-display\/#breadcrumb","itemListElement":[{"@type":"ListItem","position":1,"name":"Home","item":"https:\/\/jiclcd.com\/"},{"@type":"ListItem","position":2,"name":"Shop","item":"https:\/\/jiclcd.com\/?page_id=29487"},{"@type":"ListItem","position":3,"name":"4.2-inch E-Paper Display \u2013 High Contrast E Ink Module"}]},{"@type":"WebSite","@id":"https:\/\/jiclcd.com\/#website","url":"https:\/\/jiclcd.com\/","name":"Hersteller industrieller Displays | TFT LCD, OLED, E-Paper Module | JicTech","description":"Hersteller von hochaufl\u00f6senden Anzeigemodulen","publisher":{"@id":"https:\/\/jiclcd.com\/#organization"},"potentialAction":[{"@type":"SearchAction","target":{"@type":"EntryPoint","urlTemplate":"https:\/\/jiclcd.com\/?s={search_term_string}"},"query-input":{"@type":"PropertyValueSpecification","valueRequired":true,"valueName":"search_term_string"}}],"inLanguage":"de"},{"@type":"Organization","@id":"https:\/\/jiclcd.com\/#organization","name":"Shenzhen JicTech LCD Co., Ltd.","url":"https:\/\/jiclcd.com\/","logo":{"@type":"ImageObject","inLanguage":"de","@id":"https:\/\/jiclcd.com\/#\/schema\/logo\/image\/","url":"https:\/\/jiclcd.com\/wp-content\/uploads\/2025\/11\/JicTech-LCD-display-logo_85.png.webp","contentUrl":"https:\/\/jiclcd.com\/wp-content\/uploads\/2025\/11\/JicTech-LCD-display-logo_85.png.webp","width":85,"height":86,"caption":"Shenzhen JicTech LCD Co., Ltd."},"image":{"@id":"https:\/\/jiclcd.com\/#\/schema\/logo\/image\/"}}]}},"_links":{"self":[{"href":"https:\/\/jiclcd.com\/de\/wp-json\/wp\/v2\/product\/26462","targetHints":{"allow":["GET"]}}],"collection":[{"href":"https:\/\/jiclcd.com\/de\/wp-json\/wp\/v2\/product"}],"about":[{"href":"https:\/\/jiclcd.com\/de\/wp-json\/wp\/v2\/types\/product"}],"replies":[{"embeddable":true,"href":"https:\/\/jiclcd.com\/de\/wp-json\/wp\/v2\/comments?post=26462"}],"wp:featuredmedia":[{"embeddable":true,"href":"https:\/\/jiclcd.com\/de\/wp-json\/wp\/v2\/media\/26464"}],"wp:attachment":[{"href":"https:\/\/jiclcd.com\/de\/wp-json\/wp\/v2\/media?parent=26462"}],"wp:term":[{"taxonomy":"product_brand","embeddable":true,"href":"https:\/\/jiclcd.com\/de\/wp-json\/wp\/v2\/product_brand?post=26462"},{"taxonomy":"product_cat","embeddable":true,"href":"https:\/\/jiclcd.com\/de\/wp-json\/wp\/v2\/product_cat?post=26462"},{"taxonomy":"product_tag","embeddable":true,"href":"https:\/\/jiclcd.com\/de\/wp-json\/wp\/v2\/product_tag?post=26462"}],"curies":[{"name":"wp","href":"https:\/\/api.w.org\/{rel}","templated":true}]}}