{"id":26381,"date":"2025-11-25T10:53:52","date_gmt":"2025-11-25T10:53:52","guid":{"rendered":"https:\/\/jiclcd.com\/?post_type=product&#038;p=26381"},"modified":"2026-03-04T02:34:31","modified_gmt":"2026-03-04T02:34:31","slug":"2-7-inch-oled-display-module","status":"publish","type":"product","link":"https:\/\/jiclcd.com\/de\/produkt\/2-7-inch-oled-display-module\/","title":{"rendered":"2,7-Zoll-OLED-Display-Modul - 128\u00d764 Bildschirm mit hohem Kontrast"},"content":{"rendered":"<div class=\"product-content\">\n<figure id=\"attachment_26382\" aria-describedby=\"caption-attachment-26382\" style=\"width: 1169px\" class=\"wp-caption alignnone\"><img fetchpriority=\"high\" decoding=\"async\" class=\"wp-image-26382 size-full\" src=\"https:\/\/jiclcd.com\/wp-content\/uploads\/2025\/11\/Mechanical-Drawing-SPEC-JS270-2864ASWHG03-C30.png.webp\" alt=\"2,7-Zoll-OLED-Display-Modul 128x64 Grafik mit hohem Kontrast\" width=\"1169\" height=\"827\" srcset=\"https:\/\/jiclcd.com\/wp-content\/uploads\/2025\/11\/Mechanical-Drawing-SPEC-JS270-2864ASWHG03-C30.png.webp 1169w, https:\/\/jiclcd.com\/wp-content\/uploads\/2025\/11\/Mechanical-Drawing-SPEC-JS270-2864ASWHG03-C30.png-300x212.webp 300w, https:\/\/jiclcd.com\/wp-content\/uploads\/2025\/11\/Mechanical-Drawing-SPEC-JS270-2864ASWHG03-C30.png-150x106.webp 150w, https:\/\/jiclcd.com\/wp-content\/uploads\/2025\/11\/Mechanical-Drawing-SPEC-JS270-2864ASWHG03-C30.png-768x543.webp 768w, https:\/\/jiclcd.com\/wp-content\/uploads\/2025\/11\/Mechanical-Drawing-SPEC-JS270-2864ASWHG03-C30.png-500x354.webp 500w, https:\/\/jiclcd.com\/wp-content\/uploads\/2025\/11\/Mechanical-Drawing-SPEC-JS270-2864ASWHG03-C30.png-600x424.webp 600w\" sizes=\"(max-width: 1169px) 100vw, 1169px\" \/><figcaption id=\"caption-attachment-26382\" class=\"wp-caption-text\">2,7-Zoll-OLED-Display-Modul 128\u00d764 Grafik mit hohem Kontrast<\/figcaption><\/figure>\n<h2><strong>JicTech 2,7-Zoll 128\u00d764 monochromes OLED-Anzeigemodul (Modell: JS270-2864ASWHG03-C30)<\/strong><\/h2>\n<p><strong>\u00dcbersicht<\/strong><br \/>\nDas JS270-2864ASWHG03-C30 ist ein vielseitiges 2,7-Zoll-Monochrom-OLED-Displaymodul, das einen kompakten Formfaktor mit einem kontrastreichen Display mit gro\u00dfem Betrachtungswinkel kombiniert. Angetrieben durch den SSD1327-Controller und mit Unterst\u00fctzung mehrerer Schnittstellenstandards ist es eine ausgezeichnete Wahl f\u00fcr Embedded-Systeme, die eine klare, zuverl\u00e4ssige und einfach zu integrierende Mensch-Maschine-Schnittstelle ben\u00f6tigen.<\/p>\n<h2 class=\"section-title\">Wesentliche Merkmale<\/h2>\n<ul class=\"feature-list\">\n<li>\n<p class=\"ds-markdown-paragraph\"><strong>Optimale Gr\u00f6\u00dfe und Aufl\u00f6sung:<\/strong>\u00a02,7-Zoll-Diagonale mit einem Standard-Layout von 128 x 64 Pixeln, das ein ausgewogenes Verh\u00e4ltnis von Anzeigefl\u00e4che und Platz auf der Platine bietet.<\/p>\n<\/li>\n<li>\n<p class=\"ds-markdown-paragraph\"><strong>Hervorragende optische Leistung:<\/strong>\u00a0Ein hohes Kontrastverh\u00e4ltnis von 2000:1 und eine typische Helligkeit von 80 cd\/m\u00b2 sorgen f\u00fcr scharfe und klare Sicht.<\/p>\n<\/li>\n<li>\n<p class=\"ds-markdown-paragraph\"><strong>Flexibilit\u00e4t durch zwei Schnittstellen:<\/strong>\u00a0Vom Benutzer w\u00e4hlbar zwischen 8-Bit-Parallelschnittstelle der 80XX-Serie und 4-Draht-SPI f\u00fcr maximale Designkompatibilit\u00e4t.<\/p>\n<\/li>\n<li>\n<p class=\"ds-markdown-paragraph\"><strong>Breiter Betriebsbereich:<\/strong>\u00a0Zuverl\u00e4ssiger Betrieb von -40\u00b0C bis +70\u00b0C, geeignet f\u00fcr anspruchsvolle Umgebungen.<\/p>\n<\/li>\n<li>\n<p class=\"ds-markdown-paragraph\"><strong>Fortgeschrittener Controller:<\/strong>\u00a0Der SSD1327-Treiber-IC erm\u00f6glicht eine effiziente Verwaltung und Steuerung des Displayspeichers.<\/p>\n<\/li>\n<li>\n<p class=\"ds-markdown-paragraph\"><strong>Stromsparendes Design:<\/strong>\u00a0Sehr geringer Stromverbrauch im Ruhezustand f\u00fcr batteriebetriebene Anwendungen.<\/p>\n<\/li>\n<li>\n<p class=\"ds-markdown-paragraph\"><strong>Schlankes Profil:<\/strong>\u00a0Modulst\u00e4rke von nur 2,0 mm f\u00fcr platzbeschr\u00e4nkte Designs.<\/p>\n<\/li>\n<\/ul>\n<h2 class=\"section-title\">Technische Daten<\/h2>\n<h3>Merkmale anzeigen<\/h3>\n<table class=\"spec-table\">\n<tbody>\n<tr>\n<th>Parameter<\/th>\n<th>Spezifikation<\/th>\n<th>Einheit<\/th>\n<\/tr>\n<tr>\n<td>Anzeige Typ<\/td>\n<td>Passive Matrix OLED, einfarbig (wei\u00df)<\/td>\n<td>-<\/td>\n<\/tr>\n<tr>\n<td>Aufl\u00f6sung<\/td>\n<td>128 (H) x 64 (V)<\/td>\n<td>Pixel<\/td>\n<\/tr>\n<tr>\n<td>Aktiver Bereich<\/td>\n<td>61,41 (B) x 30,69 (H)<\/td>\n<td>mm<\/td>\n<\/tr>\n<tr>\n<td>Pixel-Teilung<\/td>\n<td>0.48 x 0.48<\/td>\n<td>mm<\/td>\n<\/tr>\n<tr>\n<td>Kontrastverh\u00e4ltnis<\/td>\n<td>2000 : 1 (Typ.)<\/td>\n<td>-<\/td>\n<\/tr>\n<tr>\n<td>Typische Leuchtdichte<\/td>\n<td>80<\/td>\n<td>cd\/m\u00b2<\/td>\n<\/tr>\n<tr>\n<td>Betrachtungswinkel<\/td>\n<td>160 (Typ.)<\/td>\n<td>Grad<\/td>\n<\/tr>\n<\/tbody>\n<\/table>\n<h3>Elektrische Spezifikationen<\/h3>\n<table class=\"spec-table\">\n<tbody>\n<tr>\n<th>Parameter<\/th>\n<th>Min<\/th>\n<th>Typ<\/th>\n<th>Max<\/th>\n<th>Einheit<\/th>\n<\/tr>\n<tr>\n<td>Logik-Versorgungsspannung (V<sub>CI<\/sub>)<\/td>\n<td>2.6<\/td>\n<td>2.8<\/td>\n<td>3.5<\/td>\n<td>V<\/td>\n<\/tr>\n<tr>\n<td>Panel-Versorgungsspannung (V<sub>CC<\/sub>)<\/td>\n<td>14.5<\/td>\n<td>15.0<\/td>\n<td>15.5<\/td>\n<td>V<\/td>\n<\/tr>\n<tr>\n<td>Betriebsstrom (V<sub>CC<\/sub>)<\/td>\n<td>-<\/td>\n<td>25<\/td>\n<td>30<\/td>\n<td>mA<\/td>\n<\/tr>\n<tr>\n<td>Strom im Schlafmodus<\/td>\n<td>-<\/td>\n<td>2<\/td>\n<td>10<\/td>\n<td>\u03bcA<\/td>\n<\/tr>\n<\/tbody>\n<\/table>\n<h3>Optische Leistung<\/h3>\n<table class=\"spec-table\">\n<tbody>\n<tr>\n<th>Charakteristisch<\/th>\n<th>Min<\/th>\n<th>Typ<\/th>\n<th>Max<\/th>\n<th>Einheit<\/th>\n<\/tr>\n<tr>\n<td>Helligkeit<\/td>\n<td>50<\/td>\n<td>80<\/td>\n<td>-<\/td>\n<td>cd\/m\u00b2<\/td>\n<\/tr>\n<tr>\n<td>Kontrastverh\u00e4ltnis<\/td>\n<td>-<\/td>\n<td>2000:1<\/td>\n<td>-<\/td>\n<td>-<\/td>\n<\/tr>\n<tr>\n<td>Betrachtungswinkel<\/td>\n<td>160<\/td>\n<td>-<\/td>\n<td>-<\/td>\n<td>Grad<\/td>\n<\/tr>\n<\/tbody>\n<\/table>\n<p class=\"ds-markdown-paragraph\"><strong>Anwendungen<\/strong><\/p>\n<ul>\n<li>\n<p class=\"ds-markdown-paragraph\">Tragbare medizinische und diagnostische Ger\u00e4te<\/p>\n<\/li>\n<li>\n<p class=\"ds-markdown-paragraph\">Industrielle Schalttafeln und HMIs<\/p>\n<\/li>\n<li>\n<p class=\"ds-markdown-paragraph\">Handgehaltene Test- und Messger\u00e4te<\/p>\n<\/li>\n<li>\n<p class=\"ds-markdown-paragraph\">Unterhaltungselektronik (Audioger\u00e4te, intelligente Steuerungen)<\/p>\n<\/li>\n<li>\n<p class=\"ds-markdown-paragraph\">Automotive Aftermarket Displays<\/p>\n<\/li>\n<li>\n<p class=\"ds-markdown-paragraph\">IoT-Ger\u00e4te-Benutzerschnittstellen<\/p>\n<\/li>\n<li>\n<p class=\"ds-markdown-paragraph\">Gaming-Zubeh\u00f6r<\/p>\n<\/li>\n<\/ul>\n<p class=\"ds-markdown-paragraph\"><strong>Anpassung &amp; Unterst\u00fctzung<\/strong><br \/>\nJicTech bietet flexible technische Unterst\u00fctzung f\u00fcr Projekte mit geringem bis mittlerem Volumen, um spezifische Anwendungsanforderungen zu erf\u00fcllen:<\/p>\n<ul>\n<li>\n<p class=\"ds-markdown-paragraph\"><strong>Konfiguration der Schnittstelle:<\/strong>\u00a0Voreingestellt auf das vom Kunden bevorzugte Kommunikationsprotokoll (Parallel oder SPI).<\/p>\n<\/li>\n<li>\n<p class=\"ds-markdown-paragraph\"><strong>Firmware-Entwicklung:<\/strong>\u00a0Bereitstellung von optimiertem Initialisierungscode und Treiberbibliotheken.<\/p>\n<\/li>\n<li>\n<p class=\"ds-markdown-paragraph\"><strong>Optische Abstimmung:<\/strong>\u00a0Helligkeitsabstufung und Anpassung der Gleichm\u00e4\u00dfigkeit.<\/p>\n<\/li>\n<li>\n<p class=\"ds-markdown-paragraph\"><strong>Mechanische Anpassung:<\/strong>\u00a0Kundenspezifische FPC-L\u00e4nge, Steckertyp oder Blendendesign.<\/p>\n<\/li>\n<li>\n<p class=\"ds-markdown-paragraph\"><strong>Schutz der Umwelt:<\/strong>\u00a0Aufbringen einer Schutzschicht f\u00fcr Staub- und Feuchtigkeitsbest\u00e4ndigkeit.<\/p>\n<\/li>\n<\/ul>\n<h3>Schl\u00fcsselkontrollstifte<\/h3>\n<table class=\"spec-table\">\n<tbody>\n<tr>\n<th>Stift<\/th>\n<th>Symbol<\/th>\n<th>Funktion<\/th>\n<\/tr>\n<tr>\n<td>16,17<\/td>\n<td>BS0, BS1<\/td>\n<td>Auswahl des Schnittstellenmodus<\/td>\n<\/tr>\n<tr>\n<td>19<\/td>\n<td>CS#<\/td>\n<td>Chip ausw\u00e4hlen<\/td>\n<\/tr>\n<tr>\n<td>20<\/td>\n<td>RES#<\/td>\n<td>Reset-Signal<\/td>\n<\/tr>\n<tr>\n<td>22<\/td>\n<td>IREF<\/td>\n<td>Helligkeitseinstellung (max. 12,5\u03bcA)<\/td>\n<\/tr>\n<\/tbody>\n<\/table>\n<p class=\"ds-markdown-paragraph\"><strong>Zuverl\u00e4ssigkeit und Pr\u00fcfung<\/strong><br \/>\nDieses Modul wird einer umfassenden Reihe von Zuverl\u00e4ssigkeitstests unterzogen, darunter Betrieb und Lagerung bei hohen und niedrigen Temperaturen, Temperaturwechsel und Tests bei feuchter Hitze, um eine zuverl\u00e4ssige Leistung w\u00e4hrend seiner gesamten Lebensdauer zu gew\u00e4hrleisten.<\/p>\n<p class=\"ds-markdown-paragraph\"><strong>Warum JicTech w\u00e4hlen?<\/strong><br \/>\nJicTech hat es sich zur Aufgabe gemacht, qualitativ hochwertige Display-L\u00f6sungen zu liefern, die durch fundiertes technisches Fachwissen und einen reaktionsschnellen Kundenservice unterst\u00fctzt werden. Wir kennen die Integrationsherausforderungen der modernen Elektronik und bieten nicht nur zuverl\u00e4ssige Standardmodule, sondern auch die Flexibilit\u00e4t, unsere Produkte an Ihre individuellen Anforderungen anzupassen. Arbeiten Sie mit uns zusammen, um ein klares, effizientes und robustes Display in Ihr n\u00e4chstes Projekt zu integrieren.<\/p>\n<p>&nbsp;<\/p>\n<\/div>\n<h2>Laden Sie die technische Dokumentation und die Spezifikationen f\u00fcr dieses Produkt herunter.<\/h2>\n<p>Klicken Sie hier zum Herunterladen\uff1a<a href=\"https:\/\/jiclcd.com\/wp-content\/uploads\/2025\/11\/SPEC-JS270-2864ASWHG03-C30-VER-A.pdf\">SPEZIFIKATION JS270-2864ASWHG03-C30 VER A<\/a><\/p>","protected":false},"excerpt":{"rendered":"<p>Das 2,7-Zoll-OLED-Displaymodul von JicTech verf\u00fcgt \u00fcber einen kontrastreichen Bildschirm mit einer Aufl\u00f6sung von 128\u00d764 Pixeln, der eine lebendige Darstellung und einen extrem niedrigen Stromverbrauch bietet. Mit flexiblen SPI\/I2C-Schnittstellen und kompaktem Design ist dieses Grafikdisplay ideal f\u00fcr Wearables, IoT-Ger\u00e4te, eingebettete Systeme und Handheld-Elektronik.<\/p>","protected":false},"featured_media":26383,"comment_status":"open","ping_status":"closed","template":"","meta":{"_monsterinsights_skip_tracking":false,"_monsterinsights_sitenote_active":false,"_monsterinsights_sitenote_note":"","_monsterinsights_sitenote_category":0},"product_brand":[],"product_cat":[36],"product_tag":[50],"class_list":{"0":"post-26381","1":"product","2":"type-product","3":"status-publish","4":"has-post-thumbnail","6":"product_cat-oled","7":"product_tag-2-7-inch-oled-display-module","9":"first","10":"instock","11":"shipping-taxable","12":"product-type-simple"},"yoast_head":"<!-- This site is optimized with the Yoast SEO plugin v26.4 - https:\/\/yoast.com\/wordpress\/plugins\/seo\/ -->\n<title>2.7\u2011inch OLED Display Module \u2013 128\u00d764 High Contrast Screen - Jictech<\/title>\n<meta name=\"description\" content=\"High\u2011contrast 2.7\u2033 OLED display module with 128\u00d764 resolution and vivid visuals. Compact and energy\u2011efficient graphic module ideal for wearables, IoT devices, embedded systems, and handheld electronics. Request a quote or datasheet today!\" \/>\n<meta name=\"robots\" content=\"index, follow, max-snippet:-1, max-image-preview:large, max-video-preview:-1\" \/>\n<link rel=\"canonical\" href=\"https:\/\/jiclcd.com\/de\/produkt\/2-7-inch-oled-display-module\/\" \/>\n<meta property=\"og:locale\" content=\"de_DE\" \/>\n<meta property=\"og:type\" content=\"article\" \/>\n<meta property=\"og:title\" content=\"2.7\u2011inch OLED Display Module \u2013 128\u00d764 High Contrast Screen - Jictech\" \/>\n<meta property=\"og:description\" content=\"High\u2011contrast 2.7\u2033 OLED display module with 128\u00d764 resolution and vivid visuals. Compact and energy\u2011efficient graphic module ideal for wearables, IoT devices, embedded systems, and handheld electronics. Request a quote or datasheet today!\" \/>\n<meta property=\"og:url\" content=\"https:\/\/jiclcd.com\/de\/produkt\/2-7-inch-oled-display-module\/\" \/>\n<meta property=\"og:site_name\" content=\"Jictech\" \/>\n<meta property=\"article:modified_time\" content=\"2026-03-04T02:34:31+00:00\" \/>\n<meta property=\"og:image\" content=\"https:\/\/jiclcd.com\/wp-content\/uploads\/2025\/11\/2.7-inch-OLED-High-Contrast-Industrial-Grade-650x650.png.webp\" \/>\n\t<meta property=\"og:image:width\" content=\"650\" \/>\n\t<meta property=\"og:image:height\" content=\"650\" \/>\n\t<meta property=\"og:image:type\" content=\"image\/webp\" \/>\n<meta name=\"twitter:card\" content=\"summary_large_image\" \/>\n<meta name=\"twitter:label1\" content=\"Gesch\u00e4tzte Lesezeit\" \/>\n\t<meta name=\"twitter:data1\" content=\"3\u00a0Minuten\" \/>\n<script type=\"application\/ld+json\" class=\"yoast-schema-graph\">{\"@context\":\"https:\/\/schema.org\",\"@graph\":[{\"@type\":\"WebPage\",\"@id\":\"https:\/\/jiclcd.com\/product\/2-7-inch-oled-display-module\/\",\"url\":\"https:\/\/jiclcd.com\/product\/2-7-inch-oled-display-module\/\",\"name\":\"2.7\u2011inch OLED Display Module \u2013 128\u00d764 High Contrast Screen - Jictech\",\"isPartOf\":{\"@id\":\"https:\/\/jiclcd.com\/#website\"},\"primaryImageOfPage\":{\"@id\":\"https:\/\/jiclcd.com\/product\/2-7-inch-oled-display-module\/#primaryimage\"},\"image\":{\"@id\":\"https:\/\/jiclcd.com\/product\/2-7-inch-oled-display-module\/#primaryimage\"},\"thumbnailUrl\":\"https:\/\/jiclcd.com\/wp-content\/uploads\/2025\/11\/2.7-inch-OLED-High-Contrast-Industrial-Grade-650x650.png.webp\",\"datePublished\":\"2025-11-25T10:53:52+00:00\",\"dateModified\":\"2026-03-04T02:34:31+00:00\",\"description\":\"High\u2011contrast 2.7\u2033 OLED display module with 128\u00d764 resolution and vivid visuals. Compact and energy\u2011efficient graphic module ideal for wearables, IoT devices, embedded systems, and handheld electronics. Request a quote or datasheet today!\",\"breadcrumb\":{\"@id\":\"https:\/\/jiclcd.com\/product\/2-7-inch-oled-display-module\/#breadcrumb\"},\"inLanguage\":\"de\",\"potentialAction\":[{\"@type\":\"ReadAction\",\"target\":[\"https:\/\/jiclcd.com\/product\/2-7-inch-oled-display-module\/\"]}]},{\"@type\":\"ImageObject\",\"inLanguage\":\"de\",\"@id\":\"https:\/\/jiclcd.com\/product\/2-7-inch-oled-display-module\/#primaryimage\",\"url\":\"https:\/\/jiclcd.com\/wp-content\/uploads\/2025\/11\/2.7-inch-OLED-High-Contrast-Industrial-Grade-650x650.png.webp\",\"contentUrl\":\"https:\/\/jiclcd.com\/wp-content\/uploads\/2025\/11\/2.7-inch-OLED-High-Contrast-Industrial-Grade-650x650.png.webp\",\"width\":650,\"height\":650},{\"@type\":\"BreadcrumbList\",\"@id\":\"https:\/\/jiclcd.com\/product\/2-7-inch-oled-display-module\/#breadcrumb\",\"itemListElement\":[{\"@type\":\"ListItem\",\"position\":1,\"name\":\"Home\",\"item\":\"https:\/\/jiclcd.com\/\"},{\"@type\":\"ListItem\",\"position\":2,\"name\":\"Shop\",\"item\":\"https:\/\/jiclcd.com\/shop\/\"},{\"@type\":\"ListItem\",\"position\":3,\"name\":\"2.7\u2011inch OLED Display Module \u2013 128\u00d764 High Contrast Screen\"}]},{\"@type\":\"WebSite\",\"@id\":\"https:\/\/jiclcd.com\/#website\",\"url\":\"https:\/\/jiclcd.com\/\",\"name\":\"Industrial Display Manufacturer | TFT LCD, OLED, E-Paper Modules | JicTech\",\"description\":\"High-definition display module manufacturer\",\"publisher\":{\"@id\":\"https:\/\/jiclcd.com\/#organization\"},\"potentialAction\":[{\"@type\":\"SearchAction\",\"target\":{\"@type\":\"EntryPoint\",\"urlTemplate\":\"https:\/\/jiclcd.com\/?s={search_term_string}\"},\"query-input\":{\"@type\":\"PropertyValueSpecification\",\"valueRequired\":true,\"valueName\":\"search_term_string\"}}],\"inLanguage\":\"de\"},{\"@type\":\"Organization\",\"@id\":\"https:\/\/jiclcd.com\/#organization\",\"name\":\"Shenzhen JicTech LCD Co., Ltd.\",\"url\":\"https:\/\/jiclcd.com\/\",\"logo\":{\"@type\":\"ImageObject\",\"inLanguage\":\"de\",\"@id\":\"https:\/\/jiclcd.com\/#\/schema\/logo\/image\/\",\"url\":\"https:\/\/jiclcd.com\/wp-content\/uploads\/2025\/11\/JicTech-LCD-display-logo_85.png.webp\",\"contentUrl\":\"https:\/\/jiclcd.com\/wp-content\/uploads\/2025\/11\/JicTech-LCD-display-logo_85.png.webp\",\"width\":85,\"height\":86,\"caption\":\"Shenzhen JicTech LCD Co., Ltd.\"},\"image\":{\"@id\":\"https:\/\/jiclcd.com\/#\/schema\/logo\/image\/\"}}]}<\/script>\n<!-- \/ Yoast SEO plugin. -->","yoast_head_json":{"title":"2,7-Zoll-OLED-Display-Modul - 128\u00d764 hochkontrastreicher Bildschirm - Jictech","description":"Kontrastreiches 2,7\u2033 OLED-Displaymodul mit 128\u00d764 Aufl\u00f6sung und lebendiger Darstellung. Kompaktes und energieeffizientes Grafikmodul, ideal f\u00fcr Wearables, IoT-Ger\u00e4te, eingebettete Systeme und Handheld-Elektronik. Fordern Sie noch heute ein Angebot oder Datenblatt an!","robots":{"index":"index","follow":"follow","max-snippet":"max-snippet:-1","max-image-preview":"max-image-preview:large","max-video-preview":"max-video-preview:-1"},"canonical":"https:\/\/jiclcd.com\/de\/produkt\/2-7-inch-oled-display-module\/","og_locale":"de_DE","og_type":"article","og_title":"2.7\u2011inch OLED Display Module \u2013 128\u00d764 High Contrast Screen - Jictech","og_description":"High\u2011contrast 2.7\u2033 OLED display module with 128\u00d764 resolution and vivid visuals. Compact and energy\u2011efficient graphic module ideal for wearables, IoT devices, embedded systems, and handheld electronics. Request a quote or datasheet today!","og_url":"https:\/\/jiclcd.com\/de\/produkt\/2-7-inch-oled-display-module\/","og_site_name":"Jictech","article_modified_time":"2026-03-04T02:34:31+00:00","og_image":[{"width":650,"height":650,"url":"https:\/\/jiclcd.com\/wp-content\/uploads\/2025\/11\/2.7-inch-OLED-High-Contrast-Industrial-Grade-650x650.png.webp","type":"image\/webp"}],"twitter_card":"summary_large_image","twitter_misc":{"Gesch\u00e4tzte Lesezeit":"3\u00a0Minuten"},"schema":{"@context":"https:\/\/schema.org","@graph":[{"@type":"WebPage","@id":"https:\/\/jiclcd.com\/product\/2-7-inch-oled-display-module\/","url":"https:\/\/jiclcd.com\/product\/2-7-inch-oled-display-module\/","name":"2,7-Zoll-OLED-Display-Modul - 128\u00d764 hochkontrastreicher Bildschirm - Jictech","isPartOf":{"@id":"https:\/\/jiclcd.com\/#website"},"primaryImageOfPage":{"@id":"https:\/\/jiclcd.com\/product\/2-7-inch-oled-display-module\/#primaryimage"},"image":{"@id":"https:\/\/jiclcd.com\/product\/2-7-inch-oled-display-module\/#primaryimage"},"thumbnailUrl":"https:\/\/jiclcd.com\/wp-content\/uploads\/2025\/11\/2.7-inch-OLED-High-Contrast-Industrial-Grade-650x650.png.webp","datePublished":"2025-11-25T10:53:52+00:00","dateModified":"2026-03-04T02:34:31+00:00","description":"Kontrastreiches 2,7\u2033 OLED-Displaymodul mit 128\u00d764 Aufl\u00f6sung und lebendiger Darstellung. Kompaktes und energieeffizientes Grafikmodul, ideal f\u00fcr Wearables, IoT-Ger\u00e4te, eingebettete Systeme und Handheld-Elektronik. Fordern Sie noch heute ein Angebot oder Datenblatt an!","breadcrumb":{"@id":"https:\/\/jiclcd.com\/product\/2-7-inch-oled-display-module\/#breadcrumb"},"inLanguage":"de","potentialAction":[{"@type":"ReadAction","target":["https:\/\/jiclcd.com\/product\/2-7-inch-oled-display-module\/"]}]},{"@type":"ImageObject","inLanguage":"de","@id":"https:\/\/jiclcd.com\/product\/2-7-inch-oled-display-module\/#primaryimage","url":"https:\/\/jiclcd.com\/wp-content\/uploads\/2025\/11\/2.7-inch-OLED-High-Contrast-Industrial-Grade-650x650.png.webp","contentUrl":"https:\/\/jiclcd.com\/wp-content\/uploads\/2025\/11\/2.7-inch-OLED-High-Contrast-Industrial-Grade-650x650.png.webp","width":650,"height":650},{"@type":"BreadcrumbList","@id":"https:\/\/jiclcd.com\/product\/2-7-inch-oled-display-module\/#breadcrumb","itemListElement":[{"@type":"ListItem","position":1,"name":"Home","item":"https:\/\/jiclcd.com\/"},{"@type":"ListItem","position":2,"name":"Shop","item":"https:\/\/jiclcd.com\/shop\/"},{"@type":"ListItem","position":3,"name":"2.7\u2011inch OLED Display Module \u2013 128\u00d764 High Contrast Screen"}]},{"@type":"WebSite","@id":"https:\/\/jiclcd.com\/#website","url":"https:\/\/jiclcd.com\/","name":"Hersteller industrieller Displays | TFT LCD, OLED, E-Paper Module | JicTech","description":"Hersteller von hochaufl\u00f6senden Anzeigemodulen","publisher":{"@id":"https:\/\/jiclcd.com\/#organization"},"potentialAction":[{"@type":"SearchAction","target":{"@type":"EntryPoint","urlTemplate":"https:\/\/jiclcd.com\/?s={search_term_string}"},"query-input":{"@type":"PropertyValueSpecification","valueRequired":true,"valueName":"search_term_string"}}],"inLanguage":"de"},{"@type":"Organization","@id":"https:\/\/jiclcd.com\/#organization","name":"Shenzhen JicTech LCD Co., Ltd.","url":"https:\/\/jiclcd.com\/","logo":{"@type":"ImageObject","inLanguage":"de","@id":"https:\/\/jiclcd.com\/#\/schema\/logo\/image\/","url":"https:\/\/jiclcd.com\/wp-content\/uploads\/2025\/11\/JicTech-LCD-display-logo_85.png.webp","contentUrl":"https:\/\/jiclcd.com\/wp-content\/uploads\/2025\/11\/JicTech-LCD-display-logo_85.png.webp","width":85,"height":86,"caption":"Shenzhen JicTech LCD Co., Ltd."},"image":{"@id":"https:\/\/jiclcd.com\/#\/schema\/logo\/image\/"}}]}},"_links":{"self":[{"href":"https:\/\/jiclcd.com\/de\/wp-json\/wp\/v2\/product\/26381","targetHints":{"allow":["GET"]}}],"collection":[{"href":"https:\/\/jiclcd.com\/de\/wp-json\/wp\/v2\/product"}],"about":[{"href":"https:\/\/jiclcd.com\/de\/wp-json\/wp\/v2\/types\/product"}],"replies":[{"embeddable":true,"href":"https:\/\/jiclcd.com\/de\/wp-json\/wp\/v2\/comments?post=26381"}],"wp:featuredmedia":[{"embeddable":true,"href":"https:\/\/jiclcd.com\/de\/wp-json\/wp\/v2\/media\/26383"}],"wp:attachment":[{"href":"https:\/\/jiclcd.com\/de\/wp-json\/wp\/v2\/media?parent=26381"}],"wp:term":[{"taxonomy":"product_brand","embeddable":true,"href":"https:\/\/jiclcd.com\/de\/wp-json\/wp\/v2\/product_brand?post=26381"},{"taxonomy":"product_cat","embeddable":true,"href":"https:\/\/jiclcd.com\/de\/wp-json\/wp\/v2\/product_cat?post=26381"},{"taxonomy":"product_tag","embeddable":true,"href":"https:\/\/jiclcd.com\/de\/wp-json\/wp\/v2\/product_tag?post=26381"}],"curies":[{"name":"wp","href":"https:\/\/api.w.org\/{rel}","templated":true}]}}